{"id":466,"date":"2023-11-01T16:12:52","date_gmt":"2023-11-01T19:12:52","guid":{"rendered":"https:\/\/utfpr.curitiba.br\/ajudagestao\/?page_id=466"},"modified":"2025-01-30T09:48:19","modified_gmt":"2025-01-30T12:48:19","slug":"gestao-de-reunioes-do-colegiado-e-do-nde","status":"publish","type":"page","link":"https:\/\/utfpr.curitiba.br\/ajudagestao\/?page_id=466","title":{"rendered":"Gest\u00e3o de Reuni\u00f5es do Colegiado e do NDE"},"content":{"rendered":"\n<p>S\u00e3o ao menos 2 reuni\u00f5es por semestre. Sugest\u00e3o de fluxo:<\/p>\n\n\n\n<ul class=\"wp-block-list\">\n<li>Criar um processo SEI do tipo \u201cGeral: An\u00e1lise e Encaminhamento de Documentos\u201d, com o nome \u201cReuni\u00e3o do Colegiado XX\/ANO\u201d.<\/li>\n\n\n\n<li>Fazer convoca\u00e7\u00e3o por e-mail ou via SEI (dentro do processo), informando a pauta prevista e respeitando 3 dias de anteced\u00eancia.<\/li>\n\n\n\n<li>Anexar ao processo quaisquer documentos utilizados na reuni\u00e3o, tais como apresenta\u00e7\u00f5es de slides e regulamentos.<\/li>\n\n\n\n<li>Criar um documento do tipo \u201cAta de Reuni\u00e3o\u201d, preencher e assinar.<\/li>\n\n\n\n<li>Incluir o documento da ata em \u201cBloco de assinatura\u201d e disponibilizar para assinatura do restante do grupo.<\/li>\n\n\n\n<li>Depois que todos assinarem, gerar um PDF da ata com todas as assinaturas e disponibilizar no site do curso.<\/li>\n\n\n\n<li>Sugest\u00e3o: criar um documento de controle de processos.<\/li>\n\n\n\n<li>No processo, clicar em \u201cConcluir Processo\u201d. N\u00e3o \u00e9 necess\u00e1rio encaminhar o processo para outras unidades.<\/li>\n<\/ul>\n\n\n\n<div class=\"wp-block-buttons is-content-justification-center is-layout-flex wp-container-core-buttons-is-layout-16018d1d wp-block-buttons-is-layout-flex\">\n<div class=\"wp-block-button has-custom-width wp-block-button__width-50\"><a class=\"wp-block-button__link has-neve-link-color-background-color has-background has-text-align-center wp-element-button\" href=\"https:\/\/utfpr.curitiba.br\/ajudagestao\/?page_id=469\" style=\"border-radius:8px;padding-top:var(--wp--preset--spacing--40);padding-bottom:var(--wp--preset--spacing--40)\">Colegiado \/ N\u00facleo Docente Estruturante (NDE)<\/a><\/div>\n<\/div>\n\n\n\n<p><\/p>\n","protected":false},"excerpt":{"rendered":"<p>S\u00e3o ao menos 2 reuni\u00f5es por semestre. Sugest\u00e3o de fluxo:<\/p>\n","protected":false},"author":270,"featured_media":0,"parent":0,"menu_order":0,"comment_status":"closed","ping_status":"closed","template":"","meta":{"neve_meta_sidebar":"","neve_meta_container":"","neve_meta_enable_content_width":"","neve_meta_content_width":0,"neve_meta_title_alignment":"","neve_meta_author_avatar":"","neve_post_elements_order":"","neve_meta_disable_header":"","neve_meta_disable_footer":"","neve_meta_disable_title":"","footnotes":""},"class_list":["post-466","page","type-page","status-publish","hentry"],"_links":{"self":[{"href":"https:\/\/utfpr.curitiba.br\/ajudagestao\/index.php?rest_route=\/wp\/v2\/pages\/466","targetHints":{"allow":["GET"]}}],"collection":[{"href":"https:\/\/utfpr.curitiba.br\/ajudagestao\/index.php?rest_route=\/wp\/v2\/pages"}],"about":[{"href":"https:\/\/utfpr.curitiba.br\/ajudagestao\/index.php?rest_route=\/wp\/v2\/types\/page"}],"author":[{"embeddable":true,"href":"https:\/\/utfpr.curitiba.br\/ajudagestao\/index.php?rest_route=\/wp\/v2\/users\/270"}],"replies":[{"embeddable":true,"href":"https:\/\/utfpr.curitiba.br\/ajudagestao\/index.php?rest_route=%2Fwp%2Fv2%2Fcomments&post=466"}],"version-history":[{"count":5,"href":"https:\/\/utfpr.curitiba.br\/ajudagestao\/index.php?rest_route=\/wp\/v2\/pages\/466\/revisions"}],"predecessor-version":[{"id":1611,"href":"https:\/\/utfpr.curitiba.br\/ajudagestao\/index.php?rest_route=\/wp\/v2\/pages\/466\/revisions\/1611"}],"wp:attachment":[{"href":"https:\/\/utfpr.curitiba.br\/ajudagestao\/index.php?rest_route=%2Fwp%2Fv2%2Fmedia&parent=466"}],"curies":[{"name":"wp","href":"https:\/\/api.w.org\/{rel}","templated":true}]}}