{"id":463,"date":"2023-11-01T16:12:04","date_gmt":"2023-11-01T19:12:04","guid":{"rendered":"https:\/\/utfpr.curitiba.br\/ajudagestao\/?page_id=463"},"modified":"2025-02-03T09:45:35","modified_gmt":"2025-02-03T12:45:35","slug":"cadastro-de-usuario-externo-no-sei","status":"publish","type":"page","link":"https:\/\/utfpr.curitiba.br\/ajudagestao\/?page_id=463","title":{"rendered":"Cadastro de Usu\u00e1rio Externo no SEI"},"content":{"rendered":"\n<p>Utilizado para cadastrar usu\u00e1rios que n\u00e3o sejam servidores da UTFPR. Por exemplo, professores de outras institui\u00e7\u00f5es, discentes em est\u00e1gios internos, bolsistas de projetos ou participantes de colegiados e conselhos, entre outros.  <\/p>\n\n\n\n<p class=\"has-nv-c-2-color has-text-color has-link-color has-medium-font-size wp-elements-2a5a90f766f01f14edbcca6d75068151\"><strong>Processo<\/strong><\/p>\n\n\n\n<ul class=\"wp-block-list\">\n<li>Conferir a base de conhecimento &#8220;Geral: Cadastro de Usu\u00e1rio Externo no SEI&#8221;, pois qualquer atualiza\u00e7\u00e3o do processo estar\u00e1 descrito no SEI. <\/li>\n\n\n\n<li>Criar um processo do tipo \u201cGeral: Cadastro de Usu\u00e1rio Externo no SEI\u201d.<\/li>\n\n\n\n<li>Seguir os passos da base de conhecimento associada.<\/li>\n<\/ul>\n\n\n\n<p class=\"has-neve-text-color-color has-text-color has-link-color wp-elements-331eae09689dd0cf3d2de0d3720abd46\">\u00c9 responsabilidade da \u00e1rea interessada o uso adequado da funcionalidade &#8220;Cadastro de Usu\u00e1rio Externo&#8221; no SEI. Em caso de d\u00favida, fa\u00e7a contato com o\u00a0<a href=\"https:\/\/ajuda.utfpr.edu.br\/pt-br\/servicos_eproc\/orientacao_facilitadores\/facilitadores\">Facilitador SEI<\/a>.<\/p>\n\n\n\n<p><\/p>\n","protected":false},"excerpt":{"rendered":"<p>Utilizado para cadastrar usu\u00e1rios que n\u00e3o sejam servidores da UTFPR. Por exemplo, professores de outras institui\u00e7\u00f5es, discentes em est\u00e1gios internos, bolsistas de projetos ou participantes de colegiados e conselhos, entre outros. Processo \u00c9 responsabilidade da \u00e1rea interessada o uso adequado da funcionalidade &#8220;Cadastro de Usu\u00e1rio Externo&#8221; no SEI. Em caso de d\u00favida, fa\u00e7a contato com&hellip;&nbsp;<a href=\"https:\/\/utfpr.curitiba.br\/ajudagestao\/?page_id=463\" rel=\"bookmark\">Continue a ler &raquo;<span class=\"screen-reader-text\">Cadastro de Usu\u00e1rio Externo no SEI<\/span><\/a><\/p>\n","protected":false},"author":270,"featured_media":0,"parent":0,"menu_order":0,"comment_status":"closed","ping_status":"closed","template":"","meta":{"neve_meta_sidebar":"","neve_meta_container":"","neve_meta_enable_content_width":"","neve_meta_content_width":0,"neve_meta_title_alignment":"","neve_meta_author_avatar":"","neve_post_elements_order":"","neve_meta_disable_header":"","neve_meta_disable_footer":"","neve_meta_disable_title":"","footnotes":""},"class_list":["post-463","page","type-page","status-publish","hentry"],"_links":{"self":[{"href":"https:\/\/utfpr.curitiba.br\/ajudagestao\/index.php?rest_route=\/wp\/v2\/pages\/463","targetHints":{"allow":["GET"]}}],"collection":[{"href":"https:\/\/utfpr.curitiba.br\/ajudagestao\/index.php?rest_route=\/wp\/v2\/pages"}],"about":[{"href":"https:\/\/utfpr.curitiba.br\/ajudagestao\/index.php?rest_route=\/wp\/v2\/types\/page"}],"author":[{"embeddable":true,"href":"https:\/\/utfpr.curitiba.br\/ajudagestao\/index.php?rest_route=\/wp\/v2\/users\/270"}],"replies":[{"embeddable":true,"href":"https:\/\/utfpr.curitiba.br\/ajudagestao\/index.php?rest_route=%2Fwp%2Fv2%2Fcomments&post=463"}],"version-history":[{"count":8,"href":"https:\/\/utfpr.curitiba.br\/ajudagestao\/index.php?rest_route=\/wp\/v2\/pages\/463\/revisions"}],"predecessor-version":[{"id":1734,"href":"https:\/\/utfpr.curitiba.br\/ajudagestao\/index.php?rest_route=\/wp\/v2\/pages\/463\/revisions\/1734"}],"wp:attachment":[{"href":"https:\/\/utfpr.curitiba.br\/ajudagestao\/index.php?rest_route=%2Fwp%2Fv2%2Fmedia&parent=463"}],"curies":[{"name":"wp","href":"https:\/\/api.w.org\/{rel}","templated":true}]}}