{"id":449,"date":"2023-11-01T15:47:22","date_gmt":"2023-11-01T18:47:22","guid":{"rendered":"https:\/\/utfpr.curitiba.br\/ajudagestao\/?page_id=449"},"modified":"2025-01-30T11:48:40","modified_gmt":"2025-01-30T14:48:40","slug":"registro-de-eventos-do-curso-como-atividades-de-extensao","status":"publish","type":"page","link":"https:\/\/utfpr.curitiba.br\/ajudagestao\/?page_id=449","title":{"rendered":"Eventos \/ Registro como Atividade de Extens\u00e3o"},"content":{"rendered":"\n<p>O procedimento \u00e9 realizado pelo docente, sem nenhuma distin\u00e7\u00e3o devido ao cargo de coordena\u00e7\u00e3o. Em Sistemas Corporativos &gt; SAP(Extens\u00e3o) &gt; SAP &#8211; Coordenador:<\/p>\n\n\n\n<ul class=\"wp-block-list\">\n<li>Criar proposta, preencher e enviar para avalia\u00e7\u00e3o;<\/li>\n\n\n\n<li>Seguir procedimentos do DEPEX para emiss\u00e3o de declara\u00e7\u00f5es de participa\u00e7\u00e3o ap\u00f3s o evento.<\/li>\n<\/ul>\n\n\n\n<p class=\"has-neve-text-color-color has-text-color has-link-color wp-elements-6b29684b65f4dedede2253185860c25a\">Consulta a declara\u00e7\u00f5es j\u00e1 geradas: <a href=\"http:\/\/apl.utfpr.edu.br\/extensao\/listaPublica\">http:\/\/apl.utfpr.edu.br\/extensao\/listaPublica<\/a>. Neste site (p\u00fablico) \u00e9 poss\u00edvel reemitir qualquer declara\u00e7\u00e3o j\u00e1 feita pelo sistema de extens\u00e3o.<\/p>\n\n\n\n<div class=\"wp-block-buttons is-content-justification-center is-layout-flex wp-container-core-buttons-is-layout-16018d1d wp-block-buttons-is-layout-flex\">\n<div class=\"wp-block-button has-custom-width wp-block-button__width-75 has-custom-font-size has-small-font-size\"><a class=\"wp-block-button__link has-neve-link-color-background-color has-background has-text-align-center wp-element-button\" href=\"https:\/\/utfpr.curitiba.br\/ajudagestao\/?page_id=420\" style=\"border-radius:9px;padding-top:var(--wp--preset--spacing--40);padding-bottom:var(--wp--preset--spacing--40)\">Eventos \/ Produ\u00e7\u00e3o<\/a><\/div>\n<\/div>\n\n\n\n<p><\/p>\n","protected":false},"excerpt":{"rendered":"<p>O procedimento \u00e9 realizado pelo docente, sem nenhuma distin\u00e7\u00e3o devido ao cargo de coordena\u00e7\u00e3o. Em Sistemas Corporativos &gt; SAP(Extens\u00e3o) &gt; SAP &#8211; Coordenador: Consulta a declara\u00e7\u00f5es j\u00e1 geradas: http:\/\/apl.utfpr.edu.br\/extensao\/listaPublica. Neste site (p\u00fablico) \u00e9 poss\u00edvel reemitir qualquer declara\u00e7\u00e3o j\u00e1 feita pelo sistema de extens\u00e3o.<\/p>\n","protected":false},"author":270,"featured_media":0,"parent":0,"menu_order":0,"comment_status":"closed","ping_status":"closed","template":"","meta":{"neve_meta_sidebar":"","neve_meta_container":"","neve_meta_enable_content_width":"","neve_meta_content_width":0,"neve_meta_title_alignment":"","neve_meta_author_avatar":"","neve_post_elements_order":"","neve_meta_disable_header":"","neve_meta_disable_footer":"","neve_meta_disable_title":"","footnotes":""},"class_list":["post-449","page","type-page","status-publish","hentry"],"_links":{"self":[{"href":"https:\/\/utfpr.curitiba.br\/ajudagestao\/index.php?rest_route=\/wp\/v2\/pages\/449","targetHints":{"allow":["GET"]}}],"collection":[{"href":"https:\/\/utfpr.curitiba.br\/ajudagestao\/index.php?rest_route=\/wp\/v2\/pages"}],"about":[{"href":"https:\/\/utfpr.curitiba.br\/ajudagestao\/index.php?rest_route=\/wp\/v2\/types\/page"}],"author":[{"embeddable":true,"href":"https:\/\/utfpr.curitiba.br\/ajudagestao\/index.php?rest_route=\/wp\/v2\/users\/270"}],"replies":[{"embeddable":true,"href":"https:\/\/utfpr.curitiba.br\/ajudagestao\/index.php?rest_route=%2Fwp%2Fv2%2Fcomments&post=449"}],"version-history":[{"count":7,"href":"https:\/\/utfpr.curitiba.br\/ajudagestao\/index.php?rest_route=\/wp\/v2\/pages\/449\/revisions"}],"predecessor-version":[{"id":1663,"href":"https:\/\/utfpr.curitiba.br\/ajudagestao\/index.php?rest_route=\/wp\/v2\/pages\/449\/revisions\/1663"}],"wp:attachment":[{"href":"https:\/\/utfpr.curitiba.br\/ajudagestao\/index.php?rest_route=%2Fwp%2Fv2%2Fmedia&parent=449"}],"curies":[{"name":"wp","href":"https:\/\/api.w.org\/{rel}","templated":true}]}}