{"id":437,"date":"2023-11-01T14:41:24","date_gmt":"2023-11-01T17:41:24","guid":{"rendered":"https:\/\/utfpr.curitiba.br\/ajudagestao\/?page_id=437"},"modified":"2025-01-30T09:26:10","modified_gmt":"2025-01-30T12:26:10","slug":"site-do-curso","status":"publish","type":"page","link":"https:\/\/utfpr.curitiba.br\/ajudagestao\/?page_id=437","title":{"rendered":"Atualiza\u00e7\u00e3o dos Sites dos Cursos"},"content":{"rendered":"\n<p>Para a atualiza\u00e7\u00e3o do site do curso, \u00e9 necess\u00e1rio:<\/p>\n\n\n\n<ul class=\"wp-block-list\">\n<li>Acessar <a href=\"http:\/\/portal.utfpr.edu.br\/login\"><mark style=\"background-color:var(--nv-site-bg)\" class=\"has-inline-color has-neve-link-hover-color-color\">portal.utfpr.edu.br\/login<\/mark><\/a> e autenticar (mesmo usu\u00e1rio\/senha do e-mail da COEME-CT)<\/li>\n\n\n\n<li>Navegar diretamente at\u00e9 o site do curso ou acessar o Portal da UTFPR &gt; Cursos &gt; Gradua\u00e7\u00e3o &gt; (nome do curso)<\/li>\n\n\n\n<li>Para editar, mudar o site para \u201chttps\u201d (seguro). \u00c0s vezes \u00e9 necess\u00e1rio mudar manualmente na URL da p\u00e1gina<\/li>\n\n\n\n<li>Entrar em cada uma das categorias e fazer as altera\u00e7\u00f5es necess\u00e1rias, que ser\u00e3o refletidas na p\u00e1gina inicial<\/li>\n<\/ul>\n\n\n\n<hr class=\"wp-block-separator has-text-color has-nv-light-bg-color has-alpha-channel-opacity has-nv-light-bg-background-color has-background\" \/>\n\n\n\n<p>Solicita\u00e7\u00f5es especiais de mudan\u00e7as no site devem ser feitas pelo sistema de chamados da DIRGTI (<a href=\"http:\/\/suporte.utfpr.edu.br\/servidores\/\"><mark style=\"background-color:var(--nv-site-bg)\" class=\"has-inline-color has-neve-link-hover-color-color\">http:\/\/suporte.utfpr.edu.br\/servidores\/<\/mark><\/a>)<\/p>\n\n\n\n<p>Consultar o Manual de Gest\u00e3o do Conte\u00fado do Portal da UTFPR &#8211; Coordena\u00e7\u00f5es de Gradua\u00e7\u00f5es:<br><a href=\"https:\/\/portal.utfpr.edu.br\/servidores\/login\/tutoriais\/manual-dos-cursos-de-graduacao.pdf\"><mark style=\"background-color:var(--nv-site-bg)\" class=\"has-inline-color has-neve-link-hover-color-color\">https:\/\/portal.utfpr.edu.br\/servidores\/login\/tutoriais\/manual-dos-cursos-de-graduacao.pdf<\/mark><\/a><\/p>\n\n\n\n<hr class=\"wp-block-separator has-text-color has-nv-light-bg-color has-alpha-channel-opacity has-nv-light-bg-background-color has-background\" \/>\n\n\n\n<p class=\"has-nv-c-2-color has-text-color has-link-color has-medium-font-size wp-elements-3af374836c8b5140999ae00a02315f20\"><strong>Paginas \u00fateis<\/strong><\/p>\n\n\n\n<p class=\"has-text-align-center has-neve-link-color-color has-nv-light-bg-background-color has-text-color has-background has-link-color has-medium-font-size wp-elements-787a26869a9f00dc959cd95e9fe69a41\"><a href=\"https:\/\/suporte.utfpr.edu.br\/servidores\/\" data-type=\"link\" data-id=\"https:\/\/suporte.utfpr.edu.br\/servidores\/\">Portal TI<\/a><\/p>\n","protected":false},"excerpt":{"rendered":"<p>Para a atualiza\u00e7\u00e3o do site do curso, \u00e9 necess\u00e1rio: Solicita\u00e7\u00f5es especiais de mudan\u00e7as no site devem ser feitas pelo sistema de chamados da DIRGTI (http:\/\/suporte.utfpr.edu.br\/servidores\/) Consultar o Manual de Gest\u00e3o do Conte\u00fado do Portal da UTFPR &#8211; Coordena\u00e7\u00f5es de Gradua\u00e7\u00f5es:https:\/\/portal.utfpr.edu.br\/servidores\/login\/tutoriais\/manual-dos-cursos-de-graduacao.pdf Paginas \u00fateis Portal TI<\/p>\n","protected":false},"author":270,"featured_media":0,"parent":0,"menu_order":0,"comment_status":"closed","ping_status":"closed","template":"","meta":{"neve_meta_sidebar":"","neve_meta_container":"","neve_meta_enable_content_width":"","neve_meta_content_width":0,"neve_meta_title_alignment":"","neve_meta_author_avatar":"","neve_post_elements_order":"","neve_meta_disable_header":"","neve_meta_disable_footer":"","neve_meta_disable_title":"","footnotes":""},"class_list":["post-437","page","type-page","status-publish","hentry"],"_links":{"self":[{"href":"https:\/\/utfpr.curitiba.br\/ajudagestao\/index.php?rest_route=\/wp\/v2\/pages\/437","targetHints":{"allow":["GET"]}}],"collection":[{"href":"https:\/\/utfpr.curitiba.br\/ajudagestao\/index.php?rest_route=\/wp\/v2\/pages"}],"about":[{"href":"https:\/\/utfpr.curitiba.br\/ajudagestao\/index.php?rest_route=\/wp\/v2\/types\/page"}],"author":[{"embeddable":true,"href":"https:\/\/utfpr.curitiba.br\/ajudagestao\/index.php?rest_route=\/wp\/v2\/users\/270"}],"replies":[{"embeddable":true,"href":"https:\/\/utfpr.curitiba.br\/ajudagestao\/index.php?rest_route=%2Fwp%2Fv2%2Fcomments&post=437"}],"version-history":[{"count":17,"href":"https:\/\/utfpr.curitiba.br\/ajudagestao\/index.php?rest_route=\/wp\/v2\/pages\/437\/revisions"}],"predecessor-version":[{"id":1596,"href":"https:\/\/utfpr.curitiba.br\/ajudagestao\/index.php?rest_route=\/wp\/v2\/pages\/437\/revisions\/1596"}],"wp:attachment":[{"href":"https:\/\/utfpr.curitiba.br\/ajudagestao\/index.php?rest_route=%2Fwp%2Fv2%2Fmedia&parent=437"}],"curies":[{"name":"wp","href":"https:\/\/api.w.org\/{rel}","templated":true}]}}