{"id":434,"date":"2023-11-01T14:40:43","date_gmt":"2023-11-01T17:40:43","guid":{"rendered":"https:\/\/utfpr.curitiba.br\/ajudagestao\/?page_id=434"},"modified":"2025-01-30T09:23:36","modified_gmt":"2025-01-30T12:23:36","slug":"comunicacao-com-o-corpo-discente","status":"publish","type":"page","link":"https:\/\/utfpr.curitiba.br\/ajudagestao\/?page_id=434","title":{"rendered":"Comunica\u00e7\u00e3o da Coordena\u00e7\u00e3o com Discentes"},"content":{"rendered":"\n<p>Para a comunica\u00e7\u00e3o com o corpo discente h\u00e1 dois meios utilizados:<\/p>\n\n\n\n<ul class=\"wp-block-list\">\n<li><strong>Oficiais<\/strong>: e-mail da coordena\u00e7\u00e3o e envio de e-mail via Sistema Acad\u00eamico<\/li>\n\n\n\n<li><strong>Outros meios<\/strong> <strong>n\u00e3o oficiais: <\/strong>WhatsApp, Discord etc.<\/li>\n<\/ul>\n\n\n\n<hr class=\"wp-block-separator has-text-color has-nv-light-bg-color has-alpha-channel-opacity has-nv-light-bg-background-color has-background\" \/>\n\n\n\n<p class=\"has-nv-c-2-color has-text-color has-link-color has-medium-font-size wp-elements-489d4d3c70558bfe3683d7883d6811d7\"><strong>Avisos importantes e boas pr\u00e1ticas<\/strong><\/p>\n\n\n\n<ul class=\"wp-block-list\">\n<li>Refor\u00e7ar avisos sobre o processo de matr\u00edcula a cada nova etapa<\/li>\n\n\n\n<li>Organizar avisos de in\u00edcio de semestre com lembretes sobre prazos de calend\u00e1rio (exames de sufici\u00eancia, cancelamento de disciplinas etc.) e como realizar os requerimentos no DERAC<\/li>\n\n\n\n<li>Lembrar sobre a avalia\u00e7\u00e3o do docente pelo discente<\/li>\n\n\n\n<li>Estreitar a rela\u00e7\u00e3o com estudantes em risco de jubilamento<\/li>\n\n\n\n<li>Estreitar a rela\u00e7\u00e3o com os formandos para agilizar a conclus\u00e3o<\/li>\n<\/ul>\n\n\n\n<hr class=\"wp-block-separator has-text-color has-nv-light-bg-color has-alpha-channel-opacity has-nv-light-bg-background-color has-background is-style-default\" \/>\n\n\n\n<p class=\"has-nv-c-2-color has-text-color has-medium-font-size\"><strong>Paginas \u00fateis<\/strong><\/p>\n\n\n\n<p class=\"has-text-align-center has-nv-light-bg-background-color has-background\"><a href=\"https:\/\/webmail.utfpr.edu.br\/\" data-type=\"link\" data-id=\"https:\/\/webmail.utfpr.edu.br\/\">Webmail<\/a><\/p>\n","protected":false},"excerpt":{"rendered":"<p>Para a comunica\u00e7\u00e3o com o corpo discente h\u00e1 dois meios utilizados: Avisos importantes e boas pr\u00e1ticas Paginas \u00fateis Webmail<\/p>\n","protected":false},"author":270,"featured_media":0,"parent":0,"menu_order":0,"comment_status":"closed","ping_status":"closed","template":"","meta":{"neve_meta_sidebar":"","neve_meta_container":"","neve_meta_enable_content_width":"","neve_meta_content_width":0,"neve_meta_title_alignment":"","neve_meta_author_avatar":"","neve_post_elements_order":"","neve_meta_disable_header":"","neve_meta_disable_footer":"","neve_meta_disable_title":"","footnotes":""},"class_list":["post-434","page","type-page","status-publish","hentry"],"_links":{"self":[{"href":"https:\/\/utfpr.curitiba.br\/ajudagestao\/index.php?rest_route=\/wp\/v2\/pages\/434","targetHints":{"allow":["GET"]}}],"collection":[{"href":"https:\/\/utfpr.curitiba.br\/ajudagestao\/index.php?rest_route=\/wp\/v2\/pages"}],"about":[{"href":"https:\/\/utfpr.curitiba.br\/ajudagestao\/index.php?rest_route=\/wp\/v2\/types\/page"}],"author":[{"embeddable":true,"href":"https:\/\/utfpr.curitiba.br\/ajudagestao\/index.php?rest_route=\/wp\/v2\/users\/270"}],"replies":[{"embeddable":true,"href":"https:\/\/utfpr.curitiba.br\/ajudagestao\/index.php?rest_route=%2Fwp%2Fv2%2Fcomments&post=434"}],"version-history":[{"count":11,"href":"https:\/\/utfpr.curitiba.br\/ajudagestao\/index.php?rest_route=\/wp\/v2\/pages\/434\/revisions"}],"predecessor-version":[{"id":1593,"href":"https:\/\/utfpr.curitiba.br\/ajudagestao\/index.php?rest_route=\/wp\/v2\/pages\/434\/revisions\/1593"}],"wp:attachment":[{"href":"https:\/\/utfpr.curitiba.br\/ajudagestao\/index.php?rest_route=%2Fwp%2Fv2%2Fmedia&parent=434"}],"curies":[{"name":"wp","href":"https:\/\/api.w.org\/{rel}","templated":true}]}}