{"id":425,"date":"2023-11-01T14:21:45","date_gmt":"2023-11-01T17:21:45","guid":{"rendered":"https:\/\/utfpr.curitiba.br\/ajudagestao\/?page_id=425"},"modified":"2025-01-30T09:46:36","modified_gmt":"2025-01-30T12:46:36","slug":"gestao-de-processos-no-sei","status":"publish","type":"page","link":"https:\/\/utfpr.curitiba.br\/ajudagestao\/?page_id=425","title":{"rendered":"Gest\u00e3o de Processos no SEI"},"content":{"rendered":"\n<p>Todos os cursos possuem uma unidade no SEI. Os tr\u00e2mites que n\u00e3o ocorrem via Sistema Acad\u00eamico ou DERAC, geralmente s\u00e3o realizados nesta plataforma, como por exemplo:<\/p>\n\n\n\n<ul class=\"wp-block-list\">\n<li>Elabora\u00e7\u00e3o de atas de reuni\u00f5es do Colegiado e do NDE<\/li>\n\n\n\n<li>Orienta\u00e7\u00f5es do NUAPE<\/li>\n\n\n\n<li>Documenta\u00e7\u00e3o do TCC (na unidade do curso)<\/li>\n\n\n\n<li>Documenta\u00e7\u00e3o de Est\u00e1gio (em unidade exclusiva para os est\u00e1gios)<\/li>\n<\/ul>\n\n\n\n<p class=\"has-neve-text-color-color has-text-color has-link-color wp-elements-d0a565fec9cd62aea718a3dd4ba97465\">Para d\u00favidas referentes a utiliza\u00e7\u00e3o do SEI!, entrar em contato com (email..), ou utilizar os materiais did\u00e1ticos disponibilizados no <a href=\"https:\/\/sophia.ct.utfpr.edu.br\/enrol\/index.php?id=13\" data-type=\"URL\" data-id=\"https:\/\/sophia.ct.utfpr.edu.br\/enrol\/index.php?id=13\" target=\"_blank\" rel=\"noreferrer noopener\">Portal Sophia<\/a>.<\/p>\n\n\n\n<hr class=\"wp-block-separator has-text-color has-nv-light-bg-color has-alpha-channel-opacity has-nv-light-bg-background-color has-background\" \/>\n\n\n\n<div class=\"wp-block-buttons is-content-justification-center is-layout-flex wp-container-core-buttons-is-layout-16018d1d wp-block-buttons-is-layout-flex\">\n<div class=\"wp-block-button has-custom-width wp-block-button__width-50\"><a class=\"wp-block-button__link has-neve-link-color-background-color has-background wp-element-button\" href=\"https:\/\/utfpr.curitiba.br\/ajudagestao\/cadastro-de-usuario-externo-no-sei\/\" style=\"border-radius:11px;padding-top:var(--wp--preset--spacing--40);padding-bottom:var(--wp--preset--spacing--40)\">Cadastro de usu\u00e1rio externo<\/a><\/div>\n\n\n\n<div class=\"wp-block-button has-custom-width wp-block-button__width-50\"><a class=\"wp-block-button__link has-neve-link-color-background-color has-background wp-element-button\" href=\"https:\/\/utfpr.curitiba.br\/ajudagestao\/gestao-de-reunioes-do-colegiado-e-do-nde\/\" style=\"border-radius:11px;padding-top:var(--wp--preset--spacing--40);padding-bottom:var(--wp--preset--spacing--40)\">Gest\u00e3o de reuni\u00f5es (Colegiado\/NDE)<\/a><\/div>\n<\/div>\n\n\n\n<hr class=\"wp-block-separator has-text-color has-nv-light-bg-color has-alpha-channel-opacity has-nv-light-bg-background-color has-background\" \/>\n\n\n\n<p class=\"has-nv-c-2-color has-text-color has-medium-font-size\"><strong>Paginas \u00fateis<\/strong><\/p>\n\n\n\n<p class=\"has-text-align-center has-nv-light-bg-background-color has-background\"><a rel=\"noreferrer noopener\" href=\"https:\/\/sophia.ct.utfpr.edu.br\/enrol\/index.php?id=13\" data-type=\"URL\" data-id=\"https:\/\/sophia.ct.utfpr.edu.br\/enrol\/index.php?id=13\" target=\"_blank\">Portal Sophia<\/a>  |  <a href=\"https:\/\/sei.utfpr.edu.br\/sip\/login.php?sigla_orgao_sistema=UTFPR&amp;sigla_sistema=SEI&amp;infra_url=L3NlaS8=\" data-type=\"URL\" data-id=\"https:\/\/sei.utfpr.edu.br\/sip\/login.php?sigla_orgao_sistema=UTFPR&amp;sigla_sistema=SEI&amp;infra_url=L3NlaS8=\" target=\"_blank\" rel=\"noreferrer noopener\">SEI!<\/a><\/p>\n","protected":false},"excerpt":{"rendered":"<p>Todos os cursos possuem uma unidade no SEI. Os tr\u00e2mites que n\u00e3o ocorrem via Sistema Acad\u00eamico ou DERAC, geralmente s\u00e3o realizados nesta plataforma, como por exemplo: Para d\u00favidas referentes a utiliza\u00e7\u00e3o do SEI!, entrar em contato com (email..), ou utilizar os materiais did\u00e1ticos disponibilizados no Portal Sophia. Paginas \u00fateis Portal Sophia | SEI!<\/p>\n","protected":false},"author":270,"featured_media":0,"parent":0,"menu_order":0,"comment_status":"closed","ping_status":"closed","template":"","meta":{"neve_meta_sidebar":"","neve_meta_container":"","neve_meta_enable_content_width":"","neve_meta_content_width":0,"neve_meta_title_alignment":"","neve_meta_author_avatar":"","neve_post_elements_order":"","neve_meta_disable_header":"","neve_meta_disable_footer":"","neve_meta_disable_title":"","footnotes":""},"class_list":["post-425","page","type-page","status-publish","hentry"],"_links":{"self":[{"href":"https:\/\/utfpr.curitiba.br\/ajudagestao\/index.php?rest_route=\/wp\/v2\/pages\/425","targetHints":{"allow":["GET"]}}],"collection":[{"href":"https:\/\/utfpr.curitiba.br\/ajudagestao\/index.php?rest_route=\/wp\/v2\/pages"}],"about":[{"href":"https:\/\/utfpr.curitiba.br\/ajudagestao\/index.php?rest_route=\/wp\/v2\/types\/page"}],"author":[{"embeddable":true,"href":"https:\/\/utfpr.curitiba.br\/ajudagestao\/index.php?rest_route=\/wp\/v2\/users\/270"}],"replies":[{"embeddable":true,"href":"https:\/\/utfpr.curitiba.br\/ajudagestao\/index.php?rest_route=%2Fwp%2Fv2%2Fcomments&post=425"}],"version-history":[{"count":10,"href":"https:\/\/utfpr.curitiba.br\/ajudagestao\/index.php?rest_route=\/wp\/v2\/pages\/425\/revisions"}],"predecessor-version":[{"id":1610,"href":"https:\/\/utfpr.curitiba.br\/ajudagestao\/index.php?rest_route=\/wp\/v2\/pages\/425\/revisions\/1610"}],"wp:attachment":[{"href":"https:\/\/utfpr.curitiba.br\/ajudagestao\/index.php?rest_route=%2Fwp%2Fv2%2Fmedia&parent=425"}],"curies":[{"name":"wp","href":"https:\/\/api.w.org\/{rel}","templated":true}]}}