{"id":420,"date":"2023-11-01T14:18:29","date_gmt":"2023-11-01T17:18:29","guid":{"rendered":"https:\/\/utfpr.curitiba.br\/ajudagestao\/?page_id=420"},"modified":"2025-01-30T11:49:12","modified_gmt":"2025-01-30T14:49:12","slug":"gestao-de-eventos","status":"publish","type":"page","link":"https:\/\/utfpr.curitiba.br\/ajudagestao\/?page_id=420","title":{"rendered":"Eventos \/ Produ\u00e7\u00e3o"},"content":{"rendered":"\n<p>Para a gest\u00e3o de eventos, \u00e9 necess\u00e1rio que seja feita a reserva previamente dos espa\u00e7os a serem utilizados. Este procedimento deve ser feito diretamente com a Assessoria de Cerimonial e Eventos (ASCEV), atrav\u00e9s de um formul\u00e1rio disponibilizado pela mesma.<\/p>\n\n\n\n<p>A reserva poder\u00e1 ser realizada somente por um servidos da universidade, e deve-se assinar um termo com anteced\u00eancia, conforme especificado no formul\u00e1rio.<\/p>\n\n\n\n<p>Observa\u00e7\u00e3o: os espa\u00e7os para reserva com a ASCEV, n\u00e3o incluem salas de aula.<\/p>\n\n\n\n<hr class=\"wp-block-separator has-text-color has-nv-light-bg-color has-alpha-channel-opacity has-nv-light-bg-background-color has-background\" \/>\n\n\n\n<p><strong>Passos para a reserva de espa\u00e7os para eventos:<\/strong><\/p>\n\n\n\n<ol class=\"wp-block-list\">\n<li>Verifique a disponibilidade na agenda.<\/li>\n\n\n\n<li>Preencha o formul\u00e1rio de reserva.<\/li>\n\n\n\n<li>Envie o formul\u00e1rio para aprova\u00e7\u00e3o pela ASCEV.<\/li>\n\n\n\n<li>Aguarde a resposta.<\/li>\n\n\n\n<li>Se aprovado, siga os crit\u00e9rios de reserva e assine o termo conforme necess\u00e1rio.<\/li>\n\n\n\n<li>Para cancelamentos, envie um e-mail.<\/li>\n\n\n\n<li>As d\u00favidas sobre o uso dos espa\u00e7os podem ser esclarecidas atrav\u00e9s do mural de apoio.<\/li>\n<\/ol>\n\n\n\n<hr class=\"wp-block-separator has-text-color has-nv-light-bg-color has-alpha-channel-opacity has-nv-light-bg-background-color has-background\" \/>\n\n\n\n<p class=\"has-neve-text-color-color has-text-color has-link-color wp-elements-cf2e724aacc5e99b2c35e5d4ac78994b\">Para mais informa\u00e7\u00f5es, consultar a p\u00e1gina de <a href=\"https:\/\/www.utfpr.edu.br\/campus\/curitiba\/eventos\" data-type=\"link\" data-id=\"https:\/\/www.utfpr.edu.br\/campus\/curitiba\/eventos\">eventos e formaturas<\/a> no Portal UTFPR.<\/p>\n\n\n\n<hr class=\"wp-block-separator has-text-color has-nv-light-bg-color has-alpha-channel-opacity has-nv-light-bg-background-color has-background\" \/>\n\n\n\n<p class=\"has-nv-c-2-color has-text-color has-medium-font-size\"><strong>Paginas \u00fateis<\/strong><\/p>\n\n\n\n<p class=\"has-text-align-center has-nv-light-bg-background-color has-background\"><a href=\"https:\/\/www.utfpr.edu.br\/\" data-type=\"link\" data-id=\"https:\/\/www.utfpr.edu.br\/\">Portal UTFPR<\/a>  |  <a href=\"https:\/\/www.utfpr.edu.br\/campus\/curitiba\/eventos\" data-type=\"link\" data-id=\"https:\/\/www.utfpr.edu.br\/campus\/curitiba\/eventos\">Eventos e Formaturas<\/a><\/p>\n","protected":false},"excerpt":{"rendered":"<p>Para a gest\u00e3o de eventos, \u00e9 necess\u00e1rio que seja feita a reserva previamente dos espa\u00e7os a serem utilizados. Este procedimento deve ser feito diretamente com a Assessoria de Cerimonial e Eventos (ASCEV), atrav\u00e9s de um formul\u00e1rio disponibilizado pela mesma. A reserva poder\u00e1 ser realizada somente por um servidos da universidade, e deve-se assinar um termo&hellip;&nbsp;<a href=\"https:\/\/utfpr.curitiba.br\/ajudagestao\/?page_id=420\" rel=\"bookmark\">Continue a ler &raquo;<span class=\"screen-reader-text\">Eventos \/ Produ\u00e7\u00e3o<\/span><\/a><\/p>\n","protected":false},"author":270,"featured_media":0,"parent":0,"menu_order":0,"comment_status":"closed","ping_status":"closed","template":"","meta":{"neve_meta_sidebar":"","neve_meta_container":"","neve_meta_enable_content_width":"","neve_meta_content_width":0,"neve_meta_title_alignment":"","neve_meta_author_avatar":"","neve_post_elements_order":"","neve_meta_disable_header":"","neve_meta_disable_footer":"","neve_meta_disable_title":"","footnotes":""},"class_list":["post-420","page","type-page","status-publish","hentry"],"_links":{"self":[{"href":"https:\/\/utfpr.curitiba.br\/ajudagestao\/index.php?rest_route=\/wp\/v2\/pages\/420","targetHints":{"allow":["GET"]}}],"collection":[{"href":"https:\/\/utfpr.curitiba.br\/ajudagestao\/index.php?rest_route=\/wp\/v2\/pages"}],"about":[{"href":"https:\/\/utfpr.curitiba.br\/ajudagestao\/index.php?rest_route=\/wp\/v2\/types\/page"}],"author":[{"embeddable":true,"href":"https:\/\/utfpr.curitiba.br\/ajudagestao\/index.php?rest_route=\/wp\/v2\/users\/270"}],"replies":[{"embeddable":true,"href":"https:\/\/utfpr.curitiba.br\/ajudagestao\/index.php?rest_route=%2Fwp%2Fv2%2Fcomments&post=420"}],"version-history":[{"count":13,"href":"https:\/\/utfpr.curitiba.br\/ajudagestao\/index.php?rest_route=\/wp\/v2\/pages\/420\/revisions"}],"predecessor-version":[{"id":1664,"href":"https:\/\/utfpr.curitiba.br\/ajudagestao\/index.php?rest_route=\/wp\/v2\/pages\/420\/revisions\/1664"}],"wp:attachment":[{"href":"https:\/\/utfpr.curitiba.br\/ajudagestao\/index.php?rest_route=%2Fwp%2Fv2%2Fmedia&parent=420"}],"curies":[{"name":"wp","href":"https:\/\/api.w.org\/{rel}","templated":true}]}}