{"id":396,"date":"2023-11-01T14:01:48","date_gmt":"2023-11-01T17:01:48","guid":{"rendered":"https:\/\/utfpr.curitiba.br\/ajudagestao\/?page_id=396"},"modified":"2025-01-30T09:55:44","modified_gmt":"2025-01-30T12:55:44","slug":"jubilamento","status":"publish","type":"page","link":"https:\/\/utfpr.curitiba.br\/ajudagestao\/?page_id=396","title":{"rendered":"Jubilamento"},"content":{"rendered":"\n<ul class=\"wp-block-list\">\n<li>O aluno em processo de jubilamento dever\u00e1 obrigatoriamente entrar com um requerimento no DERAC solicitando Prorroga\u00e7\u00e3o de Prazo, com os devidos documentos comprobat\u00f3rios.<\/li>\n\n\n\n<li>As reuni\u00f5es ocorrem no in\u00edcio de semestre e s\u00e3o compostas comiss\u00f5es com os coordenadores de cursos de mesma categoria.<\/li>\n\n\n\n<li class=\"has-neve-text-color-color has-text-color has-link-color wp-elements-3059daa727819b40e3e42a15a94338da\">A lista de alunos em processo de jubilamento \u00e9 enviada previamente pela DIRGRAD. \u00c9 poss\u00edvel tamb\u00e9m acompanhar tais informa\u00e7\u00f5es no <a href=\"https:\/\/sistemas2.utfpr.edu.br\/home\">Sistema Acad\u00eamico<\/a>.<\/li>\n\n\n\n<li>\u00c9 importante acompanhar os alunos em jubilamento.<\/li>\n<\/ul>\n\n\n\n<p><\/p>\n","protected":false},"excerpt":{"rendered":"","protected":false},"author":270,"featured_media":0,"parent":0,"menu_order":0,"comment_status":"closed","ping_status":"closed","template":"","meta":{"neve_meta_sidebar":"","neve_meta_container":"","neve_meta_enable_content_width":"","neve_meta_content_width":0,"neve_meta_title_alignment":"","neve_meta_author_avatar":"","neve_post_elements_order":"","neve_meta_disable_header":"","neve_meta_disable_footer":"","neve_meta_disable_title":"","footnotes":""},"class_list":["post-396","page","type-page","status-publish","hentry"],"_links":{"self":[{"href":"https:\/\/utfpr.curitiba.br\/ajudagestao\/index.php?rest_route=\/wp\/v2\/pages\/396","targetHints":{"allow":["GET"]}}],"collection":[{"href":"https:\/\/utfpr.curitiba.br\/ajudagestao\/index.php?rest_route=\/wp\/v2\/pages"}],"about":[{"href":"https:\/\/utfpr.curitiba.br\/ajudagestao\/index.php?rest_route=\/wp\/v2\/types\/page"}],"author":[{"embeddable":true,"href":"https:\/\/utfpr.curitiba.br\/ajudagestao\/index.php?rest_route=\/wp\/v2\/users\/270"}],"replies":[{"embeddable":true,"href":"https:\/\/utfpr.curitiba.br\/ajudagestao\/index.php?rest_route=%2Fwp%2Fv2%2Fcomments&post=396"}],"version-history":[{"count":5,"href":"https:\/\/utfpr.curitiba.br\/ajudagestao\/index.php?rest_route=\/wp\/v2\/pages\/396\/revisions"}],"predecessor-version":[{"id":1616,"href":"https:\/\/utfpr.curitiba.br\/ajudagestao\/index.php?rest_route=\/wp\/v2\/pages\/396\/revisions\/1616"}],"wp:attachment":[{"href":"https:\/\/utfpr.curitiba.br\/ajudagestao\/index.php?rest_route=%2Fwp%2Fv2%2Fmedia&parent=396"}],"curies":[{"name":"wp","href":"https:\/\/api.w.org\/{rel}","templated":true}]}}