{"id":394,"date":"2023-11-01T14:01:27","date_gmt":"2023-11-01T17:01:27","guid":{"rendered":"https:\/\/utfpr.curitiba.br\/ajudagestao\/?page_id=394"},"modified":"2025-01-30T12:02:14","modified_gmt":"2025-01-30T15:02:14","slug":"reopcao-transferencia-e-aproveitamento-rta","status":"publish","type":"page","link":"https:\/\/utfpr.curitiba.br\/ajudagestao\/?page_id=394","title":{"rendered":"Reop\u00e7\u00e3o, Transfer\u00eancia e Aproveitamento (RTA)"},"content":{"rendered":"\n<p><\/p>\n\n\n\n<ul class=\"wp-block-list\">\n<li class=\"has-neve-text-color-color has-text-color has-link-color wp-elements-98af5c8fb067d890150943b3af8088b1\">As inscri\u00e7\u00f5es para o edital RTA ocorrem por meio de edital, divulgado no endere\u00e7o: <a href=\"http:\/\/www.utfpr.edu.br\/cursos\/estudenautfpr\/transferencia\">http:\/\/www.utfpr.edu.br\/cursos\/estudenautfpr\/transferencia<\/a>.\u00a0<\/li>\n\n\n\n<li><strong>Reop\u00e7\u00e3o<\/strong>: estudante da UTFPR que decide solicitar a troca de curso e\/ou de campus.<\/li>\n\n\n\n<li><strong>Transfer\u00eancia<\/strong>: estudante de outra institui\u00e7\u00e3o de ensino superior que deseja transferir para a UTFPR.<\/li>\n\n\n\n<li><strong>Aproveitamento<\/strong>: pessoas formadas (com curso superior) que desejam aproveitar as disciplinas cursadas para ingressar em cursos da UTFPR.&nbsp;<\/li>\n<\/ul>\n\n\n\n<hr class=\"wp-block-separator has-text-color has-nv-light-bg-color has-alpha-channel-opacity has-nv-light-bg-background-color has-background\" \/>\n\n\n\n<p><strong>H\u00e1 tr\u00eas possibilidades de transfer\u00eancia: <\/strong><\/p>\n\n\n\n<ul class=\"wp-block-list\">\n<li>dos alunos da UTFPR para outra institui\u00e7\u00e3o <\/li>\n\n\n\n<li>dos alunos da UTFPR ou para outro campus<\/li>\n\n\n\n<li>dos alunos externos para a UTFPR<\/li>\n<\/ul>\n\n\n\n<p><strong>Gradua\u00e7\u00e3o<\/strong><\/p>\n\n\n\n<ul class=\"wp-block-list\">\n<li>Alunos da UTFPR para outra Institui\u00e7\u00e3o: as regras e vagas s\u00e3o definidas pela institui\u00e7\u00e3o pretendida em editais pr\u00f3prios. A documenta\u00e7\u00e3o necess\u00e1ria (plano de ensino + hist\u00f3rico escolar) para inscri\u00e7\u00e3o nestes processos podem ser requeridos, com anteced\u00eancia, na Secretaria Acad\u00eamica (DERAC).<\/li>\n<\/ul>\n\n\n\n<ul class=\"wp-block-list\">\n<li>Alunos da UTFPR para outro campus | Alunos externos para a UTFPR: destinada a discentes da UTFPR que pretendem mudar de campus ou para alunos externos. A cada semestre \u00e9 lan\u00e7ado um edital que cont\u00e9m as regras e o n\u00famero de vagas em cada curso. As informa\u00e7\u00f5es sobre o processo de transfer\u00eancia externa e\/ou aproveitamento de vagas estar\u00e3o dispon\u00edveis nos editais da PROGRAD.<\/li>\n<\/ul>\n\n\n\n<hr class=\"wp-block-separator has-text-color has-nv-light-bg-color has-alpha-channel-opacity has-nv-light-bg-background-color has-background\" \/>\n\n\n\n<p class=\"has-nv-c-2-color has-text-color has-medium-font-size\"><strong>Paginas \u00fateis<\/strong> <\/p>\n\n\n\n<p class=\"has-text-align-center has-nv-light-bg-background-color has-background\"><a href=\"http:\/\/www.utfpr.edu.br\/cursos\/estudenautfpr\/transferencia\" data-type=\"link\" data-id=\"http:\/\/www.utfpr.edu.br\/cursos\/estudenautfpr\/transferencia\">Editais RTA<\/a><\/p>\n","protected":false},"excerpt":{"rendered":"<p>H\u00e1 tr\u00eas possibilidades de transfer\u00eancia: Gradua\u00e7\u00e3o Paginas \u00fateis Editais RTA<\/p>\n","protected":false},"author":270,"featured_media":0,"parent":0,"menu_order":0,"comment_status":"closed","ping_status":"closed","template":"","meta":{"neve_meta_sidebar":"","neve_meta_container":"","neve_meta_enable_content_width":"","neve_meta_content_width":0,"neve_meta_title_alignment":"","neve_meta_author_avatar":"","neve_post_elements_order":"","neve_meta_disable_header":"","neve_meta_disable_footer":"","neve_meta_disable_title":"","footnotes":""},"class_list":["post-394","page","type-page","status-publish","hentry"],"_links":{"self":[{"href":"https:\/\/utfpr.curitiba.br\/ajudagestao\/index.php?rest_route=\/wp\/v2\/pages\/394","targetHints":{"allow":["GET"]}}],"collection":[{"href":"https:\/\/utfpr.curitiba.br\/ajudagestao\/index.php?rest_route=\/wp\/v2\/pages"}],"about":[{"href":"https:\/\/utfpr.curitiba.br\/ajudagestao\/index.php?rest_route=\/wp\/v2\/types\/page"}],"author":[{"embeddable":true,"href":"https:\/\/utfpr.curitiba.br\/ajudagestao\/index.php?rest_route=\/wp\/v2\/users\/270"}],"replies":[{"embeddable":true,"href":"https:\/\/utfpr.curitiba.br\/ajudagestao\/index.php?rest_route=%2Fwp%2Fv2%2Fcomments&post=394"}],"version-history":[{"count":6,"href":"https:\/\/utfpr.curitiba.br\/ajudagestao\/index.php?rest_route=\/wp\/v2\/pages\/394\/revisions"}],"predecessor-version":[{"id":1675,"href":"https:\/\/utfpr.curitiba.br\/ajudagestao\/index.php?rest_route=\/wp\/v2\/pages\/394\/revisions\/1675"}],"wp:attachment":[{"href":"https:\/\/utfpr.curitiba.br\/ajudagestao\/index.php?rest_route=%2Fwp%2Fv2%2Fmedia&parent=394"}],"curies":[{"name":"wp","href":"https:\/\/api.w.org\/{rel}","templated":true}]}}