{"id":392,"date":"2023-11-01T14:01:05","date_gmt":"2023-11-01T17:01:05","guid":{"rendered":"https:\/\/utfpr.curitiba.br\/ajudagestao\/?page_id=392"},"modified":"2025-01-30T09:37:59","modified_gmt":"2025-01-30T12:37:59","slug":"assinatura-de-diarios","status":"publish","type":"page","link":"https:\/\/utfpr.curitiba.br\/ajudagestao\/?page_id=392","title":{"rendered":"Di\u00e1rios de Classe"},"content":{"rendered":"\n<p>O di\u00e1rio de classe \u00e9 um registro onde os professores acompanham e documentam informa\u00e7\u00f5es relevantes sobre o progresso dos alunos em suas disciplinas. Geralmente, inclui detalhes como frequ\u00eancia, notas de avalia\u00e7\u00f5es, observa\u00e7\u00f5es sobre o desempenho dos alunos, registros de comportamento, anota\u00e7\u00f5es sobre o conte\u00fado abordado em cada aula, entre outros aspectos pertinentes ao acompanhamento do processo de ensino e aprendizagem. <\/p>\n\n\n\n<hr class=\"wp-block-separator has-text-color has-nv-light-bg-color has-alpha-channel-opacity has-nv-light-bg-background-color has-background\" \/>\n\n\n\n<p class=\"has-nv-c-2-color has-text-color has-link-color has-medium-font-size wp-elements-2a5a90f766f01f14edbcca6d75068151\"><strong>Processo<\/strong><\/p>\n\n\n\n<p class=\"has-neve-text-color-color has-text-color has-link-color wp-elements-d165b34c3d7ae88a68b655aabc3e75e3\">1. Acessar <a href=\"https:\/\/sistemas2.utfpr.edu.br\/\">Sistema Corporativo<\/a> com login e senha.<\/p>\n\n\n\n<p>2. Clicar em Acad\u00eamico &gt; Di\u00e1rios de Classe &gt; Grad\/Tec\/Esp &gt; Lan\u00e7amentos (no caso de lan\u00e7amento de chamada e notas das avalia\u00e7\u00f5es) &gt; Escolher a disciplina (aparecer\u00e1 a lista do semestre). A frequ\u00eancia \u00e9 lan\u00e7ada em &#8220;Frequ\u00eancia\/Conte\u00fado. S\u00f3 \u00e9 poss\u00edvel lan\u00e7ar a frequ\u00eancia na aula da semana ou nas que j\u00e1 passaram. As notas s\u00e3o lan\u00e7adas em &#8220;Desempenho\/Avalia\u00e7\u00e3o&#8221;, onde aparece a lista de avalia\u00e7\u00f5es lan\u00e7adas no Planejamento das Aulas.<\/p>\n\n\n\n<p>3. Clicar em Acad\u00eamico &gt; Di\u00e1rios de Classe &gt; Grad\/Tec\/Esp &gt; Di\u00e1rio de Classe (no caso de assinatura do di\u00e1rio ao final do semestre). Aparecer\u00e1 a lista de disciplinas com a possibilidade de assinatura do Di\u00e1rio, apenas ao final do semestre, quando o cronograma da disciplina estiver finalizado.<\/p>\n\n\n\n<hr class=\"wp-block-separator has-text-color has-nv-light-bg-color has-alpha-channel-opacity has-nv-light-bg-background-color has-background\" \/>\n\n\n\n<p><\/p>\n","protected":false},"excerpt":{"rendered":"<p>O di\u00e1rio de classe \u00e9 um registro onde os professores acompanham e documentam informa\u00e7\u00f5es relevantes sobre o progresso dos alunos em suas disciplinas. Geralmente, inclui detalhes como frequ\u00eancia, notas de avalia\u00e7\u00f5es, observa\u00e7\u00f5es sobre o desempenho dos alunos, registros de comportamento, anota\u00e7\u00f5es sobre o conte\u00fado abordado em cada aula, entre outros aspectos pertinentes ao acompanhamento do&hellip;&nbsp;<a href=\"https:\/\/utfpr.curitiba.br\/ajudagestao\/?page_id=392\" rel=\"bookmark\">Continue a ler &raquo;<span class=\"screen-reader-text\">Di\u00e1rios de Classe<\/span><\/a><\/p>\n","protected":false},"author":270,"featured_media":0,"parent":0,"menu_order":0,"comment_status":"closed","ping_status":"closed","template":"","meta":{"neve_meta_sidebar":"","neve_meta_container":"","neve_meta_enable_content_width":"","neve_meta_content_width":0,"neve_meta_title_alignment":"","neve_meta_author_avatar":"","neve_post_elements_order":"","neve_meta_disable_header":"","neve_meta_disable_footer":"","neve_meta_disable_title":"","footnotes":""},"class_list":["post-392","page","type-page","status-publish","hentry"],"_links":{"self":[{"href":"https:\/\/utfpr.curitiba.br\/ajudagestao\/index.php?rest_route=\/wp\/v2\/pages\/392","targetHints":{"allow":["GET"]}}],"collection":[{"href":"https:\/\/utfpr.curitiba.br\/ajudagestao\/index.php?rest_route=\/wp\/v2\/pages"}],"about":[{"href":"https:\/\/utfpr.curitiba.br\/ajudagestao\/index.php?rest_route=\/wp\/v2\/types\/page"}],"author":[{"embeddable":true,"href":"https:\/\/utfpr.curitiba.br\/ajudagestao\/index.php?rest_route=\/wp\/v2\/users\/270"}],"replies":[{"embeddable":true,"href":"https:\/\/utfpr.curitiba.br\/ajudagestao\/index.php?rest_route=%2Fwp%2Fv2%2Fcomments&post=392"}],"version-history":[{"count":11,"href":"https:\/\/utfpr.curitiba.br\/ajudagestao\/index.php?rest_route=\/wp\/v2\/pages\/392\/revisions"}],"predecessor-version":[{"id":1602,"href":"https:\/\/utfpr.curitiba.br\/ajudagestao\/index.php?rest_route=\/wp\/v2\/pages\/392\/revisions\/1602"}],"wp:attachment":[{"href":"https:\/\/utfpr.curitiba.br\/ajudagestao\/index.php?rest_route=%2Fwp%2Fv2%2Fmedia&parent=392"}],"curies":[{"name":"wp","href":"https:\/\/api.w.org\/{rel}","templated":true}]}}