{"id":390,"date":"2023-11-01T14:00:41","date_gmt":"2023-11-01T17:00:41","guid":{"rendered":"https:\/\/utfpr.curitiba.br\/ajudagestao\/?page_id=390"},"modified":"2025-01-30T10:19:42","modified_gmt":"2025-01-30T13:19:42","slug":"planejamento-de-aulas","status":"publish","type":"page","link":"https:\/\/utfpr.curitiba.br\/ajudagestao\/?page_id=390","title":{"rendered":"Planejamento de Aulas"},"content":{"rendered":"\n<p><br>O planejamento de aula \u00e9 o processo no qual os professores preparam e organizam as atividades para suas aulas. Envolve identificar objetivos de aprendizagem, selecionar conte\u00fado, desenvolver atividades, sequenciar instru\u00e7\u00f5es, avaliar a aprendizagem dos alunos, adaptar o ensino \u00e0s necessidades individuais e refletir sobre o processo.<\/p>\n\n\n\n<hr class=\"wp-block-separator has-text-color has-nv-light-bg-color has-alpha-channel-opacity has-nv-light-bg-background-color has-background\" \/>\n\n\n\n<p class=\"has-nv-c-2-color has-text-color has-link-color has-medium-font-size wp-elements-2a5a90f766f01f14edbcca6d75068151\"><strong>Processo<\/strong><\/p>\n\n\n\n<p>Todo in\u00edcio de semestre \u00e9 necess\u00e1rio lan\u00e7ar o Planejamento de Aulas.<\/p>\n\n\n\n<p class=\"has-neve-text-color-color has-text-color has-link-color wp-elements-3576ced0e581985bbe5b26a4540d1eb3\">1. Acessar <a href=\"https:\/\/sistemas2.utfpr.edu.br\/home\">Sistema Corporativo<\/a> com login e senha.<\/p>\n\n\n\n<p>2. Clicar em Acad\u00eamico &gt; Di\u00e1rio de Classe &gt; Planejamento de Aulas &gt; Planejamento de Aulas &gt; Escolher a turma &gt;. Completar com os dados na aba &#8220;Planejamento de aulas e avalia\u00e7\u00f5es&#8221;, para cada dia do semestre. Por fim, clicar em Procedimentos de Ensino &gt; Salvar o Planejamento de Aula, que ser\u00e1 aprovado pela coordena\u00e7\u00e3o ou chefia imediata.<\/p>\n\n\n\n<hr class=\"wp-block-separator has-text-color has-nv-light-bg-color has-alpha-channel-opacity has-nv-light-bg-background-color has-background\" \/>\n\n\n\n<p><\/p>\n","protected":false},"excerpt":{"rendered":"<p>O planejamento de aula \u00e9 o processo no qual os professores preparam e organizam as atividades para suas aulas. Envolve identificar objetivos de aprendizagem, selecionar conte\u00fado, desenvolver atividades, sequenciar instru\u00e7\u00f5es, avaliar a aprendizagem dos alunos, adaptar o ensino \u00e0s necessidades individuais e refletir sobre o processo. Processo Todo in\u00edcio de semestre \u00e9 necess\u00e1rio lan\u00e7ar o&hellip;&nbsp;<a href=\"https:\/\/utfpr.curitiba.br\/ajudagestao\/?page_id=390\" rel=\"bookmark\">Continue a ler &raquo;<span class=\"screen-reader-text\">Planejamento de Aulas<\/span><\/a><\/p>\n","protected":false},"author":270,"featured_media":0,"parent":0,"menu_order":0,"comment_status":"closed","ping_status":"closed","template":"","meta":{"neve_meta_sidebar":"","neve_meta_container":"","neve_meta_enable_content_width":"","neve_meta_content_width":0,"neve_meta_title_alignment":"","neve_meta_author_avatar":"","neve_post_elements_order":"","neve_meta_disable_header":"","neve_meta_disable_footer":"","neve_meta_disable_title":"","footnotes":""},"class_list":["post-390","page","type-page","status-publish","hentry"],"_links":{"self":[{"href":"https:\/\/utfpr.curitiba.br\/ajudagestao\/index.php?rest_route=\/wp\/v2\/pages\/390","targetHints":{"allow":["GET"]}}],"collection":[{"href":"https:\/\/utfpr.curitiba.br\/ajudagestao\/index.php?rest_route=\/wp\/v2\/pages"}],"about":[{"href":"https:\/\/utfpr.curitiba.br\/ajudagestao\/index.php?rest_route=\/wp\/v2\/types\/page"}],"author":[{"embeddable":true,"href":"https:\/\/utfpr.curitiba.br\/ajudagestao\/index.php?rest_route=\/wp\/v2\/users\/270"}],"replies":[{"embeddable":true,"href":"https:\/\/utfpr.curitiba.br\/ajudagestao\/index.php?rest_route=%2Fwp%2Fv2%2Fcomments&post=390"}],"version-history":[{"count":9,"href":"https:\/\/utfpr.curitiba.br\/ajudagestao\/index.php?rest_route=\/wp\/v2\/pages\/390\/revisions"}],"predecessor-version":[{"id":1630,"href":"https:\/\/utfpr.curitiba.br\/ajudagestao\/index.php?rest_route=\/wp\/v2\/pages\/390\/revisions\/1630"}],"wp:attachment":[{"href":"https:\/\/utfpr.curitiba.br\/ajudagestao\/index.php?rest_route=%2Fwp%2Fv2%2Fmedia&parent=390"}],"curies":[{"name":"wp","href":"https:\/\/api.w.org\/{rel}","templated":true}]}}