{"id":388,"date":"2023-11-01T14:00:19","date_gmt":"2023-11-01T17:00:19","guid":{"rendered":"https:\/\/utfpr.curitiba.br\/ajudagestao\/?page_id=388"},"modified":"2025-01-30T12:08:31","modified_gmt":"2025-01-30T15:08:31","slug":"troca-de-professor-da-disciplina","status":"publish","type":"page","link":"https:\/\/utfpr.curitiba.br\/ajudagestao\/?page_id=388","title":{"rendered":"Troca de Professor da Disciplina"},"content":{"rendered":"\n<p>Todos os procedimentos de matr\u00edcula s\u00e3o realizados pelo DERAC e SEGEA, exceto a altera\u00e7\u00e3o de professor em disciplinas;<\/p>\n\n\n\n<ul class=\"wp-block-list\">\n<li class=\"has-neve-text-color-color has-text-color has-link-color wp-elements-222d852fc7753df78affc09aec75195a\">Caminho: <a href=\"https:\/\/sistemas2.utfpr.edu.br\/\">Sistema Acad\u00eamico<\/a> &gt; Acad\u00eamico &gt; Hor\u00e1rios &gt; Administra\u00e7\u00e3o &gt; Troca de Professor<\/li>\n<\/ul>\n\n\n\n<p class=\"has-neve-link-hover-color-color has-text-color has-medium-font-size\"><\/p>\n","protected":false},"excerpt":{"rendered":"<p>Todos os procedimentos de matr\u00edcula s\u00e3o realizados pelo DERAC e SEGEA, exceto a altera\u00e7\u00e3o de professor em disciplinas;<\/p>\n","protected":false},"author":270,"featured_media":0,"parent":0,"menu_order":0,"comment_status":"closed","ping_status":"closed","template":"","meta":{"neve_meta_sidebar":"","neve_meta_container":"","neve_meta_enable_content_width":"","neve_meta_content_width":0,"neve_meta_title_alignment":"","neve_meta_author_avatar":"","neve_post_elements_order":"","neve_meta_disable_header":"","neve_meta_disable_footer":"","neve_meta_disable_title":"","footnotes":""},"class_list":["post-388","page","type-page","status-publish","hentry"],"_links":{"self":[{"href":"https:\/\/utfpr.curitiba.br\/ajudagestao\/index.php?rest_route=\/wp\/v2\/pages\/388","targetHints":{"allow":["GET"]}}],"collection":[{"href":"https:\/\/utfpr.curitiba.br\/ajudagestao\/index.php?rest_route=\/wp\/v2\/pages"}],"about":[{"href":"https:\/\/utfpr.curitiba.br\/ajudagestao\/index.php?rest_route=\/wp\/v2\/types\/page"}],"author":[{"embeddable":true,"href":"https:\/\/utfpr.curitiba.br\/ajudagestao\/index.php?rest_route=\/wp\/v2\/users\/270"}],"replies":[{"embeddable":true,"href":"https:\/\/utfpr.curitiba.br\/ajudagestao\/index.php?rest_route=%2Fwp%2Fv2%2Fcomments&post=388"}],"version-history":[{"count":5,"href":"https:\/\/utfpr.curitiba.br\/ajudagestao\/index.php?rest_route=\/wp\/v2\/pages\/388\/revisions"}],"predecessor-version":[{"id":1680,"href":"https:\/\/utfpr.curitiba.br\/ajudagestao\/index.php?rest_route=\/wp\/v2\/pages\/388\/revisions\/1680"}],"wp:attachment":[{"href":"https:\/\/utfpr.curitiba.br\/ajudagestao\/index.php?rest_route=%2Fwp%2Fv2%2Fmedia&parent=388"}],"curies":[{"name":"wp","href":"https:\/\/api.w.org\/{rel}","templated":true}]}}