{"id":386,"date":"2023-11-01T13:59:57","date_gmt":"2023-11-01T16:59:57","guid":{"rendered":"https:\/\/utfpr.curitiba.br\/ajudagestao\/?page_id=386"},"modified":"2024-08-21T23:06:42","modified_gmt":"2024-08-22T02:06:42","slug":"segunda-chamada-de-prova","status":"publish","type":"page","link":"https:\/\/utfpr.curitiba.br\/ajudagestao\/?page_id=386","title":{"rendered":"Segunda chamada de prova"},"content":{"rendered":"\n<p>A segunda chamada de avalia\u00e7\u00e3o\u00a0ser\u00e1 concedida no caso de o aluno perder alguma\u00a0avalia\u00e7\u00e3o, por motivo de doen\u00e7a ou for\u00e7a maior e poder\u00e1\u00a0ser requerida uma \u00fanica vez no prazo de 5 dias \u00fateis, a contar da data da\u00a0prova.<\/p>\n\n\n\n<p>Para requerer a 2\u00aa chamada, o aluno dever\u00e1 ir \u00e0 Secretaria Acad\u00eamica\u00a0(DERAC), preencher o requerimento e anexar a documenta\u00e7\u00e3o comprobat\u00f3ria.<\/p>\n\n\n\n<hr class=\"wp-block-separator has-text-color has-nv-light-bg-color has-alpha-channel-opacity has-nv-light-bg-background-color has-background\" \/>\n\n\n\n<p class=\"has-neve-link-hover-color-color has-text-color has-medium-font-size\"><strong>Paginas \u00fateis<\/strong><\/p>\n\n\n\n<p class=\"has-text-align-center has-nv-light-bg-background-color has-background\"><a href=\"https:\/\/www.utfpr.edu.br\/secretaria\" data-type=\"link\" data-id=\"https:\/\/www.utfpr.edu.br\/secretaria\">Secretaria Acad\u00eamica<\/a><\/p>\n","protected":false},"excerpt":{"rendered":"<p>A segunda chamada de avalia\u00e7\u00e3o\u00a0ser\u00e1 concedida no caso de o aluno perder alguma\u00a0avalia\u00e7\u00e3o, por motivo de doen\u00e7a ou for\u00e7a maior e poder\u00e1\u00a0ser requerida uma \u00fanica vez no prazo de 5 dias \u00fateis, a contar da data da\u00a0prova. Para requerer a 2\u00aa chamada, o aluno dever\u00e1 ir \u00e0 Secretaria Acad\u00eamica\u00a0(DERAC), preencher o requerimento e anexar a&hellip;&nbsp;<a href=\"https:\/\/utfpr.curitiba.br\/ajudagestao\/?page_id=386\" rel=\"bookmark\">Continue a ler &raquo;<span class=\"screen-reader-text\">Segunda chamada de prova<\/span><\/a><\/p>\n","protected":false},"author":270,"featured_media":0,"parent":0,"menu_order":0,"comment_status":"closed","ping_status":"closed","template":"","meta":{"neve_meta_sidebar":"","neve_meta_container":"","neve_meta_enable_content_width":"","neve_meta_content_width":0,"neve_meta_title_alignment":"","neve_meta_author_avatar":"","neve_post_elements_order":"","neve_meta_disable_header":"","neve_meta_disable_footer":"","neve_meta_disable_title":"","footnotes":""},"class_list":["post-386","page","type-page","status-publish","hentry"],"_links":{"self":[{"href":"https:\/\/utfpr.curitiba.br\/ajudagestao\/index.php?rest_route=\/wp\/v2\/pages\/386","targetHints":{"allow":["GET"]}}],"collection":[{"href":"https:\/\/utfpr.curitiba.br\/ajudagestao\/index.php?rest_route=\/wp\/v2\/pages"}],"about":[{"href":"https:\/\/utfpr.curitiba.br\/ajudagestao\/index.php?rest_route=\/wp\/v2\/types\/page"}],"author":[{"embeddable":true,"href":"https:\/\/utfpr.curitiba.br\/ajudagestao\/index.php?rest_route=\/wp\/v2\/users\/270"}],"replies":[{"embeddable":true,"href":"https:\/\/utfpr.curitiba.br\/ajudagestao\/index.php?rest_route=%2Fwp%2Fv2%2Fcomments&post=386"}],"version-history":[{"count":4,"href":"https:\/\/utfpr.curitiba.br\/ajudagestao\/index.php?rest_route=\/wp\/v2\/pages\/386\/revisions"}],"predecessor-version":[{"id":922,"href":"https:\/\/utfpr.curitiba.br\/ajudagestao\/index.php?rest_route=\/wp\/v2\/pages\/386\/revisions\/922"}],"wp:attachment":[{"href":"https:\/\/utfpr.curitiba.br\/ajudagestao\/index.php?rest_route=%2Fwp%2Fv2%2Fmedia&parent=386"}],"curies":[{"name":"wp","href":"https:\/\/api.w.org\/{rel}","templated":true}]}}