{"id":384,"date":"2023-11-01T13:59:30","date_gmt":"2023-11-01T16:59:30","guid":{"rendered":"https:\/\/utfpr.curitiba.br\/ajudagestao\/?page_id=384"},"modified":"2025-01-30T11:53:06","modified_gmt":"2025-01-30T14:53:06","slug":"reingresso","status":"publish","type":"page","link":"https:\/\/utfpr.curitiba.br\/ajudagestao\/?page_id=384","title":{"rendered":"Reingresso"},"content":{"rendered":"\n<p>Poder\u00e1 protocolar requerimento de&nbsp;<strong>Reingresso<\/strong>&nbsp;na Secretaria Acad\u00eamica (DERAC) o aluno que for desligado do curso pelas seguintes situa\u00e7\u00f5es:<\/p>\n\n\n\n<ul class=\"wp-block-list\">\n<li>N\u00e3o efetuar sua matr\u00edcula no curso, no per\u00edodo estabelecido nas instru\u00e7\u00f5es de matr\u00edcula, em qualquer per\u00edodo letivo.<\/li>\n\n\n\n<li>Se for ultrapassado o prazo m\u00e1ximo de trancamento de matr\u00edcula.<\/li>\n<\/ul>\n\n\n\n<hr class=\"wp-block-separator has-text-color has-nv-light-bg-color has-alpha-channel-opacity has-nv-light-bg-background-color has-background\" \/>\n\n\n\n<p class=\"has-nv-c-2-color has-text-color has-link-color has-medium-font-size wp-elements-2a5a90f766f01f14edbcca6d75068151\"><strong>Processo<\/strong><\/p>\n\n\n\n<ul class=\"wp-block-list\">\n<li>Procedimento solicitado pelo aluno ao DERAC a qualquer momento;<\/li>\n\n\n\n<li>Segue para an\u00e1lise da SEDUP \/ SELIB;<\/li>\n\n\n\n<li>Segue para an\u00e1lise da Coordena\u00e7\u00e3o de curso;<\/li>\n\n\n\n<li>O resultado \u00e9 lan\u00e7ado pelo DERAC.<\/li>\n<\/ul>\n\n\n\n<hr class=\"wp-block-separator has-text-color has-nv-light-bg-color has-alpha-channel-opacity has-nv-light-bg-background-color has-background\" \/>\n\n\n\n<p class=\"has-neve-text-color-color has-text-color has-link-color wp-elements-5b5c710beca25b0dd54a605ef4b7d06b\">Procedimento para solicitar o reingresso se encontra no seguinte link:&nbsp;<a href=\"https:\/\/www.utfpr.edu.br\/secretaria\/requerimentos\">https:\/\/www.utfpr.edu.br\/secretaria\/requerimentos<\/a><\/p>\n\n\n\n<hr class=\"wp-block-separator has-text-color has-nv-light-bg-color has-alpha-channel-opacity has-nv-light-bg-background-color has-background\" \/>\n\n\n\n<p class=\"has-nv-c-2-color has-text-color has-medium-font-size\"><strong>Paginas \u00fateis<\/strong><\/p>\n\n\n\n<p class=\"has-text-align-center has-nv-light-bg-background-color has-background\"><a href=\"https:\/\/drive.google.com\/file\/d\/1wKPBDBp87mvIELTq7dlbbCxK5wIS8_e5\/view?usp=sharing\" data-type=\"link\" data-id=\"https:\/\/drive.google.com\/file\/d\/1wKPBDBp87mvIELTq7dlbbCxK5wIS8_e5\/view?usp=sharing\">Secretaria Acad\u00eamica<\/a><\/p>\n","protected":false},"excerpt":{"rendered":"<p>Poder\u00e1 protocolar requerimento de&nbsp;Reingresso&nbsp;na Secretaria Acad\u00eamica (DERAC) o aluno que for desligado do curso pelas seguintes situa\u00e7\u00f5es: Processo Procedimento para solicitar o reingresso se encontra no seguinte link:&nbsp;https:\/\/www.utfpr.edu.br\/secretaria\/requerimentos Paginas \u00fateis Secretaria Acad\u00eamica<\/p>\n","protected":false},"author":270,"featured_media":0,"parent":0,"menu_order":0,"comment_status":"closed","ping_status":"closed","template":"","meta":{"neve_meta_sidebar":"","neve_meta_container":"","neve_meta_enable_content_width":"","neve_meta_content_width":0,"neve_meta_title_alignment":"","neve_meta_author_avatar":"","neve_post_elements_order":"","neve_meta_disable_header":"","neve_meta_disable_footer":"","neve_meta_disable_title":"","footnotes":""},"class_list":["post-384","page","type-page","status-publish","hentry"],"_links":{"self":[{"href":"https:\/\/utfpr.curitiba.br\/ajudagestao\/index.php?rest_route=\/wp\/v2\/pages\/384","targetHints":{"allow":["GET"]}}],"collection":[{"href":"https:\/\/utfpr.curitiba.br\/ajudagestao\/index.php?rest_route=\/wp\/v2\/pages"}],"about":[{"href":"https:\/\/utfpr.curitiba.br\/ajudagestao\/index.php?rest_route=\/wp\/v2\/types\/page"}],"author":[{"embeddable":true,"href":"https:\/\/utfpr.curitiba.br\/ajudagestao\/index.php?rest_route=\/wp\/v2\/users\/270"}],"replies":[{"embeddable":true,"href":"https:\/\/utfpr.curitiba.br\/ajudagestao\/index.php?rest_route=%2Fwp%2Fv2%2Fcomments&post=384"}],"version-history":[{"count":8,"href":"https:\/\/utfpr.curitiba.br\/ajudagestao\/index.php?rest_route=\/wp\/v2\/pages\/384\/revisions"}],"predecessor-version":[{"id":1669,"href":"https:\/\/utfpr.curitiba.br\/ajudagestao\/index.php?rest_route=\/wp\/v2\/pages\/384\/revisions\/1669"}],"wp:attachment":[{"href":"https:\/\/utfpr.curitiba.br\/ajudagestao\/index.php?rest_route=%2Fwp%2Fv2%2Fmedia&parent=384"}],"curies":[{"name":"wp","href":"https:\/\/api.w.org\/{rel}","templated":true}]}}