{"id":382,"date":"2023-11-01T13:59:06","date_gmt":"2023-11-01T16:59:06","guid":{"rendered":"https:\/\/utfpr.curitiba.br\/ajudagestao\/?page_id=382"},"modified":"2025-01-30T09:43:34","modified_gmt":"2025-01-30T12:43:34","slug":"exame-de-suficiencia","status":"publish","type":"page","link":"https:\/\/utfpr.curitiba.br\/ajudagestao\/?page_id=382","title":{"rendered":"Exame de Sufici\u00eancia"},"content":{"rendered":"\n<p>O exame de sufici\u00eancia \u00e9 um teste realizado para verificar se os discentes possuem o conhecimento necess\u00e1rio para validar a disciplina na qual est\u00e1 fazendo o requerimento.<\/p>\n\n\n\n<p>Exames de sufici\u00eancia devem ser requeridos tamb\u00e9m via DERAC\/planilha, dentro dos prazos estabelecidos no calend\u00e1rio acad\u00eamico (requerimento padr\u00e3o).<\/p>\n\n\n\n<p>O coordenador deve verificar se o aluno tem direito ao exame (apenas um por disciplina; n\u00e3o pode ter reprovado por frequ\u00eancia anteriormente). O aluno pode pedir em qualquer disciplina da matriz, independentemente de ter cursado ou n\u00e3o e dos pr\u00e9-requisitos.<\/p>\n\n\n\n<p>As notas obtidas s\u00e3o lan\u00e7adas no hist\u00f3rico, mesmo que haja reprova\u00e7\u00e3o.<\/p>\n\n\n\n<p>O coordenador deve encaminhar as solicita\u00e7\u00f5es \u00e0s bancas examinadore, e depois enviar os resultados ao DERAC para lan\u00e7amento no sistema.<\/p>\n\n\n\n<hr class=\"wp-block-separator has-text-color has-nv-light-bg-color has-alpha-channel-opacity has-nv-light-bg-background-color has-background\" \/>\n\n\n\n<p class=\"has-nv-c-2-color has-text-color has-link-color has-medium-font-size wp-elements-2a5a90f766f01f14edbcca6d75068151\"><strong>Processo<\/strong><\/p>\n\n\n\n<ul class=\"wp-block-list\">\n<li>Procedimento solicitado pelo aluno ao DERAC respeitando datas dispon\u00edveis em calend\u00e1rio;<\/li>\n\n\n\n<li>A organiza\u00e7\u00e3o de bancas \u00e9 realizada pelo Coordenador de curso;<\/li>\n\n\n\n<li>A aplica\u00e7\u00e3o das provas \u00e9 realizada pelas bancas e combinada diretamente com os estudantes solicitantes;<\/li>\n\n\n\n<li>A devolutiva de notas deve ser feita pelo Coordenador, reunindo todos os resultados do per\u00edodo letivo e enviando por e-mail ao DERAC, que faz o lan\u00e7amento.<\/li>\n<\/ul>\n\n\n\n<hr class=\"wp-block-separator has-text-color has-nv-light-bg-color has-alpha-channel-opacity has-nv-light-bg-background-color has-background\" \/>\n\n\n\n<p class=\"has-neve-text-color-color has-text-color has-link-color wp-elements-e45db64b19add893153d8b89881933dc\">Procedimento para solicitar o exame de sufici\u00eancia se encontra no seguinte link:\u00a0<a href=\"https:\/\/www.utfpr.edu.br\/secretaria\/requerimentos\">https:\/\/www.utfpr.edu.br\/secretaria\/requerimentos<\/a><\/p>\n\n\n\n<hr class=\"wp-block-separator has-text-color has-nv-light-bg-color has-alpha-channel-opacity has-nv-light-bg-background-color has-background\" \/>\n\n\n\n<p class=\"has-nv-c-2-color has-text-color has-medium-font-size\"><strong>Paginas \u00fateis<\/strong><\/p>\n\n\n\n<p class=\"has-text-align-center has-nv-light-bg-background-color has-background\"><a href=\"https:\/\/drive.google.com\/file\/d\/1wKPBDBp87mvIELTq7dlbbCxK5wIS8_e5\/view?usp=sharing\" data-type=\"link\" data-id=\"https:\/\/drive.google.com\/file\/d\/1wKPBDBp87mvIELTq7dlbbCxK5wIS8_e5\/view?usp=sharing\">Secretaria Acad\u00eamica<\/a><\/p>\n","protected":false},"excerpt":{"rendered":"<p>O exame de sufici\u00eancia \u00e9 um teste realizado para verificar se os discentes possuem o conhecimento necess\u00e1rio para validar a disciplina na qual est\u00e1 fazendo o requerimento. Exames de sufici\u00eancia devem ser requeridos tamb\u00e9m via DERAC\/planilha, dentro dos prazos estabelecidos no calend\u00e1rio acad\u00eamico (requerimento padr\u00e3o). O coordenador deve verificar se o aluno tem direito ao&hellip;&nbsp;<a href=\"https:\/\/utfpr.curitiba.br\/ajudagestao\/?page_id=382\" rel=\"bookmark\">Continue a ler &raquo;<span class=\"screen-reader-text\">Exame de Sufici\u00eancia<\/span><\/a><\/p>\n","protected":false},"author":270,"featured_media":0,"parent":0,"menu_order":0,"comment_status":"closed","ping_status":"closed","template":"","meta":{"neve_meta_sidebar":"","neve_meta_container":"","neve_meta_enable_content_width":"","neve_meta_content_width":0,"neve_meta_title_alignment":"","neve_meta_author_avatar":"","neve_post_elements_order":"","neve_meta_disable_header":"","neve_meta_disable_footer":"","neve_meta_disable_title":"","footnotes":""},"class_list":["post-382","page","type-page","status-publish","hentry"],"_links":{"self":[{"href":"https:\/\/utfpr.curitiba.br\/ajudagestao\/index.php?rest_route=\/wp\/v2\/pages\/382","targetHints":{"allow":["GET"]}}],"collection":[{"href":"https:\/\/utfpr.curitiba.br\/ajudagestao\/index.php?rest_route=\/wp\/v2\/pages"}],"about":[{"href":"https:\/\/utfpr.curitiba.br\/ajudagestao\/index.php?rest_route=\/wp\/v2\/types\/page"}],"author":[{"embeddable":true,"href":"https:\/\/utfpr.curitiba.br\/ajudagestao\/index.php?rest_route=\/wp\/v2\/users\/270"}],"replies":[{"embeddable":true,"href":"https:\/\/utfpr.curitiba.br\/ajudagestao\/index.php?rest_route=%2Fwp%2Fv2%2Fcomments&post=382"}],"version-history":[{"count":8,"href":"https:\/\/utfpr.curitiba.br\/ajudagestao\/index.php?rest_route=\/wp\/v2\/pages\/382\/revisions"}],"predecessor-version":[{"id":1606,"href":"https:\/\/utfpr.curitiba.br\/ajudagestao\/index.php?rest_route=\/wp\/v2\/pages\/382\/revisions\/1606"}],"wp:attachment":[{"href":"https:\/\/utfpr.curitiba.br\/ajudagestao\/index.php?rest_route=%2Fwp%2Fv2%2Fmedia&parent=382"}],"curies":[{"name":"wp","href":"https:\/\/api.w.org\/{rel}","templated":true}]}}