{"id":380,"date":"2023-11-01T13:58:45","date_gmt":"2023-11-01T16:58:45","guid":{"rendered":"https:\/\/utfpr.curitiba.br\/ajudagestao\/?page_id=380"},"modified":"2025-01-30T09:22:42","modified_gmt":"2025-01-30T12:22:42","slug":"convalidacao-de-disciplinas","status":"publish","type":"page","link":"https:\/\/utfpr.curitiba.br\/ajudagestao\/?page_id=380","title":{"rendered":"Convalida\u00e7\u00e3o de Disciplinas"},"content":{"rendered":"\n<p>A convalida\u00e7\u00e3o de disciplinas \u00e9 um processo pelo qual reconhece e aceita cr\u00e9ditos obtidos em disciplinas cursadas em outra institui\u00e7\u00e3o. Isso significa que, ao convalidar uma disciplina, a institui\u00e7\u00e3o reconhece que o conte\u00fado e os requisitos da disciplina cursada em outra institui\u00e7\u00e3o s\u00e3o equivalentes aos de uma disciplina oferecida por ela pr\u00f3pria.<\/p>\n\n\n\n<p>Os pedidos de convalida\u00e7\u00f5es s\u00e3o feitos em fluxo cont\u00ednuo, via requerimento no DERAC. Atualmente estes pedidos est\u00e3o sendo feitos atrav\u00e9s do e-mail <strong>derac-ct@utfpr.edu.br<\/strong>. Muitas disciplinas n\u00e3o convalidam automaticamente, ent\u00e3o a convalida\u00e7\u00e3o deve ser solicitada via DERAC.<\/p>\n\n\n\n<p>A an\u00e1lise e o lan\u00e7amento s\u00e3o realizados pelo Coordenador diretamente no Sistema Acad\u00eamico.<\/p>\n\n\n\n<ul class=\"wp-block-list\">\n<li>Especial aten\u00e7\u00e3o deve ser dada aos pedidos feitos ap\u00f3s a finaliza\u00e7\u00e3o do semestre, para liberar pr\u00e9-requisitos\/formandos.<\/li>\n<\/ul>\n\n\n\n<p><strong>Observa\u00e7\u00e3o:<\/strong> disciplinas cursadas em cursos T\u00c9CNICOS n\u00e3o podem ser convalidadas por quest\u00f5es legais. Disciplinas cursadas em cursos de especializa\u00e7\u00e3o\/p\u00f3s podem.<\/p>\n\n\n\n<hr class=\"wp-block-separator has-text-color has-nv-light-bg-color has-alpha-channel-opacity has-nv-light-bg-background-color has-background\" \/>\n\n\n\n<p class=\"has-neve-text-color-color has-text-color has-link-color wp-elements-c6122cafe487dc60497f46010f8f5f4a\">Procedimento para solicitar convalida\u00e7\u00f5es se encontra no seguinte link: <a href=\"https:\/\/www.utfpr.edu.br\/secretaria\/requerimentos\">https:\/\/www.utfpr.edu.br\/secretaria\/requerimentos<\/a><\/p>\n\n\n\n<hr class=\"wp-block-separator has-text-color has-nv-light-bg-color has-alpha-channel-opacity has-nv-light-bg-background-color has-background\" \/>\n\n\n\n<p class=\"has-nv-c-2-color has-text-color has-medium-font-size\"><strong>Paginas \u00fateis<\/strong><\/p>\n\n\n\n<p class=\"has-text-align-center has-nv-light-bg-background-color has-background\"><a href=\"https:\/\/drive.google.com\/file\/d\/1wKPBDBp87mvIELTq7dlbbCxK5wIS8_e5\/view?usp=sharing\" data-type=\"link\" data-id=\"https:\/\/drive.google.com\/file\/d\/1wKPBDBp87mvIELTq7dlbbCxK5wIS8_e5\/view?usp=sharing\">Secretaria Acad\u00eamica<\/a><\/p>\n","protected":false},"excerpt":{"rendered":"<p>A convalida\u00e7\u00e3o de disciplinas \u00e9 um processo pelo qual reconhece e aceita cr\u00e9ditos obtidos em disciplinas cursadas em outra institui\u00e7\u00e3o. Isso significa que, ao convalidar uma disciplina, a institui\u00e7\u00e3o reconhece que o conte\u00fado e os requisitos da disciplina cursada em outra institui\u00e7\u00e3o s\u00e3o equivalentes aos de uma disciplina oferecida por ela pr\u00f3pria. Os pedidos de&hellip;&nbsp;<a href=\"https:\/\/utfpr.curitiba.br\/ajudagestao\/?page_id=380\" rel=\"bookmark\">Continue a ler &raquo;<span class=\"screen-reader-text\">Convalida\u00e7\u00e3o de Disciplinas<\/span><\/a><\/p>\n","protected":false},"author":270,"featured_media":0,"parent":0,"menu_order":0,"comment_status":"closed","ping_status":"closed","template":"","meta":{"neve_meta_sidebar":"","neve_meta_container":"","neve_meta_enable_content_width":"","neve_meta_content_width":0,"neve_meta_title_alignment":"","neve_meta_author_avatar":"","neve_post_elements_order":"","neve_meta_disable_header":"","neve_meta_disable_footer":"","neve_meta_disable_title":"","footnotes":""},"class_list":["post-380","page","type-page","status-publish","hentry"],"_links":{"self":[{"href":"https:\/\/utfpr.curitiba.br\/ajudagestao\/index.php?rest_route=\/wp\/v2\/pages\/380","targetHints":{"allow":["GET"]}}],"collection":[{"href":"https:\/\/utfpr.curitiba.br\/ajudagestao\/index.php?rest_route=\/wp\/v2\/pages"}],"about":[{"href":"https:\/\/utfpr.curitiba.br\/ajudagestao\/index.php?rest_route=\/wp\/v2\/types\/page"}],"author":[{"embeddable":true,"href":"https:\/\/utfpr.curitiba.br\/ajudagestao\/index.php?rest_route=\/wp\/v2\/users\/270"}],"replies":[{"embeddable":true,"href":"https:\/\/utfpr.curitiba.br\/ajudagestao\/index.php?rest_route=%2Fwp%2Fv2%2Fcomments&post=380"}],"version-history":[{"count":13,"href":"https:\/\/utfpr.curitiba.br\/ajudagestao\/index.php?rest_route=\/wp\/v2\/pages\/380\/revisions"}],"predecessor-version":[{"id":1592,"href":"https:\/\/utfpr.curitiba.br\/ajudagestao\/index.php?rest_route=\/wp\/v2\/pages\/380\/revisions\/1592"}],"wp:attachment":[{"href":"https:\/\/utfpr.curitiba.br\/ajudagestao\/index.php?rest_route=%2Fwp%2Fv2%2Fmedia&parent=380"}],"curies":[{"name":"wp","href":"https:\/\/api.w.org\/{rel}","templated":true}]}}