{"id":377,"date":"2023-11-01T13:58:23","date_gmt":"2023-11-01T16:58:23","guid":{"rendered":"https:\/\/utfpr.curitiba.br\/ajudagestao\/?page_id=377"},"modified":"2025-02-03T10:01:48","modified_gmt":"2025-02-03T13:01:48","slug":"matriculas","status":"publish","type":"page","link":"https:\/\/utfpr.curitiba.br\/ajudagestao\/?page_id=377","title":{"rendered":"Coordenadores de Cursos de Gradua\u00e7\u00e3o \/ Matr\u00edculas"},"content":{"rendered":"\n<ul class=\"wp-block-list\">\n<li class=\"has-neve-text-color-color has-text-color has-link-color wp-elements-377e4e8526939f239daac64bf9f79f05\"><strong>Veteranos<\/strong>: a manuten\u00e7\u00e3o de hor\u00e1rios inicia no per\u00edodo anterior e \u00e9 coordenada pela SEGEA. A matr\u00edcula tem v\u00e1rias etapas, algumas com participa\u00e7\u00e3o da coordena\u00e7\u00e3o. O cronograma \u00e9 disponibilizado em: <a href=\"http:\/\/portal.utfpr.edu.br\/secretaria\/matricula\/cronograma-de-matricula\">http:\/\/portal.utfpr.edu.br\/secretaria\/matricula\/cronograma-de-matricula<\/a>.<\/li>\n\n\n\n<li><strong>Calouros<\/strong>: a sele\u00e7\u00e3o ocorre via SiSU e vestibular, e a matr\u00edcula \u00e9 feita diretamente pelo DERAC. A coordena\u00e7\u00e3o deve ficar atenta para os eventos de recep\u00e7\u00e3o, coordenados pela DIRGRAD.<\/li>\n<\/ul>\n\n\n\n<hr class=\"wp-block-separator has-text-color has-nv-light-bg-color has-alpha-channel-opacity has-nv-light-bg-background-color has-background\" \/>\n\n\n\n<p class=\"has-nv-c-2-color has-text-color has-medium-font-size\"><strong>Processo<\/strong><\/p>\n\n\n\n<p>Quanto ao processo, o mesmo ocorre da seguinte forma:<\/p>\n\n\n\n<p><strong>1.<\/strong> Defini\u00e7\u00e3o das disciplinas que ser\u00e3o oferecidas (em conjunto com l\u00edderes de \u00e1rea).<br><strong>2.<\/strong> Defini\u00e7\u00e3o dos professores (em conjunto com l\u00edderes de \u00e1rea).<br><strong>3. <\/strong>Defini\u00e7\u00e3o das vagas (em conjunto com l\u00edderes de \u00e1rea; observar capacidades dos laborat\u00f3rios\/salas de aula).<br><strong>4. <\/strong>Repassar as informa\u00e7\u00f5es para a SEGEA.<br><strong>5. <\/strong>Ficar atento ao calend\u00e1rio de matr\u00edculas. Etapa importante: ajuste de vagas. Garantir que alunos do turno\/per\u00edodo\/em depend\u00eancia tenham vagas &#8211; considerando capacidade das salas.<br><strong>6. <\/strong>Coordenador s\u00f3 tem acesso ao sistema para TROCA de professor. Inclus\u00e3o\/exclus\u00e3o de professor deve ser solicitada a SEGEA.<br><strong>7. <\/strong>Ap\u00f3s a finaliza\u00e7\u00e3o do per\u00edodo de matr\u00edculas, h\u00e1 um prazo de alguns dias para ajustes manuais conforme solicita\u00e7\u00e3o do coordenador. Estes ajustes devem ser encaminhados a Lucinha. Especial aten\u00e7\u00e3o deve ser dada aos formandos (quebra de pr\u00e9-requisitos, abertura de vagas etc.).<\/p>\n\n\n\n<p><strong>IMPORTANTE: <\/strong>a fila de requerimentos n\u00e3o pode ser \u201cfurada\u201d em hip\u00f3tese alguma, para n\u00e3o prejudicar outros alunos.<\/p>\n\n\n\n<hr class=\"wp-block-separator has-text-color has-nv-light-bg-color has-alpha-channel-opacity has-nv-light-bg-background-color has-background is-style-default\" \/>\n","protected":false},"excerpt":{"rendered":"<p>Processo Quanto ao processo, o mesmo ocorre da seguinte forma: 1. Defini\u00e7\u00e3o das disciplinas que ser\u00e3o oferecidas (em conjunto com l\u00edderes de \u00e1rea).2. Defini\u00e7\u00e3o dos professores (em conjunto com l\u00edderes de \u00e1rea).3. Defini\u00e7\u00e3o das vagas (em conjunto com l\u00edderes de \u00e1rea; observar capacidades dos laborat\u00f3rios\/salas de aula).4. Repassar as informa\u00e7\u00f5es para a SEGEA.5. Ficar atento&hellip;&nbsp;<a href=\"https:\/\/utfpr.curitiba.br\/ajudagestao\/?page_id=377\" rel=\"bookmark\">Continue a ler &raquo;<span class=\"screen-reader-text\">Coordenadores de Cursos de Gradua\u00e7\u00e3o \/ Matr\u00edculas<\/span><\/a><\/p>\n","protected":false},"author":270,"featured_media":0,"parent":0,"menu_order":0,"comment_status":"closed","ping_status":"closed","template":"","meta":{"neve_meta_sidebar":"","neve_meta_container":"","neve_meta_enable_content_width":"","neve_meta_content_width":0,"neve_meta_title_alignment":"","neve_meta_author_avatar":"","neve_post_elements_order":"","neve_meta_disable_header":"","neve_meta_disable_footer":"","neve_meta_disable_title":"","footnotes":""},"class_list":["post-377","page","type-page","status-publish","hentry"],"_links":{"self":[{"href":"https:\/\/utfpr.curitiba.br\/ajudagestao\/index.php?rest_route=\/wp\/v2\/pages\/377","targetHints":{"allow":["GET"]}}],"collection":[{"href":"https:\/\/utfpr.curitiba.br\/ajudagestao\/index.php?rest_route=\/wp\/v2\/pages"}],"about":[{"href":"https:\/\/utfpr.curitiba.br\/ajudagestao\/index.php?rest_route=\/wp\/v2\/types\/page"}],"author":[{"embeddable":true,"href":"https:\/\/utfpr.curitiba.br\/ajudagestao\/index.php?rest_route=\/wp\/v2\/users\/270"}],"replies":[{"embeddable":true,"href":"https:\/\/utfpr.curitiba.br\/ajudagestao\/index.php?rest_route=%2Fwp%2Fv2%2Fcomments&post=377"}],"version-history":[{"count":10,"href":"https:\/\/utfpr.curitiba.br\/ajudagestao\/index.php?rest_route=\/wp\/v2\/pages\/377\/revisions"}],"predecessor-version":[{"id":1673,"href":"https:\/\/utfpr.curitiba.br\/ajudagestao\/index.php?rest_route=\/wp\/v2\/pages\/377\/revisions\/1673"}],"wp:attachment":[{"href":"https:\/\/utfpr.curitiba.br\/ajudagestao\/index.php?rest_route=%2Fwp%2Fv2%2Fmedia&parent=377"}],"curies":[{"name":"wp","href":"https:\/\/api.w.org\/{rel}","templated":true}]}}