{"id":335,"date":"2023-10-31T16:54:55","date_gmt":"2023-10-31T19:54:55","guid":{"rendered":"https:\/\/utfpr.curitiba.br\/ajudagestao\/?page_id=335"},"modified":"2025-01-29T10:19:01","modified_gmt":"2025-01-29T13:19:01","slug":"comunicacao","status":"publish","type":"page","link":"https:\/\/utfpr.curitiba.br\/ajudagestao\/?page_id=335","title":{"rendered":"Contatos e Comunica\u00e7\u00e3o"},"content":{"rendered":"\n<p>A comunica\u00e7\u00e3o \u00e9 essencial para o funcionamento adequado de uma universidade, promovendo o ensino, a pesquisa, a gest\u00e3o e o relacionamento entre todos os envolvidos no ambiente acad\u00eamico.<\/p>\n\n\n\n<h2 class=\"wp-block-heading has-nv-c-2-color has-text-color has-medium-font-size\"><strong>Gest\u00e3o do campus<\/strong><\/h2>\n\n\n\n<ul class=\"wp-block-list\">\n<li>Gabinete da Dire\u00e7\u00e3o-Geral (GADIR-CT): <a href=\"gadir-ct@utfpr.edu.br\">gadir-ct@utfpr.edu.br <\/a><\/li>\n\n\n\n<li>Diretoria de Planejamento (DIRPLAD-CT): <a href=\"mailto:dirplad-ct@utfpr.edu.br\">dirplad-ct@utfpr.edu.br<\/a><\/li>\n\n\n\n<li>Diretoria de Gradua\u00e7\u00e3o (DIRGRAD-CT): <a href=\"mailto:dirgrad-ct@utfpr.edu.br\">dirgrad-ct@utfpr.edu.br<\/a><\/li>\n\n\n\n<li>Diretoria de Pesquisa e P\u00f3s-Gradua\u00e7\u00e3o (DIRPPG-CT): <a href=\"dirppg-ct@utfpr.edu.br\">dirppg-ct@utfpr.edu.br <\/a><\/li>\n\n\n\n<li>Diretoria de Rela\u00e7\u00f5es Empresariais e Comunit\u00e1rias (DIREC-CT): <a href=\"direc-ct@utfpr.edu.br\">direc-ct@utfpr.edu.br<\/a><\/li>\n\n\n\n<li>Departamento de Registros Acad\u00eamicos (DERAC-CT): <a href=\"mailto:derac-ct@utfpr.edu.br\">derac-ct@utfpr.edu.br<\/a>&nbsp;<\/li>\n\n\n\n<li>Secretaria de Gest\u00e3o Acad\u00eamica (SEGEA-CT): <a href=\"segea-ct@utfpr.edu.br\">segea-ct@utfpr.edu.br&nbsp;<\/a><\/li>\n\n\n\n<li>Coordenadoria da Gest\u00e3o de Recursos Humanos (COGERH-CT): <a href=\"cogerh-ct@utfpr.edu.br\">cogerh-ct@utfpr.edu.br <\/a><\/li>\n\n\n\n<li>Coordenadoria da Gest\u00e3o de Tecnologia da Informa\u00e7\u00e3o (COGETI-CT): <a href=\"mailto:cogeti-ct@utfpr.edu.br\">cogeti-ct@utfpr.edu.br<\/a> <\/li>\n\n\n\n<li>Assessoria de Cerimonial e Eventos (ASCEV-CT): <a href=\"ascev-ct@utfpr.edu.br\">ascev-ct@utfpr.edu.br <\/a><\/li>\n\n\n\n<li>Assessoria de Comunica\u00e7\u00e3o (ASCOM-CT): <a href=\"mailto:ascom-ct@utfpr.edu.br\">ascom-ct@utfpr.edu.br<\/a><\/li>\n\n\n\n<li>Chefes dos Departamentos Acad\u00eamicos: grupo da DIRGE com chefes do campus (solicitar participa\u00e7\u00e3o)<\/li>\n\n\n\n<li>Coordenadores da Gradua\u00e7\u00e3o: grupo da DIRGRAD com os coordenadores do campus (solicitar participa\u00e7\u00e3o)<\/li>\n\n\n\n<li>Coordenadores da P\u00f3s-Gradua\u00e7\u00e3o: grupo da DIRPPG com os coordenadores do campus (solicitar participa\u00e7\u00e3o)<\/li>\n<\/ul>\n\n\n\n<h2 class=\"wp-block-heading has-nv-c-2-color has-text-color has-medium-font-size\"><strong>Disponibiliza\u00e7\u00e3o de informa\u00e7\u00f5es<\/strong><\/h2>\n\n\n\n<ul class=\"wp-block-list\">\n<li>Al\u00e9m do site oficial do curso, informa\u00e7\u00f5es podem ser disponibilizadas para o p\u00fablico externo via redes sociais, site do departamento, Assessoria de Comunica\u00e7\u00e3o (ASCOM) e Diretoria de Comunica\u00e7\u00e3o (DIRCOM).<\/li>\n<\/ul>\n\n\n\n<hr class=\"wp-block-separator has-text-color has-nv-light-bg-color has-alpha-channel-opacity has-nv-light-bg-background-color has-background\" \/>\n\n\n\n<div class=\"wp-block-buttons is-content-justification-center is-layout-flex wp-container-core-buttons-is-layout-16018d1d wp-block-buttons-is-layout-flex\">\n<div class=\"wp-block-button\"><a class=\"wp-block-button__link has-neve-link-color-background-color has-background wp-element-button\" href=\"https:\/\/utfpr.curitiba.br\/ajudagestao\/?page_id=434\" style=\"border-radius:11px;padding-top:var(--wp--preset--spacing--50);padding-bottom:var(--wp--preset--spacing--50)\">Comunica\u00e7\u00e3o (corpo discente)<\/a><\/div>\n\n\n\n<div class=\"wp-block-button\"><a class=\"wp-block-button__link has-neve-link-color-background-color has-background wp-element-button\" href=\"https:\/\/utfpr.curitiba.br\/ajudagestao\/?page_id=437\" style=\"border-radius:11px;padding-top:var(--wp--preset--spacing--50);padding-bottom:var(--wp--preset--spacing--50)\">Atualiza\u00e7\u00e3o do site do curso<\/a><\/div>\n\n\n\n<div class=\"wp-block-button\"><a class=\"wp-block-button__link has-neve-link-color-background-color has-background wp-element-button\" href=\"https:\/\/www.utfpr.edu.br\/comunicacao\" style=\"border-radius:11px;padding-top:var(--wp--preset--spacing--50);padding-bottom:var(--wp--preset--spacing--50)\">ASCOM<\/a><\/div>\n<\/div>\n\n\n\n<hr class=\"wp-block-separator has-text-color has-nv-text-dark-bg-color has-alpha-channel-opacity has-nv-text-dark-bg-background-color has-background\" \/>\n\n\n\n<hr class=\"wp-block-separator has-text-color has-nv-light-bg-color has-alpha-channel-opacity has-nv-light-bg-background-color has-background\" \/>\n\n\n\n<p class=\"has-nv-c-2-color has-text-color has-medium-font-size\"><strong>Paginas \u00fateis<\/strong><\/p>\n\n\n\n<p class=\"has-text-align-center has-nv-light-bg-background-color has-background\"><a href=\"https:\/\/www.utfpr.edu.br\/\" data-type=\"link\" data-id=\"https:\/\/www.utfpr.edu.br\/\">Portal UTFPR<\/a><\/p>\n","protected":false},"excerpt":{"rendered":"<p>A comunica\u00e7\u00e3o \u00e9 essencial para o funcionamento adequado de uma universidade, promovendo o ensino, a pesquisa, a gest\u00e3o e o relacionamento entre todos os envolvidos no ambiente acad\u00eamico. Gest\u00e3o do campus Disponibiliza\u00e7\u00e3o de informa\u00e7\u00f5es Paginas \u00fateis Portal UTFPR<\/p>\n","protected":false},"author":270,"featured_media":0,"parent":0,"menu_order":0,"comment_status":"closed","ping_status":"closed","template":"","meta":{"neve_meta_sidebar":"","neve_meta_container":"","neve_meta_enable_content_width":"","neve_meta_content_width":0,"neve_meta_title_alignment":"","neve_meta_author_avatar":"","neve_post_elements_order":"","neve_meta_disable_header":"","neve_meta_disable_footer":"","neve_meta_disable_title":"","footnotes":""},"class_list":["post-335","page","type-page","status-publish","hentry"],"_links":{"self":[{"href":"https:\/\/utfpr.curitiba.br\/ajudagestao\/index.php?rest_route=\/wp\/v2\/pages\/335","targetHints":{"allow":["GET"]}}],"collection":[{"href":"https:\/\/utfpr.curitiba.br\/ajudagestao\/index.php?rest_route=\/wp\/v2\/pages"}],"about":[{"href":"https:\/\/utfpr.curitiba.br\/ajudagestao\/index.php?rest_route=\/wp\/v2\/types\/page"}],"author":[{"embeddable":true,"href":"https:\/\/utfpr.curitiba.br\/ajudagestao\/index.php?rest_route=\/wp\/v2\/users\/270"}],"replies":[{"embeddable":true,"href":"https:\/\/utfpr.curitiba.br\/ajudagestao\/index.php?rest_route=%2Fwp%2Fv2%2Fcomments&post=335"}],"version-history":[{"count":19,"href":"https:\/\/utfpr.curitiba.br\/ajudagestao\/index.php?rest_route=\/wp\/v2\/pages\/335\/revisions"}],"predecessor-version":[{"id":1499,"href":"https:\/\/utfpr.curitiba.br\/ajudagestao\/index.php?rest_route=\/wp\/v2\/pages\/335\/revisions\/1499"}],"wp:attachment":[{"href":"https:\/\/utfpr.curitiba.br\/ajudagestao\/index.php?rest_route=%2Fwp%2Fv2%2Fmedia&parent=335"}],"curies":[{"name":"wp","href":"https:\/\/api.w.org\/{rel}","templated":true}]}}