{"id":284,"date":"2023-10-31T15:32:20","date_gmt":"2023-10-31T18:32:20","guid":{"rendered":"https:\/\/utfpr.curitiba.br\/ajudagestao\/?page_id=284"},"modified":"2025-01-30T10:29:23","modified_gmt":"2025-01-30T13:29:23","slug":"prae","status":"publish","type":"page","link":"https:\/\/utfpr.curitiba.br\/ajudagestao\/?page_id=284","title":{"rendered":"PRAE \/ Professor Respons\u00e1vel pelo Est\u00e1gio"},"content":{"rendered":"\n<p>O Professor Respons\u00e1vel pelo Est\u00e1gio (PRAE) gerencia a atividade de Est\u00e1gio, que segue regulamento pr\u00f3prio e instru\u00e7\u00f5es definidas pelo campus.<\/p>\n\n\n\n<p>O Est\u00e1gio Curricular Obrigat\u00f3rio, conforme estabelecido no Regulamento dos Est\u00e1gios Curriculares Supervisionados da UTFPR, desempenha um papel crucial na forma\u00e7\u00e3o dos alunos de Comunica\u00e7\u00e3o Organizacional. Com objetivos claros, o est\u00e1gio visa proporcionar uma s\u00e9rie de benef\u00edcios essenciais para o desenvolvimento profissional e pessoal dos estudantes:<\/p>\n\n\n\n<ul class=\"wp-block-list\">\n<li><strong>Aprendizado de compet\u00eancias profissionais e contextualiza\u00e7\u00e3o curricular<\/strong>: Proporciona a oportunidade de aplicar na pr\u00e1tica as habilidades e conhecimentos adquiridos durante a forma\u00e7\u00e3o acad\u00eamica, integrando teoria e pr\u00e1tica.<\/li>\n<\/ul>\n\n\n\n<ul class=\"wp-block-list\">\n<li><strong>Desenvolvimento para a vida cidad\u00e3 e para o trabalho<\/strong>: Promove o crescimento pessoal e profissional dos alunos, preparando-os n\u00e3o apenas para o mercado de trabalho, mas tamb\u00e9m para serem cidad\u00e3os ativos na sociedade.<\/li>\n<\/ul>\n\n\n\n<ul class=\"wp-block-list\">\n<li><strong>Facilita\u00e7\u00e3o da inser\u00e7\u00e3o no mundo do trabalho<\/strong>: Auxilia os estudantes na transi\u00e7\u00e3o da vida acad\u00eamica para a profissional, proporcionando experi\u00eancias significativas que podem contribuir para uma entrada mais suave no mercado de trabalho ap\u00f3s a gradua\u00e7\u00e3o.<\/li>\n<\/ul>\n\n\n\n<ul class=\"wp-block-list\">\n<li><strong>Articula\u00e7\u00e3o entre a UTFPR e o mundo do trabalho<\/strong>: Estabelece uma ponte entre a institui\u00e7\u00e3o de ensino e o mercado de trabalho, promovendo parcerias e colabora\u00e7\u00f5es que beneficiam tanto os alunos quanto as empresas e organiza\u00e7\u00f5es.<\/li>\n<\/ul>\n\n\n\n<ul class=\"wp-block-list\">\n<li><strong>Adapta\u00e7\u00e3o social e psicol\u00f3gica<\/strong>: Ajuda os alunos a se adaptarem aos ambientes profissionais e a desenvolverem habilidades de relacionamento interpessoal, essenciais para o sucesso em suas futuras carreiras.<\/li>\n<\/ul>\n\n\n\n<ul class=\"wp-block-list\">\n<li><strong>Complemento das compet\u00eancias do perfil do egresso<\/strong>: Contribui para o desenvolvimento das compet\u00eancias e habilidades esperadas dos graduados em Comunica\u00e7\u00e3o Organizacional, preparando-os para os desafios do mercado de trabalho.<\/li>\n<\/ul>\n\n\n\n<hr class=\"wp-block-separator has-text-color has-nv-light-bg-color has-alpha-channel-opacity has-nv-light-bg-background-color has-background\" \/>\n\n\n\n<div class=\"wp-block-buttons is-content-justification-center is-layout-flex wp-container-core-buttons-is-layout-16018d1d wp-block-buttons-is-layout-flex\">\n<div class=\"wp-block-button has-custom-width wp-block-button__width-75 has-custom-font-size\" style=\"font-size:16px\"><a class=\"wp-block-button__link has-neve-link-color-background-color has-background wp-element-button\" href=\"https:\/\/utfpr.curitiba.br\/ajudagestao\/?page_id=501\" style=\"border-radius:11px;padding-top:var(--wp--preset--spacing--40);padding-bottom:var(--wp--preset--spacing--40)\">PRAE \/ Procedimentos Internos<\/a><\/div>\n<\/div>\n\n\n\n<hr class=\"wp-block-separator has-text-color has-nv-light-bg-color has-alpha-channel-opacity has-nv-light-bg-background-color has-background\" \/>\n\n\n\n<p class=\"has-nv-c-2-color has-text-color has-medium-font-size\"><strong>P\u00e1ginas \u00fateis<\/strong><\/p>\n\n\n\n<p class=\"has-text-align-center has-nv-light-bg-background-color has-background\"><a href=\"https:\/\/sei.utfpr.edu.br\/sip\/login.php?sigla_orgao_sistema=UTFPR&amp;sigla_sistema=SEI&amp;infra_url=L3NlaS8=\" data-type=\"link\" data-id=\"https:\/\/sei.utfpr.edu.br\/sip\/login.php?sigla_orgao_sistema=UTFPR&amp;sigla_sistema=SEI&amp;infra_url=L3NlaS8=\">SEI<\/a><\/p>\n","protected":false},"excerpt":{"rendered":"<p>O Professor Respons\u00e1vel pelo Est\u00e1gio (PRAE) gerencia a atividade de Est\u00e1gio, que segue regulamento pr\u00f3prio e instru\u00e7\u00f5es definidas pelo campus. O Est\u00e1gio Curricular Obrigat\u00f3rio, conforme estabelecido no Regulamento dos Est\u00e1gios Curriculares Supervisionados da UTFPR, desempenha um papel crucial na forma\u00e7\u00e3o dos alunos de Comunica\u00e7\u00e3o Organizacional. Com objetivos claros, o est\u00e1gio visa proporcionar uma s\u00e9rie de&hellip;&nbsp;<a href=\"https:\/\/utfpr.curitiba.br\/ajudagestao\/?page_id=284\" rel=\"bookmark\">Continue a ler &raquo;<span class=\"screen-reader-text\">PRAE \/ Professor Respons\u00e1vel pelo Est\u00e1gio<\/span><\/a><\/p>\n","protected":false},"author":270,"featured_media":0,"parent":0,"menu_order":0,"comment_status":"closed","ping_status":"closed","template":"","meta":{"neve_meta_sidebar":"","neve_meta_container":"","neve_meta_enable_content_width":"","neve_meta_content_width":0,"neve_meta_title_alignment":"","neve_meta_author_avatar":"","neve_post_elements_order":"","neve_meta_disable_header":"","neve_meta_disable_footer":"","neve_meta_disable_title":"","footnotes":""},"class_list":["post-284","page","type-page","status-publish","hentry"],"_links":{"self":[{"href":"https:\/\/utfpr.curitiba.br\/ajudagestao\/index.php?rest_route=\/wp\/v2\/pages\/284","targetHints":{"allow":["GET"]}}],"collection":[{"href":"https:\/\/utfpr.curitiba.br\/ajudagestao\/index.php?rest_route=\/wp\/v2\/pages"}],"about":[{"href":"https:\/\/utfpr.curitiba.br\/ajudagestao\/index.php?rest_route=\/wp\/v2\/types\/page"}],"author":[{"embeddable":true,"href":"https:\/\/utfpr.curitiba.br\/ajudagestao\/index.php?rest_route=\/wp\/v2\/users\/270"}],"replies":[{"embeddable":true,"href":"https:\/\/utfpr.curitiba.br\/ajudagestao\/index.php?rest_route=%2Fwp%2Fv2%2Fcomments&post=284"}],"version-history":[{"count":5,"href":"https:\/\/utfpr.curitiba.br\/ajudagestao\/index.php?rest_route=\/wp\/v2\/pages\/284\/revisions"}],"predecessor-version":[{"id":1638,"href":"https:\/\/utfpr.curitiba.br\/ajudagestao\/index.php?rest_route=\/wp\/v2\/pages\/284\/revisions\/1638"}],"wp:attachment":[{"href":"https:\/\/utfpr.curitiba.br\/ajudagestao\/index.php?rest_route=%2Fwp%2Fv2%2Fmedia&parent=284"}],"curies":[{"name":"wp","href":"https:\/\/api.w.org\/{rel}","templated":true}]}}