{"id":282,"date":"2023-10-31T15:31:33","date_gmt":"2023-10-31T18:31:33","guid":{"rendered":"https:\/\/utfpr.curitiba.br\/ajudagestao\/?page_id=282"},"modified":"2025-01-30T10:26:32","modified_gmt":"2025-01-30T13:26:32","slug":"prativcomplementares","status":"publish","type":"page","link":"https:\/\/utfpr.curitiba.br\/ajudagestao\/?page_id=282","title":{"rendered":"PRAC \/ Professor Respons\u00e1vel por Atividades Complementares"},"content":{"rendered":"\n<p>As atividades complementares (ACs) s\u00e3o uma parte essencial do processo de forma\u00e7\u00e3o acad\u00eamica, pois visam enriquecer o aprendizado do aluno para al\u00e9m das disciplinas regulares do curso. No contexto descrito, as ACs t\u00eam como objetivo privilegiar a constru\u00e7\u00e3o de comportamentos sociais, humanos e profissionais, reconhecendo a import\u00e2ncia do desenvolvimento integral do estudante.<\/p>\n\n\n\n<p>O PRAC tem como responsabilidade receber as certifica\u00e7\u00f5es dos alunos referentes as atividades complementares realizadas, al\u00e9m de fazer a confer\u00eancia das mesmas de acordo com o regulamento de cada curso, para assim, validar as horas.<\/p>\n\n\n\n<hr class=\"wp-block-separator has-text-color has-nv-light-bg-color has-alpha-channel-opacity has-nv-light-bg-background-color has-background\" \/>\n\n\n\n<p>O regulamento das ACs dos cursos de gradua\u00e7\u00e3o da UTFPR estabelece diretrizes claras para a realiza\u00e7\u00e3o e valida\u00e7\u00e3o dessas atividades. Destacam-se os seguintes pontos:<\/p>\n\n\n\n<ul class=\"wp-block-list\">\n<li><strong>Objetivos das ACs<\/strong>: As ACs visam complementar a forma\u00e7\u00e3o social, humana e profissional dos estudantes, promovendo atividades de cunho comunit\u00e1rio, assist\u00eancia acad\u00eamica, inicia\u00e7\u00e3o cient\u00edfica e tecnol\u00f3gica, al\u00e9m de esportes, cultura e interc\u00e2mbios.<\/li>\n<\/ul>\n\n\n\n<ul class=\"wp-block-list\">\n<li><strong>Obrigatoriamente curriculares<\/strong>: as ACs s\u00e3o consideradas um componente curricular obrigat\u00f3rio, o que enfatiza sua import\u00e2ncia no percurso de gradua\u00e7\u00e3o do aluno.<\/li>\n<\/ul>\n\n\n\n<ul class=\"wp-block-list\">\n<li><strong>Valida\u00e7\u00e3o das atividades<\/strong>: as atividades realizadas pelos alunos s\u00e3o validadas pelo Professor Respons\u00e1vel pelas ACs, levando em considera\u00e7\u00e3o sua compatibilidade com os objetivos do curso e sua relev\u00e2ncia, bem como o n\u00famero total de horas dedicadas a cada tipo de atividade.<\/li>\n<\/ul>\n\n\n\n<ul class=\"wp-block-list\">\n<li><strong>Divis\u00e3o em grupos<\/strong>: as ACs s\u00e3o divididas em tr\u00eas grandes grupos, cada um visando o desenvolvimento de diferentes aspectos: complementa\u00e7\u00e3o e forma\u00e7\u00e3o social, humana e cultural; atividades comunit\u00e1rias de interesse coletivo; e inicia\u00e7\u00e3o cient\u00edfica, tecnol\u00f3gica e forma\u00e7\u00e3o profissional.<\/li>\n<\/ul>\n\n\n\n<ul class=\"wp-block-list\">\n<li><strong>Pontua\u00e7\u00e3o e requisitos<\/strong>: para a aprova\u00e7\u00e3o e valida\u00e7\u00e3o das horas de ACs, o aluno precisa cumprir atividades de todos os tr\u00eas grupos, ficando condicionado a um m\u00e1ximo de pontos para cada grupo.<\/li>\n<\/ul>\n\n\n\n<p>As informa\u00e7\u00f5es de apoio constam no site oficial do curso ou com os centros acad\u00eamicos, e podem ter seu procedimento revisto pelo Colegiado a qualquer momento.<\/p>\n\n\n\n<hr class=\"wp-block-separator has-text-color has-nv-light-bg-color has-alpha-channel-opacity has-nv-light-bg-background-color has-background\" \/>\n\n\n\n<p class=\"has-nv-c-2-color has-text-color has-medium-font-size\"><strong>Paginas \u00fateis<\/strong><\/p>\n\n\n\n<p class=\"has-text-align-center has-nv-light-bg-background-color has-background\"><a href=\"https:\/\/www.utfpr.edu.br\/cursos\/graduacao\" data-type=\"link\" data-id=\"https:\/\/www.utfpr.edu.br\/cursos\/graduacao\">Portal UTFPR<\/a><\/p>\n","protected":false},"excerpt":{"rendered":"<p>As atividades complementares (ACs) s\u00e3o uma parte essencial do processo de forma\u00e7\u00e3o acad\u00eamica, pois visam enriquecer o aprendizado do aluno para al\u00e9m das disciplinas regulares do curso. No contexto descrito, as ACs t\u00eam como objetivo privilegiar a constru\u00e7\u00e3o de comportamentos sociais, humanos e profissionais, reconhecendo a import\u00e2ncia do desenvolvimento integral do estudante. O PRAC tem&hellip;&nbsp;<a href=\"https:\/\/utfpr.curitiba.br\/ajudagestao\/?page_id=282\" rel=\"bookmark\">Continue a ler &raquo;<span class=\"screen-reader-text\">PRAC \/ Professor Respons\u00e1vel por Atividades Complementares<\/span><\/a><\/p>\n","protected":false},"author":270,"featured_media":0,"parent":0,"menu_order":0,"comment_status":"closed","ping_status":"closed","template":"","meta":{"neve_meta_sidebar":"","neve_meta_container":"","neve_meta_enable_content_width":"","neve_meta_content_width":0,"neve_meta_title_alignment":"","neve_meta_author_avatar":"","neve_post_elements_order":"","neve_meta_disable_header":"","neve_meta_disable_footer":"","neve_meta_disable_title":"","footnotes":""},"class_list":["post-282","page","type-page","status-publish","hentry"],"_links":{"self":[{"href":"https:\/\/utfpr.curitiba.br\/ajudagestao\/index.php?rest_route=\/wp\/v2\/pages\/282","targetHints":{"allow":["GET"]}}],"collection":[{"href":"https:\/\/utfpr.curitiba.br\/ajudagestao\/index.php?rest_route=\/wp\/v2\/pages"}],"about":[{"href":"https:\/\/utfpr.curitiba.br\/ajudagestao\/index.php?rest_route=\/wp\/v2\/types\/page"}],"author":[{"embeddable":true,"href":"https:\/\/utfpr.curitiba.br\/ajudagestao\/index.php?rest_route=\/wp\/v2\/users\/270"}],"replies":[{"embeddable":true,"href":"https:\/\/utfpr.curitiba.br\/ajudagestao\/index.php?rest_route=%2Fwp%2Fv2%2Fcomments&post=282"}],"version-history":[{"count":8,"href":"https:\/\/utfpr.curitiba.br\/ajudagestao\/index.php?rest_route=\/wp\/v2\/pages\/282\/revisions"}],"predecessor-version":[{"id":1636,"href":"https:\/\/utfpr.curitiba.br\/ajudagestao\/index.php?rest_route=\/wp\/v2\/pages\/282\/revisions\/1636"}],"wp:attachment":[{"href":"https:\/\/utfpr.curitiba.br\/ajudagestao\/index.php?rest_route=%2Fwp%2Fv2%2Fmedia&parent=282"}],"curies":[{"name":"wp","href":"https:\/\/api.w.org\/{rel}","templated":true}]}}