{"id":280,"date":"2023-10-31T15:31:11","date_gmt":"2023-10-31T18:31:11","guid":{"rendered":"https:\/\/utfpr.curitiba.br\/ajudagestao\/?page_id=280"},"modified":"2025-01-30T11:34:44","modified_gmt":"2025-01-30T14:34:44","slug":"pratcc","status":"publish","type":"page","link":"https:\/\/utfpr.curitiba.br\/ajudagestao\/?page_id=280","title":{"rendered":"PRATCC \/ Professor Respons\u00e1vel pelo Trabalho de Conclus\u00e3o de Curso"},"content":{"rendered":"\n<p>O Professor Respons\u00e1vel pelo TCC (PRATCC) gerencia os Trabalhos de Conclus\u00e3o de Curso, que obedecem a regulamento pr\u00f3prio e podem seguir procedimentos definidos por cada curso.&nbsp;No contexto descrito, as normas para o TCC dos cursos de gradua\u00e7\u00e3o da UTFPR, aliadas \u00e0s Normas Complementares para TCC dos cursos, estabelecem um conjunto de diretrizes claras para a realiza\u00e7\u00e3o e execu\u00e7\u00e3o desse projeto.<\/p>\n\n\n\n<hr class=\"wp-block-separator has-text-color has-nv-light-bg-color has-alpha-channel-opacity has-nv-light-bg-background-color has-background\" \/>\n\n\n\n<p>Na primeira etapa, o Professor Respons\u00e1vel pelas Atividades de TCC (PRATCC) deve iniciar o processo de &#8220;Defesa de Trabalho de Conclus\u00e3o de Curso&#8221; no SEI, seja de forma anual ou semestral, conforme definido pela Coordena\u00e7\u00e3o ou Departamento. <\/p>\n\n\n\n<p>Em seguida, ele atribui o processo a si mesmo para facilitar a identifica\u00e7\u00e3o e, opcionalmente, insere o processo em acompanhamento especial para melhor gerenciamento. O PRATCC tamb\u00e9m deve solicitar o cadastro dos discentes como usu\u00e1rios externos no SEI, enviando as informa\u00e7\u00f5es necess\u00e1rias ao Facilitador da DIRGRAD do campus e aguardando o retorno com as informa\u00e7\u00f5es de cadastro. <\/p>\n\n\n\n<p>Ap\u00f3s isso, relaciona o processo de defesa de TCC ao informado pelo Facilitador. Se houver membros da banca externos \u00e0 UTFPR, o cadastro deles deve ser solicitado conforme procedimentos espec\u00edficos. Por fim, o processo deve ser enviado para a Unidade do Professor Orientador.<\/p>\n\n\n\n<p>Na \u00faltima etapa, o PRATCC deve revisar todos os documentos do processo, garantindo que estejam preenchidos e assinados corretamente, e dar ci\u00eancia aos mesmos. Em seguida, assina eletronicamente o &#8220;Termo de Aprova\u00e7\u00e3o de TCC&#8221;.<\/p>\n\n\n\n<hr class=\"wp-block-separator has-text-color has-nv-light-bg-color has-alpha-channel-opacity has-nv-light-bg-background-color has-background\" \/>\n\n\n\n<p>Para a entrega da vers\u00e3o final do TCC, o estudante dever\u00e1:<\/p>\n\n\n\n<ol class=\"wp-block-list\">\n<li>Seguir o Regulamento vigente de TCC.<\/li>\n\n\n\n<li>Atender \u00e0s normas acad\u00eamicas da UTFPR.<\/li>\n\n\n\n<li>Exibir a logomarca da licen\u00e7a Creative Commons na folha de rosto, conforme a Resolu\u00e7\u00e3o Conjunta N\u00ba 01\/2021.<\/li>\n\n\n\n<li>Para produtos como softwares, o c\u00f3digo fonte deve ter licen\u00e7a adequada, como GPL GNU, conforme a Resolu\u00e7\u00e3o n\u00ba 55\/2019.<\/li>\n\n\n\n<li>Incluir dados id\u00eanticos aos do Sistema Acad\u00eamico no arquivo final.<\/li>\n\n\n\n<li>Ser entregues apenas em formato digital dentro do prazo estipulado.<\/li>\n\n\n\n<li>Ser tramitados pelo Sistema Acad\u00eamico e dispon\u00edveis no Reposit\u00f3rio Institucional da UTFPR (RIUT).<\/li>\n<\/ol>\n\n\n\n<hr class=\"wp-block-separator has-text-color has-nv-light-bg-color has-alpha-channel-opacity has-nv-light-bg-background-color has-background\" \/>\n\n\n\n<p class=\"has-neve-text-color-color has-text-color has-link-color wp-elements-ceb71d09684ee20ce48a0ee3b79bd9bb\">Para mais informa\u00e7\u00f5es, buscar no reposit\u00f3rio das bases de conhecimento no <a href=\"https:\/\/sei.utfpr.edu.br\/\">SEI!<\/a>.<\/p>\n\n\n\n<hr class=\"wp-block-separator has-text-color has-nv-light-bg-color has-alpha-channel-opacity has-nv-light-bg-background-color has-background\" \/>\n\n\n\n<p class=\"has-nv-c-2-color has-text-color has-medium-font-size\"><strong>Paginas \u00fateis<\/strong><\/p>\n\n\n\n<p class=\"has-text-align-center has-nv-light-bg-background-color has-background\"><a href=\"https:\/\/www.utfpr.edu.br\/cursos\/graduacao\" data-type=\"link\" data-id=\"https:\/\/www.utfpr.edu.br\/cursos\/graduacao\">Portal UTFPR<\/a><\/p>\n","protected":false},"excerpt":{"rendered":"<p>O Professor Respons\u00e1vel pelo TCC (PRATCC) gerencia os Trabalhos de Conclus\u00e3o de Curso, que obedecem a regulamento pr\u00f3prio e podem seguir procedimentos definidos por cada curso.&nbsp;No contexto descrito, as normas para o TCC dos cursos de gradua\u00e7\u00e3o da UTFPR, aliadas \u00e0s Normas Complementares para TCC dos cursos, estabelecem um conjunto de diretrizes claras para a&hellip;&nbsp;<a href=\"https:\/\/utfpr.curitiba.br\/ajudagestao\/?page_id=280\" rel=\"bookmark\">Continue a ler &raquo;<span class=\"screen-reader-text\">PRATCC \/ Professor Respons\u00e1vel pelo Trabalho de Conclus\u00e3o de Curso<\/span><\/a><\/p>\n","protected":false},"author":270,"featured_media":0,"parent":0,"menu_order":0,"comment_status":"closed","ping_status":"closed","template":"","meta":{"neve_meta_sidebar":"","neve_meta_container":"","neve_meta_enable_content_width":"","neve_meta_content_width":0,"neve_meta_title_alignment":"","neve_meta_author_avatar":"","neve_post_elements_order":"","neve_meta_disable_header":"","neve_meta_disable_footer":"","neve_meta_disable_title":"","footnotes":""},"class_list":["post-280","page","type-page","status-publish","hentry"],"_links":{"self":[{"href":"https:\/\/utfpr.curitiba.br\/ajudagestao\/index.php?rest_route=\/wp\/v2\/pages\/280","targetHints":{"allow":["GET"]}}],"collection":[{"href":"https:\/\/utfpr.curitiba.br\/ajudagestao\/index.php?rest_route=\/wp\/v2\/pages"}],"about":[{"href":"https:\/\/utfpr.curitiba.br\/ajudagestao\/index.php?rest_route=\/wp\/v2\/types\/page"}],"author":[{"embeddable":true,"href":"https:\/\/utfpr.curitiba.br\/ajudagestao\/index.php?rest_route=\/wp\/v2\/users\/270"}],"replies":[{"embeddable":true,"href":"https:\/\/utfpr.curitiba.br\/ajudagestao\/index.php?rest_route=%2Fwp%2Fv2%2Fcomments&post=280"}],"version-history":[{"count":9,"href":"https:\/\/utfpr.curitiba.br\/ajudagestao\/index.php?rest_route=\/wp\/v2\/pages\/280\/revisions"}],"predecessor-version":[{"id":1652,"href":"https:\/\/utfpr.curitiba.br\/ajudagestao\/index.php?rest_route=\/wp\/v2\/pages\/280\/revisions\/1652"}],"wp:attachment":[{"href":"https:\/\/utfpr.curitiba.br\/ajudagestao\/index.php?rest_route=%2Fwp%2Fv2%2Fmedia&parent=280"}],"curies":[{"name":"wp","href":"https:\/\/api.w.org\/{rel}","templated":true}]}}