{"id":25,"date":"2023-10-25T16:04:25","date_gmt":"2023-10-25T19:04:25","guid":{"rendered":"https:\/\/utfpr.curitiba.br\/ajudagestao\/?page_id=25"},"modified":"2025-02-18T13:40:42","modified_gmt":"2025-02-18T16:40:42","slug":"coordenadordecursodegraduacao","status":"publish","type":"page","link":"https:\/\/utfpr.curitiba.br\/ajudagestao\/?page_id=25","title":{"rendered":"Coordenadores de Cursos de Gradua\u00e7\u00e3o"},"content":{"rendered":"\n<p class=\"has-text-align-left\">O regimento estabelece que as Coordena\u00e7\u00f5es de Cursos de Bacharelados, Licenciaturas, Educa\u00e7\u00e3o Profissional de N\u00edvel T\u00e9cnico e Superiores de Tecnologia est\u00e3o subordinadas a secretarias espec\u00edficas. Tais coordena\u00e7\u00f5es t\u00eam atribui\u00e7\u00f5es que v\u00e3o desde o cumprimento das normas institucionais, orienta\u00e7\u00e3o de estudantes, controle de projetos pedag\u00f3gicos at\u00e9 a proposi\u00e7\u00e3o de cursos de forma\u00e7\u00e3o continuada. A escolha dos Coordenadores de Curso \u00e9 feita a partir de uma lista elaborada pelo Colegiado e encaminhada ao Diretor-Geral, obedecendo a um regulamento pr\u00f3prio aprovado pelo Conselho de Gradua\u00e7\u00e3o e Educa\u00e7\u00e3o Profissional.<\/p>\n\n\n\n<p class=\"has-neve-text-color-color has-text-color has-link-color wp-elements-1e48fb904b3737a29737583318a32bd7\">Para mais informa\u00e7\u00f5es quanto as atribui\u00e7\u00f5es de cada ocupa\u00e7\u00e3o, <a href=\"https:\/\/portal.utfpr.edu.br\/estrutura\/grad\/competencias#diretoria-de-gradua--es\" data-type=\"URL\" data-id=\"https:\/\/portal.utfpr.edu.br\/estrutura\/grad\/competencias#diretoria-de-gradua--es\" target=\"_blank\" rel=\"noreferrer noopener\">clique aqui.<\/a><\/p>\n\n\n\n<hr class=\"wp-block-separator has-text-color has-nv-light-bg-color has-alpha-channel-opacity has-nv-light-bg-background-color has-background\" \/>\n\n\n\n<p class=\"has-nv-c-2-color has-text-color has-medium-font-size\"><strong>Processos<\/strong><\/p>\n\n\n\n<div class=\"wp-block-group has-medium-font-size is-vertical is-content-justification-center is-layout-flex wp-container-core-group-is-layout-e16b4fff wp-block-group-is-layout-flex\" style=\"padding-top:0;padding-bottom:0\">\n<div class=\"wp-block-buttons has-custom-font-size is-horizontal is-content-justification-center is-layout-flex wp-container-core-buttons-is-layout-769315fb wp-block-buttons-is-layout-flex\" style=\"font-size:16px\">\n<div class=\"wp-block-button has-custom-width wp-block-button__width-50 has-custom-font-size has-small-font-size\"><a class=\"wp-block-button__link has-neve-link-color-background-color has-background wp-element-button\" href=\"https:\/\/utfpr.curitiba.br\/ajudagestao\/?page_id=732\" style=\"border-radius:11px;padding-top:var(--wp--preset--spacing--40);padding-bottom:var(--wp--preset--spacing--40)\">Abertura de Chamados \/ Manuten\u00e7\u00e3o e Servi\u00e7os Gerais<\/a><\/div>\n\n\n\n<div class=\"wp-block-button has-custom-width wp-block-button__width-50 has-custom-font-size has-small-font-size\"><a class=\"wp-block-button__link has-neve-link-color-background-color has-background wp-element-button\" href=\"https:\/\/utfpr.curitiba.br\/ajudagestao\/?page_id=295\" style=\"border-radius:11px;padding-top:var(--wp--preset--spacing--40);padding-bottom:var(--wp--preset--spacing--40)\">Abertura de Chamados \/ Tecnologia da Informa\u00e7\u00e3o (T.I.)<\/a><\/div>\n\n\n\n<div class=\"wp-block-button has-custom-width wp-block-button__width-50 has-custom-font-size has-small-font-size\"><a class=\"wp-block-button__link has-neve-link-color-background-color has-background wp-element-button\" href=\"https:\/\/utfpr.curitiba.br\/ajudagestao\/?page_id=1049\" style=\"border-radius:11px;padding-top:var(--wp--preset--spacing--40);padding-bottom:var(--wp--preset--spacing--40)\">Aux\u00edlio Estudantil<\/a><\/div>\n\n\n\n<div class=\"wp-block-button has-custom-width wp-block-button__width-50 has-custom-font-size has-small-font-size\"><a class=\"wp-block-button__link has-neve-link-color-background-color has-background wp-element-button\" href=\"https:\/\/utfpr.curitiba.br\/ajudagestao\/?page_id=529\" style=\"border-radius:11px;padding-top:var(--wp--preset--spacing--40);padding-bottom:var(--wp--preset--spacing--40)\">Avalia\u00e7\u00e3o Quero\/Estad\u00e3o<\/a><\/div>\n\n\n\n<div class=\"wp-block-button has-custom-width wp-block-button__width-50 has-custom-font-size has-small-font-size\"><a class=\"wp-block-button__link has-neve-link-color-background-color has-background wp-element-button\" href=\"https:\/\/utfpr.curitiba.br\/ajudagestao\/?page_id=463\" style=\"border-radius:11px;padding-top:var(--wp--preset--spacing--40);padding-bottom:var(--wp--preset--spacing--40)\">Cadastro de Usu\u00e1rio Externo no SEI<\/a><\/div>\n\n\n\n<div class=\"wp-block-button has-custom-width wp-block-button__width-50 has-custom-font-size has-small-font-size\"><a class=\"wp-block-button__link has-neve-link-color-background-color has-background wp-element-button\" href=\"https:\/\/utfpr.curitiba.br\/ajudagestao\/?page_id=469\" style=\"border-radius:11px;padding-top:var(--wp--preset--spacing--40);padding-bottom:var(--wp--preset--spacing--40)\">Colegiado \/ N\u00facleo Docente Estruturante<\/a><\/div>\n\n\n\n<div class=\"wp-block-button has-custom-width wp-block-button__width-50 has-custom-font-size has-small-font-size\"><a class=\"wp-block-button__link has-neve-link-color-background-color has-background wp-element-button\" href=\"https:\/\/utfpr.curitiba.br\/ajudagestao\/?page_id=466\" style=\"border-radius:11px;padding-top:var(--wp--preset--spacing--40);padding-bottom:var(--wp--preset--spacing--40)\">Colegiado \/ NDE \/ Gest\u00e3o de Reuni\u00f5es<\/a><\/div>\n\n\n\n<div class=\"wp-block-button has-custom-width wp-block-button__width-50 has-custom-font-size has-small-font-size\"><a class=\"wp-block-button__link has-neve-link-color-background-color has-background wp-element-button\" href=\"https:\/\/utfpr.curitiba.br\/ajudagestao\/?page_id=434\" style=\"border-radius:11px;padding-top:var(--wp--preset--spacing--40);padding-bottom:var(--wp--preset--spacing--40)\">Comunica\u00e7\u00e3o da Coordena\u00e7\u00e3o com Discentes<\/a><\/div>\n\n\n\n<div class=\"wp-block-button has-custom-width wp-block-button__width-50 has-custom-font-size has-small-font-size\"><a class=\"wp-block-button__link has-neve-link-color-background-color has-background wp-element-button\" href=\"https:\/\/utfpr.curitiba.br\/ajudagestao\/?page_id=335\" style=\"border-radius:11px;padding-top:var(--wp--preset--spacing--40);padding-bottom:var(--wp--preset--spacing--40)\">Contatos e Comunica\u00e7\u00e3o<\/a><\/div>\n\n\n\n<div class=\"wp-block-button has-custom-width wp-block-button__width-50 has-custom-font-size is-style-default has-small-font-size\"><a class=\"wp-block-button__link has-neve-link-color-background-color has-background wp-element-button\" href=\"https:\/\/utfpr.curitiba.br\/ajudagestao\/?page_id=377\" style=\"border-radius:11px;padding-top:var(--wp--preset--spacing--40);padding-bottom:var(--wp--preset--spacing--40)\">Coordenadores de Gradua\u00e7\u00e3o \/ Matr\u00edculas<\/a><\/div>\n\n\n\n<div class=\"wp-block-button has-custom-width wp-block-button__width-50 has-custom-font-size is-style-default has-small-font-size\"><a class=\"wp-block-button__link has-neve-link-color-background-color has-background wp-element-button\" href=\"https:\/\/utfpr.curitiba.br\/ajudagestao\/?page_id=195\" style=\"border-radius:11px;padding-top:var(--wp--preset--spacing--40);padding-bottom:var(--wp--preset--spacing--40)\">Coordenadores de Gradua\u00e7\u00e3o \/ Primeiras A\u00e7\u00f5es<\/a><\/div>\n\n\n\n<div class=\"wp-block-button has-custom-width wp-block-button__width-50 has-custom-font-size is-style-default has-small-font-size\"><a class=\"wp-block-button__link has-neve-link-color-background-color has-background wp-element-button\" href=\"https:\/\/utfpr.curitiba.br\/ajudagestao\/?page_id=199\" style=\"border-radius:11px;padding-top:var(--wp--preset--spacing--40);padding-bottom:var(--wp--preset--spacing--40)\">Coordenadores de Gradua\u00e7\u00e3o \/ Regulamentos<\/a><\/div>\n\n\n\n<div class=\"wp-block-button has-custom-width wp-block-button__width-50 has-custom-font-size is-style-default has-small-font-size\"><a class=\"wp-block-button__link has-neve-link-color-background-color has-background wp-element-button\" href=\"https:\/\/utfpr.curitiba.br\/ajudagestao\/?page_id=1060\" style=\"border-radius:11px;padding-top:var(--wp--preset--spacing--40);padding-bottom:var(--wp--preset--spacing--40)\">Cursos do Campus Curitiba<\/a><\/div>\n\n\n\n<div class=\"wp-block-button has-custom-width wp-block-button__width-50 has-custom-font-size is-style-default has-small-font-size\"><a class=\"wp-block-button__link has-neve-link-color-background-color has-background wp-element-button\" href=\"https:\/\/utfpr.curitiba.br\/ajudagestao\/?page_id=206\" style=\"border-radius:11px;padding-top:var(--wp--preset--spacing--40);padding-bottom:var(--wp--preset--spacing--40)\">Declara\u00e7\u00f5es<\/a><\/div>\n\n\n\n<div class=\"wp-block-button has-custom-width wp-block-button__width-50 has-custom-font-size has-small-font-size\"><a class=\"wp-block-button__link has-neve-link-color-background-color has-background wp-element-button\" href=\"https:\/\/utfpr.curitiba.br\/ajudagestao\/?page_id=392\" style=\"border-radius:11px;padding-top:var(--wp--preset--spacing--40);padding-bottom:var(--wp--preset--spacing--40)\">Di\u00e1rios de Classe<\/a><\/div>\n\n\n\n<div class=\"wp-block-button has-custom-width wp-block-button__width-50 has-custom-font-size has-small-font-size\"><a class=\"wp-block-button__link has-neve-link-color-background-color has-background wp-element-button\" style=\"border-radius:11px;padding-top:var(--wp--preset--spacing--40);padding-bottom:var(--wp--preset--spacing--40)\">Disciplinas Optativas \/ Inclus\u00e3o<\/a><\/div>\n\n\n\n<div class=\"wp-block-button has-custom-width wp-block-button__width-50 has-custom-font-size has-small-font-size\"><a class=\"wp-block-button__link has-neve-link-color-background-color has-background wp-element-button\" href=\"https:\/\/utfpr.curitiba.br\/ajudagestao\/?page_id=398\" style=\"border-radius:11px;padding-top:var(--wp--preset--spacing--40);padding-bottom:var(--wp--preset--spacing--40)\">Discentes \/ Requerimentos<\/a><\/div>\n\n\n\n<div class=\"wp-block-button has-custom-width wp-block-button__width-50 has-custom-font-size has-small-font-size\"><a class=\"wp-block-button__link has-neve-link-color-background-color has-background wp-element-button\" href=\"https:\/\/utfpr.curitiba.br\/ajudagestao\/?page_id=531\" style=\"border-radius:11px;padding-top:var(--wp--preset--spacing--40);padding-bottom:var(--wp--preset--spacing--40)\">ENADE<\/a><\/div>\n\n\n\n<div class=\"wp-block-button has-custom-width wp-block-button__width-50 has-custom-font-size has-small-font-size\"><a class=\"wp-block-button__link has-neve-link-color-background-color has-background wp-element-button\" href=\"https:\/\/utfpr.curitiba.br\/ajudagestao\/?page_id=1026\" style=\"border-radius:11px;padding-top:var(--wp--preset--spacing--40);padding-bottom:var(--wp--preset--spacing--40)\">Est\u00e1gios \/ Discentes<\/a><\/div>\n\n\n\n<div class=\"wp-block-button has-custom-width wp-block-button__width-50 has-custom-font-size has-small-font-size\"><a class=\"wp-block-button__link has-neve-link-color-background-color has-background wp-element-button\" href=\"https:\/\/utfpr.curitiba.br\/ajudagestao\/?page_id=431\" style=\"border-radius:11px;padding-top:var(--wp--preset--spacing--40);padding-bottom:var(--wp--preset--spacing--40)\">Estrutura da Coordena\u00e7\u00e3o dos Cursos de Gradua\u00e7\u00e3o<\/a><\/div>\n\n\n\n<div class=\"wp-block-button has-custom-width wp-block-button__width-50 has-custom-font-size has-small-font-size\"><a class=\"wp-block-button__link has-neve-link-color-background-color has-background wp-element-button\" style=\"border-radius:11px;padding-top:var(--wp--preset--spacing--40);padding-bottom:var(--wp--preset--spacing--40)\">Estrutura Organizacional da UTFPR<\/a><\/div>\n\n\n\n<div class=\"wp-block-button has-custom-width wp-block-button__width-50 has-custom-font-size has-small-font-size\"><a class=\"wp-block-button__link has-neve-link-color-background-color has-background wp-element-button\" href=\"https:\/\/utfpr.curitiba.br\/ajudagestao\/?page_id=420\" style=\"border-radius:11px;padding-top:var(--wp--preset--spacing--40);padding-bottom:var(--wp--preset--spacing--40)\">Eventos \/ Produ\u00e7\u00e3o<\/a><\/div>\n\n\n\n<div class=\"wp-block-button has-custom-width wp-block-button__width-50 has-custom-font-size has-small-font-size\"><a class=\"wp-block-button__link has-neve-link-color-background-color has-background wp-element-button\" style=\"border-radius:11px;padding-top:var(--wp--preset--spacing--40);padding-bottom:var(--wp--preset--spacing--40)\">Eventos \/ Registro como Atividade de Extens\u00e3o<\/a><\/div>\n\n\n\n<div class=\"wp-block-button has-custom-width wp-block-button__width-50 has-custom-font-size has-small-font-size\"><a class=\"wp-block-button__link has-neve-link-color-background-color has-background wp-element-button\" href=\"https:\/\/utfpr.curitiba.br\/ajudagestao\/?page_id=382\" style=\"border-radius:11px;padding-top:var(--wp--preset--spacing--40);padding-bottom:var(--wp--preset--spacing--40)\">Exame de Sufici\u00eancia<\/a><\/div>\n\n\n\n<div class=\"wp-block-button has-custom-width wp-block-button__width-50 has-custom-font-size has-small-font-size\"><a class=\"wp-block-button__link has-neve-link-color-background-color has-background wp-element-button\" href=\"https:\/\/utfpr.curitiba.br\/ajudagestao\/?page_id=1735\" style=\"border-radius:11px;padding-top:var(--wp--preset--spacing--40);padding-bottom:var(--wp--preset--spacing--40)\">Facilitadores do SEI e do Sistema Coorporativo<\/a><\/div>\n\n\n\n<div class=\"wp-block-button has-custom-width wp-block-button__width-50 has-custom-font-size has-small-font-size\"><a class=\"wp-block-button__link has-neve-link-color-background-color has-background wp-element-button\" href=\"https:\/\/utfpr.curitiba.br\/ajudagestao\/?page_id=536\" style=\"border-radius:11px;padding-top:var(--wp--preset--spacing--40);padding-bottom:var(--wp--preset--spacing--40)\">Formandos \/ Confer\u00eancia<\/a><\/div>\n\n\n\n<div class=\"wp-block-button has-custom-width wp-block-button__width-50 has-custom-font-size has-small-font-size\"><a class=\"wp-block-button__link has-neve-link-color-background-color has-background wp-element-button\" href=\"https:\/\/utfpr.curitiba.br\/ajudagestao\/?page_id=425\" style=\"border-radius:11px;padding-top:var(--wp--preset--spacing--40);padding-bottom:var(--wp--preset--spacing--40)\">Gest\u00e3o de processos no SEI<\/a><\/div>\n\n\n\n<div class=\"wp-block-button has-custom-width wp-block-button__width-50 has-custom-font-size has-small-font-size\"><a class=\"wp-block-button__link has-neve-link-color-background-color has-background wp-element-button\" href=\"https:\/\/utfpr.curitiba.br\/ajudagestao\/?page_id=396\" style=\"border-radius:11px;padding-top:var(--wp--preset--spacing--40);padding-bottom:var(--wp--preset--spacing--40)\">Jubilamento<\/a><\/div>\n\n\n\n<div class=\"wp-block-button has-custom-width wp-block-button__width-50 has-custom-font-size has-small-font-size\"><a class=\"wp-block-button__link has-neve-link-color-background-color has-background wp-element-button\" href=\"https:\/\/utfpr.curitiba.br\/ajudagestao\/?page_id=423\" style=\"border-radius:11px;padding-top:var(--wp--preset--spacing--40);padding-bottom:var(--wp--preset--spacing--40)\">Manuten\u00e7\u00e3o PPC<\/a><\/div>\n\n\n\n<div class=\"wp-block-button has-custom-width wp-block-button__width-50 has-custom-font-size has-small-font-size\"><a class=\"wp-block-button__link has-neve-link-color-background-color has-background wp-element-button\" href=\"https:\/\/utfpr.curitiba.br\/ajudagestao\/?page_id=542\" style=\"border-radius:11px;padding-top:var(--wp--preset--spacing--40);padding-bottom:var(--wp--preset--spacing--40)\">Monitorias<\/a><\/div>\n\n\n\n<div class=\"wp-block-button has-custom-width wp-block-button__width-50 has-custom-font-size has-small-font-size\"><a class=\"wp-block-button__link has-neve-link-color-background-color has-background wp-element-button\" href=\"https:\/\/utfpr.curitiba.br\/ajudagestao\/?page_id=746\" style=\"border-radius:11px;padding-top:var(--wp--preset--spacing--40);padding-bottom:var(--wp--preset--spacing--40)\">Or\u00e7amento<\/a><\/div>\n\n\n\n<div class=\"wp-block-button has-custom-width wp-block-button__width-50 has-custom-font-size has-small-font-size\"><a class=\"wp-block-button__link has-neve-link-color-background-color has-background wp-element-button\" href=\"https:\/\/utfpr.curitiba.br\/ajudagestao\/?page_id=544\" style=\"border-radius:11px;padding-top:var(--wp--preset--spacing--40);padding-bottom:var(--wp--preset--spacing--40)\">Ouvidoria<\/a><\/div>\n\n\n\n<div class=\"wp-block-button has-custom-width wp-block-button__width-50 has-custom-font-size has-small-font-size\"><a class=\"wp-block-button__link has-neve-link-color-background-color has-background wp-element-button\" href=\"https:\/\/utfpr.curitiba.br\/ajudagestao\/?page_id=744\" style=\"border-radius:11px;padding-top:var(--wp--preset--spacing--40);padding-bottom:var(--wp--preset--spacing--40)\">Patrim\u00f4nio<\/a><\/div>\n\n\n\n<div class=\"wp-block-button has-custom-width wp-block-button__width-50 has-custom-font-size has-small-font-size\"><a class=\"wp-block-button__link has-neve-link-color-background-color has-background wp-element-button\" href=\"https:\/\/utfpr.curitiba.br\/ajudagestao\/?page_id=390\" style=\"border-radius:11px;padding-top:var(--wp--preset--spacing--40);padding-bottom:var(--wp--preset--spacing--40)\">Planejamento de Aulas<\/a><\/div>\n\n\n\n<div class=\"wp-block-button has-custom-width wp-block-button__width-50 has-custom-font-size has-small-font-size\"><a class=\"wp-block-button__link has-neve-link-color-background-color has-background wp-element-button\" href=\"https:\/\/utfpr.curitiba.br\/ajudagestao\/?page_id=1034\" style=\"border-radius:11px;padding-top:var(--wp--preset--spacing--40);padding-bottom:var(--wp--preset--spacing--40)\">Portal dos Alunos<\/a><\/div>\n\n\n\n<div class=\"wp-block-button has-custom-width wp-block-button__width-50 has-custom-font-size has-small-font-size\"><a class=\"wp-block-button__link has-neve-link-color-background-color has-background wp-element-button\" href=\"https:\/\/utfpr.curitiba.br\/ajudagestao\/?page_id=203\" style=\"border-radius:11px;padding-top:var(--wp--preset--spacing--40);padding-bottom:var(--wp--preset--spacing--40)\">Portarias \/ Solicita\u00e7\u00f5es e Buscas<\/a><\/div>\n\n\n\n<div class=\"wp-block-button has-custom-width wp-block-button__width-50 has-custom-font-size is-style-default has-small-font-size\"><a class=\"wp-block-button__link has-neve-link-color-background-color has-background wp-element-button\" href=\"https:\/\/utfpr.curitiba.br\/ajudagestao\/?page_id=282\" style=\"border-radius:11px;padding-top:var(--wp--preset--spacing--40);padding-bottom:var(--wp--preset--spacing--40)\">PRAC<\/a><\/div>\n\n\n\n<div class=\"wp-block-button has-custom-width wp-block-button__width-50 has-custom-font-size has-small-font-size\"><a class=\"wp-block-button__link has-neve-link-color-background-color has-background wp-element-button\" href=\"https:\/\/utfpr.curitiba.br\/ajudagestao\/?page_id=284\" style=\"border-radius:11px;padding-top:var(--wp--preset--spacing--40);padding-bottom:var(--wp--preset--spacing--40)\">PRAE<\/a><\/div>\n\n\n\n<div class=\"wp-block-button has-custom-width wp-block-button__width-50 has-custom-font-size has-small-font-size\"><a class=\"wp-block-button__link has-neve-link-color-background-color has-background wp-element-button\" href=\"https:\/\/utfpr.curitiba.br\/ajudagestao\/?page_id=501\" style=\"border-radius:11px;padding-top:var(--wp--preset--spacing--40);padding-bottom:var(--wp--preset--spacing--40)\">PRAE \/ Procedimentos Internos<\/a><\/div>\n\n\n\n<div class=\"wp-block-button has-custom-width wp-block-button__width-50 has-custom-font-size has-small-font-size\"><a class=\"wp-block-button__link has-neve-link-color-background-color has-background wp-element-button\" href=\"https:\/\/utfpr.curitiba.br\/ajudagestao\/?page_id=278\" style=\"border-radius:11px;padding-top:var(--wp--preset--spacing--40);padding-bottom:var(--wp--preset--spacing--40)\">PRAExt<\/a><\/div>\n\n\n\n<div class=\"wp-block-button has-custom-width wp-block-button__width-50 has-custom-font-size has-small-font-size\"><a class=\"wp-block-button__link has-neve-link-color-background-color has-background wp-element-button\" href=\"https:\/\/utfpr.curitiba.br\/ajudagestao\/?page_id=276\" style=\"border-radius:11px;padding-top:var(--wp--preset--spacing--40);padding-bottom:var(--wp--preset--spacing--40)\">PRAInt<\/a><\/div>\n\n\n\n<div class=\"wp-block-button has-custom-width wp-block-button__width-50 has-custom-font-size has-small-font-size\"><a class=\"wp-block-button__link has-neve-link-color-background-color has-background wp-element-button\" href=\"https:\/\/utfpr.curitiba.br\/ajudagestao\/?page_id=280\" style=\"border-radius:11px;padding-top:var(--wp--preset--spacing--40);padding-bottom:var(--wp--preset--spacing--40)\">PRATCC<\/a><\/div>\n\n\n\n<div class=\"wp-block-button has-custom-width wp-block-button__width-50 has-custom-font-size has-small-font-size\"><a class=\"wp-block-button__link has-neve-link-color-background-color has-background wp-element-button\" href=\"https:\/\/utfpr.curitiba.br\/ajudagestao\/?page_id=349\" style=\"border-radius:11px;padding-top:var(--wp--preset--spacing--40);padding-bottom:var(--wp--preset--spacing--40)\">Processos com Discentes<\/a><\/div>\n\n\n\n<div class=\"wp-block-button has-custom-width wp-block-button__width-50 has-custom-font-size has-small-font-size\"><a class=\"wp-block-button__link has-neve-link-color-background-color has-background wp-element-button\" href=\"https:\/\/utfpr.curitiba.br\/ajudagestao\/?page_id=210\" style=\"border-radius:11px;padding-top:var(--wp--preset--spacing--40);padding-bottom:var(--wp--preset--spacing--40)\">Professores Respons\u00e1veis<\/a><\/div>\n\n\n\n<div class=\"wp-block-button has-custom-width wp-block-button__width-50 has-custom-font-size has-small-font-size\"><a class=\"wp-block-button__link has-neve-link-color-background-color has-background wp-element-button\" href=\"https:\/\/utfpr.curitiba.br\/ajudagestao\/?page_id=546\" style=\"border-radius:11px;padding-top:var(--wp--preset--spacing--40);padding-bottom:var(--wp--preset--spacing--40)\">Reconhecimento de Curso<\/a><\/div>\n\n\n\n<div class=\"wp-block-button has-custom-width wp-block-button__width-50 has-custom-font-size has-small-font-size\"><a class=\"wp-block-button__link has-neve-link-color-background-color has-background wp-element-button\" href=\"https:\/\/utfpr.curitiba.br\/ajudagestao\/?page_id=199\" style=\"border-radius:11px;padding-top:var(--wp--preset--spacing--40);padding-bottom:var(--wp--preset--spacing--40)\">Regulamentos<\/a><\/div>\n\n\n\n<div class=\"wp-block-button has-custom-width wp-block-button__width-50 has-custom-font-size has-small-font-size\"><a class=\"wp-block-button__link has-neve-link-color-background-color has-background wp-element-button\" href=\"https:\/\/utfpr.curitiba.br\/ajudagestao\/?page_id=394\" style=\"border-radius:11px;padding-top:var(--wp--preset--spacing--40);padding-bottom:var(--wp--preset--spacing--40)\">Reop\u00e7\u00e3o, Transfer\u00eancia e Aproveitamento (RTA)<\/a><\/div>\n\n\n\n<div class=\"wp-block-button has-custom-width wp-block-button__width-50 has-custom-font-size has-small-font-size\"><a class=\"wp-block-button__link has-neve-link-color-background-color has-background wp-element-button\" href=\"https:\/\/utfpr.curitiba.br\/ajudagestao\/?page_id=1053\" style=\"border-radius:11px;padding-top:var(--wp--preset--spacing--40);padding-bottom:var(--wp--preset--spacing--40)\">Secretaria Acad\u00eamica<\/a><\/div>\n\n\n\n<div class=\"wp-block-button has-custom-width wp-block-button__width-50 has-custom-font-size has-small-font-size\"><a class=\"wp-block-button__link has-neve-link-color-background-color has-background wp-element-button\" href=\"https:\/\/utfpr.curitiba.br\/ajudagestao\/?page_id=1744\" style=\"border-radius:11px;padding-top:var(--wp--preset--spacing--40);padding-bottom:var(--wp--preset--spacing--40)\">Sistema de Reservas de Ambientes<\/a><\/div>\n\n\n\n<div class=\"wp-block-button has-custom-width wp-block-button__width-50 has-custom-font-size has-small-font-size\"><a class=\"wp-block-button__link has-neve-link-color-background-color has-background wp-element-button\" href=\"https:\/\/utfpr.curitiba.br\/ajudagestao\/?page_id=741\" style=\"border-radius:11px;padding-top:var(--wp--preset--spacing--40);padding-bottom:var(--wp--preset--spacing--40)\">Viagens e Afastamentos<\/a><\/div>\n<\/div>\n<\/div>\n\n\n\n<hr class=\"wp-block-separator has-text-color has-nv-text-dark-bg-color has-alpha-channel-opacity has-nv-text-dark-bg-background-color has-background\" \/>\n\n\n\n<hr class=\"wp-block-separator has-text-color has-nv-text-dark-bg-color has-alpha-channel-opacity has-nv-text-dark-bg-background-color has-background\" \/>\n\n\n\n<p><\/p>\n","protected":false},"excerpt":{"rendered":"<p>O regimento estabelece que as Coordena\u00e7\u00f5es de Cursos de Bacharelados, Licenciaturas, Educa\u00e7\u00e3o Profissional de N\u00edvel T\u00e9cnico e Superiores de Tecnologia est\u00e3o subordinadas a secretarias espec\u00edficas. Tais coordena\u00e7\u00f5es t\u00eam atribui\u00e7\u00f5es que v\u00e3o desde o cumprimento das normas institucionais, orienta\u00e7\u00e3o de estudantes, controle de projetos pedag\u00f3gicos at\u00e9 a proposi\u00e7\u00e3o de cursos de forma\u00e7\u00e3o continuada. A escolha dos&hellip;&nbsp;<a href=\"https:\/\/utfpr.curitiba.br\/ajudagestao\/?page_id=25\" rel=\"bookmark\">Continue a ler &raquo;<span class=\"screen-reader-text\">Coordenadores de Cursos de Gradua\u00e7\u00e3o<\/span><\/a><\/p>\n","protected":false},"author":270,"featured_media":0,"parent":0,"menu_order":0,"comment_status":"closed","ping_status":"closed","template":"","meta":{"neve_meta_sidebar":"","neve_meta_container":"","neve_meta_enable_content_width":"","neve_meta_content_width":0,"neve_meta_title_alignment":"","neve_meta_author_avatar":"","neve_post_elements_order":"","neve_meta_disable_header":"","neve_meta_disable_footer":"","neve_meta_disable_title":"","footnotes":""},"class_list":["post-25","page","type-page","status-publish","hentry"],"_links":{"self":[{"href":"https:\/\/utfpr.curitiba.br\/ajudagestao\/index.php?rest_route=\/wp\/v2\/pages\/25","targetHints":{"allow":["GET"]}}],"collection":[{"href":"https:\/\/utfpr.curitiba.br\/ajudagestao\/index.php?rest_route=\/wp\/v2\/pages"}],"about":[{"href":"https:\/\/utfpr.curitiba.br\/ajudagestao\/index.php?rest_route=\/wp\/v2\/types\/page"}],"author":[{"embeddable":true,"href":"https:\/\/utfpr.curitiba.br\/ajudagestao\/index.php?rest_route=\/wp\/v2\/users\/270"}],"replies":[{"embeddable":true,"href":"https:\/\/utfpr.curitiba.br\/ajudagestao\/index.php?rest_route=%2Fwp%2Fv2%2Fcomments&post=25"}],"version-history":[{"count":84,"href":"https:\/\/utfpr.curitiba.br\/ajudagestao\/index.php?rest_route=\/wp\/v2\/pages\/25\/revisions"}],"predecessor-version":[{"id":1782,"href":"https:\/\/utfpr.curitiba.br\/ajudagestao\/index.php?rest_route=\/wp\/v2\/pages\/25\/revisions\/1782"}],"wp:attachment":[{"href":"https:\/\/utfpr.curitiba.br\/ajudagestao\/index.php?rest_route=%2Fwp%2Fv2%2Fmedia&parent=25"}],"curies":[{"name":"wp","href":"https:\/\/api.w.org\/{rel}","templated":true}]}}