{"id":199,"date":"2023-10-31T13:30:11","date_gmt":"2023-10-31T16:30:11","guid":{"rendered":"https:\/\/utfpr.curitiba.br\/ajudagestao\/?page_id=199"},"modified":"2025-01-30T11:51:17","modified_gmt":"2025-01-30T14:51:17","slug":"regulamento","status":"publish","type":"page","link":"https:\/\/utfpr.curitiba.br\/ajudagestao\/?page_id=199","title":{"rendered":"Coordenadores de Cursos de Gradua\u00e7\u00e3o \/ Regulamentos"},"content":{"rendered":"\n<p>Os regulamentos s\u00e3o conjuntos de regras, diretrizes e normas que estabelecem os procedimentos, comportamentos, obriga\u00e7\u00f5es e direitos dentro da universidade. Esses regulamentos s\u00e3o criados e mantidos pela institui\u00e7\u00e3o para regular diversos aspectos, como disciplina acad\u00eamica, administra\u00e7\u00e3o, ensino, pesquisa, extens\u00e3o, entre outros. Alguns dos principais regulamentos para os coordenadores de curso de gradua\u00e7\u00e3o s\u00e3o:<\/p>\n\n\n\n<ul class=\"wp-block-list\">\n<li class=\"has-neve-text-color-color has-text-color has-link-color wp-elements-84b90491959467acef2aed9baecaabd1\"><strong>Regulamento da Organiza\u00e7\u00e3o Did\u00e1tico-Pedag\u00f3gica (RODP)<\/strong> &#8211; 26&nbsp;de julho de 2019<br><a href=\"https:\/\/sei.utfpr.edu.br\/sei\/publicacoes\/controlador_publicacoes.php?acao=publicacao_visualizar&amp;id_documento=1033898&amp;id_orgao_publicacao=0\" target=\"_blank\" rel=\"noreferrer noopener\">https:\/\/sei.utfpr.edu.br\/sei\/publicacoes\/controlador_publicacoes.php?acao=publicacao_visualizar&amp;id_documento=1033898&amp;id_orgao_publicacao=0 <\/a><\/li>\n\n\n\n<li class=\"has-neve-text-color-color has-text-color has-link-color wp-elements-56cae096bd3bd9b50ad6293210380cbc\"><strong>Regulamento do Colegiado<\/strong> &#8211; 27 de novembro de 2019<br><a href=\"https:\/\/sei.utfpr.edu.br\/sei\/publicacoes\/controlador_publicacoes.php?acao=publicacao_visualizar&amp;id_documento=1341429&amp;id_orgao_publicacao=0\" target=\"_blank\" rel=\"noreferrer noopener\">https:\/\/sei.utfpr.edu.br\/sei\/publicacoes\/controlador_publicacoes.php?acao=publicacao_visualizar&amp;id_documento=1341429&amp;id_orgao_publicacao=0<\/a><\/li>\n\n\n\n<li class=\"has-neve-text-color-color has-text-color has-link-color wp-elements-0de0b8a893c78e1192fcd08646dc3bcf\"><strong>Regulamento do N\u00facleo Docente Estruturante (NDE)<\/strong> &#8211; 13 de abril de 2012<br><a href=\"http:\/\/portal.utfpr.edu.br\/documentos\/graduacao-e-educacao-profissional\/prograd\/diretrizes-e-regulamentos\/gestao\/regulamento-do-nucleo-docente-estruturante-dos-cursos-de-graduacao\" target=\"_blank\" rel=\"noreferrer noopener\">http:\/\/portal.utfpr.edu.br\/documentos\/graduacao-e-educacao-profissional\/prograd\/diretrizes-e-regulamentos\/gestao\/regulamento-do-nucleo-docente-estruturante-dos-cursos-de-graduacao<\/a><\/li>\n\n\n\n<li class=\"has-neve-text-color-color has-text-color has-link-color wp-elements-aaca08e456d63a85e7a3442b6749b327\"><strong>Regulamento Disciplinar do Corpo Discente<\/strong> &#8211; 27 de maio de 2015<br><a href=\"https:\/\/portal.utfpr.edu.br\/documentos\/graduacao-e-educacao-profissional\/prograd\/diretrizes-e-regulamentos\/gestao\/regulamento-disciplinar-do-corpo-discente\/view\" target=\"_blank\" rel=\"noreferrer noopener\">https:\/\/portal.utfpr.edu.br\/documentos\/graduacao-e-educacao-profissional\/prograd\/diretrizes-e-regulamentos\/gestao\/regulamento-disciplinar-do-corpo-discente\/view<\/a><\/li>\n\n\n\n<li class=\"has-neve-text-color-color has-text-color has-link-color wp-elements-2e2b41a4b034b9adcb05d3107dfd3197\"><strong>Resolu\u00e7\u00e3o APNP (v\u00e1lido apenas no per\u00edodo de pandemia)<\/strong> &#8211; 03 de dezembro de 2020<br><a href=\"https:\/\/sei.utfpr.edu.br\/sei\/publicacoes\/controlador_publicacoes.php?acao=publicacao_visualizar&amp;id_documento=1964231&amp;id_orgao_publicacao=0\" target=\"_blank\" rel=\"noreferrer noopener\">https:\/\/sei.utfpr.edu.br\/sei\/publicacoes\/controlador_publicacoes.php?acao=publicacao_visualizar&amp;id_documento=1964231&amp;id_orgao_publicacao=0<\/a><\/li>\n<\/ul>\n\n\n\n<p class=\"has-neve-text-color-color has-text-color has-link-color wp-elements-0bd8561bc8dae9a395b5147320aa75c8\">Os demais documentos sobre regulamenta\u00e7\u00e3o e diretrizes est\u00e3o dispon\u00edveis no <strong><a rel=\"noreferrer noopener\" href=\"https:\/\/portal.utfpr.edu.br\/documentos\/graduacao-e-educacao-profissional\/prograd\/diretrizes-e-regulamentos\" data-type=\"URL\" data-id=\"https:\/\/portal.utfpr.edu.br\/documentos\/graduacao-e-educacao-profissional\/prograd\/diretrizes-e-regulamentos\" target=\"_blank\">Portal da UTFPR<\/a><\/strong>.<\/p>\n\n\n\n<p><\/p>\n","protected":false},"excerpt":{"rendered":"<p>Os regulamentos s\u00e3o conjuntos de regras, diretrizes e normas que estabelecem os procedimentos, comportamentos, obriga\u00e7\u00f5es e direitos dentro da universidade. Esses regulamentos s\u00e3o criados e mantidos pela institui\u00e7\u00e3o para regular diversos aspectos, como disciplina acad\u00eamica, administra\u00e7\u00e3o, ensino, pesquisa, extens\u00e3o, entre outros. Alguns dos principais regulamentos para os coordenadores de curso de gradua\u00e7\u00e3o s\u00e3o: Os demais&hellip;&nbsp;<a href=\"https:\/\/utfpr.curitiba.br\/ajudagestao\/?page_id=199\" rel=\"bookmark\">Continue a ler &raquo;<span class=\"screen-reader-text\">Coordenadores de Cursos de Gradua\u00e7\u00e3o \/ Regulamentos<\/span><\/a><\/p>\n","protected":false},"author":270,"featured_media":0,"parent":0,"menu_order":0,"comment_status":"closed","ping_status":"closed","template":"","meta":{"neve_meta_sidebar":"","neve_meta_container":"","neve_meta_enable_content_width":"","neve_meta_content_width":0,"neve_meta_title_alignment":"","neve_meta_author_avatar":"","neve_post_elements_order":"","neve_meta_disable_header":"","neve_meta_disable_footer":"","neve_meta_disable_title":"","footnotes":""},"class_list":["post-199","page","type-page","status-publish","hentry"],"_links":{"self":[{"href":"https:\/\/utfpr.curitiba.br\/ajudagestao\/index.php?rest_route=\/wp\/v2\/pages\/199","targetHints":{"allow":["GET"]}}],"collection":[{"href":"https:\/\/utfpr.curitiba.br\/ajudagestao\/index.php?rest_route=\/wp\/v2\/pages"}],"about":[{"href":"https:\/\/utfpr.curitiba.br\/ajudagestao\/index.php?rest_route=\/wp\/v2\/types\/page"}],"author":[{"embeddable":true,"href":"https:\/\/utfpr.curitiba.br\/ajudagestao\/index.php?rest_route=\/wp\/v2\/users\/270"}],"replies":[{"embeddable":true,"href":"https:\/\/utfpr.curitiba.br\/ajudagestao\/index.php?rest_route=%2Fwp%2Fv2%2Fcomments&post=199"}],"version-history":[{"count":10,"href":"https:\/\/utfpr.curitiba.br\/ajudagestao\/index.php?rest_route=\/wp\/v2\/pages\/199\/revisions"}],"predecessor-version":[{"id":1666,"href":"https:\/\/utfpr.curitiba.br\/ajudagestao\/index.php?rest_route=\/wp\/v2\/pages\/199\/revisions\/1666"}],"wp:attachment":[{"href":"https:\/\/utfpr.curitiba.br\/ajudagestao\/index.php?rest_route=%2Fwp%2Fv2%2Fmedia&parent=199"}],"curies":[{"name":"wp","href":"https:\/\/api.w.org\/{rel}","templated":true}]}}