{"id":1744,"date":"2025-02-03T10:28:37","date_gmt":"2025-02-03T13:28:37","guid":{"rendered":"https:\/\/utfpr.curitiba.br\/ajudagestao\/?page_id=1744"},"modified":"2025-02-03T10:28:39","modified_gmt":"2025-02-03T13:28:39","slug":"sistema-de-reservas-de-ambientes","status":"publish","type":"page","link":"https:\/\/utfpr.curitiba.br\/ajudagestao\/?page_id=1744","title":{"rendered":"Sistema de Reservas de Ambientes"},"content":{"rendered":"\n<p class=\"has-neve-text-color-color has-text-color has-link-color wp-elements-ef6f3aa33eb5f05c928433b9cea9d361\">O <a href=\"http:\/\/sistemas.ct.utfpr.edu.br\/ambientes\">Sistema de Reservas de Ambientes<\/a> possibilita que servidores do campus agendem hor\u00e1rios para uso de salas de aula, salas multimeios, laborat\u00f3rios, est\u00fadios etc. para suas atividades de ensino, pesquisa e extens\u00e3o. <\/p>\n\n\n\n<p class=\"has-neve-text-color-color has-text-color has-link-color wp-elements-cbfc5fc795881a158123a81c3d1e9a52\">Para saber como o sistema funciona, assista aos v\u00eddeos produzidos pela <a href=\"https:\/\/www.youtube.com\/playlist?list=PLaWlFRLkRBfrUZ0t6evK_-WqpbL74quaY\">COTED-CT<\/a>, com instru\u00e7\u00f5es de cada etapa, ou acesse o <a href=\"https:\/\/nuvem.utfpr.edu.br\/index.php\/s\/l0V7Fn7TFTpBY5J\">Manual do Sistema de Reservas<\/a>.<\/p>\n\n\n\n<p><\/p>\n","protected":false},"excerpt":{"rendered":"<p>O Sistema de Reservas de Ambientes possibilita que servidores do campus agendem hor\u00e1rios para uso de salas de aula, salas multimeios, laborat\u00f3rios, est\u00fadios etc. para suas atividades de ensino, pesquisa e extens\u00e3o. Para saber como o sistema funciona, assista aos v\u00eddeos produzidos pela COTED-CT, com instru\u00e7\u00f5es de cada etapa, ou acesse o Manual do Sistema&hellip;&nbsp;<a href=\"https:\/\/utfpr.curitiba.br\/ajudagestao\/?page_id=1744\" rel=\"bookmark\">Continue a ler &raquo;<span class=\"screen-reader-text\">Sistema de Reservas de Ambientes<\/span><\/a><\/p>\n","protected":false},"author":275,"featured_media":0,"parent":0,"menu_order":0,"comment_status":"closed","ping_status":"closed","template":"","meta":{"neve_meta_sidebar":"","neve_meta_container":"","neve_meta_enable_content_width":"","neve_meta_content_width":0,"neve_meta_title_alignment":"","neve_meta_author_avatar":"","neve_post_elements_order":"","neve_meta_disable_header":"","neve_meta_disable_footer":"","neve_meta_disable_title":"","footnotes":""},"class_list":["post-1744","page","type-page","status-publish","hentry"],"_links":{"self":[{"href":"https:\/\/utfpr.curitiba.br\/ajudagestao\/index.php?rest_route=\/wp\/v2\/pages\/1744","targetHints":{"allow":["GET"]}}],"collection":[{"href":"https:\/\/utfpr.curitiba.br\/ajudagestao\/index.php?rest_route=\/wp\/v2\/pages"}],"about":[{"href":"https:\/\/utfpr.curitiba.br\/ajudagestao\/index.php?rest_route=\/wp\/v2\/types\/page"}],"author":[{"embeddable":true,"href":"https:\/\/utfpr.curitiba.br\/ajudagestao\/index.php?rest_route=\/wp\/v2\/users\/275"}],"replies":[{"embeddable":true,"href":"https:\/\/utfpr.curitiba.br\/ajudagestao\/index.php?rest_route=%2Fwp%2Fv2%2Fcomments&post=1744"}],"version-history":[{"count":1,"href":"https:\/\/utfpr.curitiba.br\/ajudagestao\/index.php?rest_route=\/wp\/v2\/pages\/1744\/revisions"}],"predecessor-version":[{"id":1745,"href":"https:\/\/utfpr.curitiba.br\/ajudagestao\/index.php?rest_route=\/wp\/v2\/pages\/1744\/revisions\/1745"}],"wp:attachment":[{"href":"https:\/\/utfpr.curitiba.br\/ajudagestao\/index.php?rest_route=%2Fwp%2Fv2%2Fmedia&parent=1744"}],"curies":[{"name":"wp","href":"https:\/\/api.w.org\/{rel}","templated":true}]}}