{"id":1735,"date":"2025-02-03T09:57:33","date_gmt":"2025-02-03T12:57:33","guid":{"rendered":"https:\/\/utfpr.curitiba.br\/ajudagestao\/?page_id=1735"},"modified":"2025-02-03T09:57:34","modified_gmt":"2025-02-03T12:57:34","slug":"facilitadores-do-sei-e-do-sistema-coorporativo","status":"publish","type":"page","link":"https:\/\/utfpr.curitiba.br\/ajudagestao\/?page_id=1735","title":{"rendered":"Facilitadores do SEI e do Sistema Coorporativo"},"content":{"rendered":"\n<p class=\"has-neve-text-color-color has-text-color has-link-color wp-elements-e8b722b25063866df8cf88ed077c9b82\">O campus Curitiba conta com 31 servidores que atuam como Facilitadores do SEI e do Sistema Coorporativo. Eles auxiliam professores e t\u00e9cnicos nas suas atividades administrativas, principalmente na libera\u00e7\u00e3o de acessos e instru\u00e7\u00e3o processual. A lista com os facilitadores e seus e-mails pode ser encontrado <a href=\"https:\/\/ajuda.utfpr.edu.br\/pt-br\/servicos_eproc\/orientacao_facilitadores\/facilitadores\">neste link<\/a>. \u00c9 importante que o facilitador consultado seja do setor do solicitante ou da diretoria relacionada. <\/p>\n\n\n\n<p><\/p>\n","protected":false},"excerpt":{"rendered":"<p>O campus Curitiba conta com 31 servidores que atuam como Facilitadores do SEI e do Sistema Coorporativo. Eles auxiliam professores e t\u00e9cnicos nas suas atividades administrativas, principalmente na libera\u00e7\u00e3o de acessos e instru\u00e7\u00e3o processual. A lista com os facilitadores e seus e-mails pode ser encontrado neste link. \u00c9 importante que o facilitador consultado seja do&hellip;&nbsp;<a href=\"https:\/\/utfpr.curitiba.br\/ajudagestao\/?page_id=1735\" rel=\"bookmark\">Continue a ler &raquo;<span class=\"screen-reader-text\">Facilitadores do SEI e do Sistema Coorporativo<\/span><\/a><\/p>\n","protected":false},"author":275,"featured_media":0,"parent":0,"menu_order":0,"comment_status":"closed","ping_status":"closed","template":"","meta":{"neve_meta_sidebar":"","neve_meta_container":"","neve_meta_enable_content_width":"","neve_meta_content_width":0,"neve_meta_title_alignment":"","neve_meta_author_avatar":"","neve_post_elements_order":"","neve_meta_disable_header":"","neve_meta_disable_footer":"","neve_meta_disable_title":"","footnotes":""},"class_list":["post-1735","page","type-page","status-publish","hentry"],"_links":{"self":[{"href":"https:\/\/utfpr.curitiba.br\/ajudagestao\/index.php?rest_route=\/wp\/v2\/pages\/1735","targetHints":{"allow":["GET"]}}],"collection":[{"href":"https:\/\/utfpr.curitiba.br\/ajudagestao\/index.php?rest_route=\/wp\/v2\/pages"}],"about":[{"href":"https:\/\/utfpr.curitiba.br\/ajudagestao\/index.php?rest_route=\/wp\/v2\/types\/page"}],"author":[{"embeddable":true,"href":"https:\/\/utfpr.curitiba.br\/ajudagestao\/index.php?rest_route=\/wp\/v2\/users\/275"}],"replies":[{"embeddable":true,"href":"https:\/\/utfpr.curitiba.br\/ajudagestao\/index.php?rest_route=%2Fwp%2Fv2%2Fcomments&post=1735"}],"version-history":[{"count":1,"href":"https:\/\/utfpr.curitiba.br\/ajudagestao\/index.php?rest_route=\/wp\/v2\/pages\/1735\/revisions"}],"predecessor-version":[{"id":1736,"href":"https:\/\/utfpr.curitiba.br\/ajudagestao\/index.php?rest_route=\/wp\/v2\/pages\/1735\/revisions\/1736"}],"wp:attachment":[{"href":"https:\/\/utfpr.curitiba.br\/ajudagestao\/index.php?rest_route=%2Fwp%2Fv2%2Fmedia&parent=1735"}],"curies":[{"name":"wp","href":"https:\/\/api.w.org\/{rel}","templated":true}]}}