{"id":1226,"date":"2024-08-22T00:00:45","date_gmt":"2024-08-22T03:00:45","guid":{"rendered":"https:\/\/utfpr.curitiba.br\/ajudagestao\/?page_id=1226"},"modified":"2024-08-22T11:45:31","modified_gmt":"2024-08-22T14:45:31","slug":"processos-gerais","status":"publish","type":"page","link":"https:\/\/utfpr.curitiba.br\/ajudagestao\/?page_id=1226","title":{"rendered":"Processos"},"content":{"rendered":"<ul class=\"wp-block-page-list\"><li class=\"wp-block-pages-list__item\"><a class=\"wp-block-pages-list__item__link\" href=\"https:\/\/utfpr.curitiba.br\/ajudagestao\/?page_id=732\">Abertura de Chamados \/ Sistema de Manuten\u00e7\u00e3o e Servi\u00e7os Gerais<\/a><\/li><li class=\"wp-block-pages-list__item\"><a class=\"wp-block-pages-list__item__link\" href=\"https:\/\/utfpr.curitiba.br\/ajudagestao\/?page_id=295\">Abertura de Chamados \/ Tecnologia da Informa\u00e7\u00e3o (TI)<\/a><\/li><li class=\"wp-block-pages-list__item\"><a class=\"wp-block-pages-list__item__link\" href=\"https:\/\/utfpr.curitiba.br\/ajudagestao\/?page_id=437\">Atualiza\u00e7\u00e3o dos Sites dos Cursos<\/a><\/li><li class=\"wp-block-pages-list__item\"><a class=\"wp-block-pages-list__item__link\" href=\"https:\/\/utfpr.curitiba.br\/ajudagestao\/?page_id=1049\">Aux\u00edlio Estudantil<\/a><\/li><li class=\"wp-block-pages-list__item\"><a class=\"wp-block-pages-list__item__link\" href=\"https:\/\/utfpr.curitiba.br\/ajudagestao\/?page_id=1157\">Avalia\u00e7\u00e3o dos Servidores<\/a><\/li><li class=\"wp-block-pages-list__item\"><a class=\"wp-block-pages-list__item__link\" href=\"https:\/\/utfpr.curitiba.br\/ajudagestao\/?page_id=529\">Avalia\u00e7\u00e3o Quero\/Estad\u00e3o<\/a><\/li><li class=\"wp-block-pages-list__item\"><a class=\"wp-block-pages-list__item__link\" href=\"https:\/\/utfpr.curitiba.br\/ajudagestao\/?page_id=463\">Cadastro de Usu\u00e1rio Externo no SEI<\/a><\/li><li class=\"wp-block-pages-list__item\"><a class=\"wp-block-pages-list__item__link\" href=\"https:\/\/utfpr.curitiba.br\/ajudagestao\/?page_id=1789\">Carrinho<\/a><\/li><li class=\"wp-block-pages-list__item\"><a class=\"wp-block-pages-list__item__link\" href=\"https:\/\/utfpr.curitiba.br\/ajudagestao\/?page_id=499\">Chefes de Departamentos Acad\u00eamicos e de Gest\u00e3o<\/a><\/li><li class=\"wp-block-pages-list__item\"><a class=\"wp-block-pages-list__item__link\" href=\"https:\/\/utfpr.curitiba.br\/ajudagestao\/?page_id=469\">Colegiado \/ N\u00facleo Docente Estruturante (NDE)<\/a><\/li><li class=\"wp-block-pages-list__item\"><a class=\"wp-block-pages-list__item__link\" href=\"https:\/\/utfpr.curitiba.br\/ajudagestao\/?page_id=434\">Comunica\u00e7\u00e3o da Coordena\u00e7\u00e3o com Discentes<\/a><\/li><li class=\"wp-block-pages-list__item\"><a class=\"wp-block-pages-list__item__link\" href=\"https:\/\/utfpr.curitiba.br\/ajudagestao\/?page_id=335\">Contatos e Comunica\u00e7\u00e3o<\/a><\/li><li class=\"wp-block-pages-list__item\"><a class=\"wp-block-pages-list__item__link\" href=\"https:\/\/utfpr.curitiba.br\/ajudagestao\/?page_id=380\">Convalida\u00e7\u00e3o de Disciplinas<\/a><\/li><li class=\"wp-block-pages-list__item\"><a class=\"wp-block-pages-list__item__link\" href=\"https:\/\/utfpr.curitiba.br\/ajudagestao\/?page_id=25\">Coordenadores de Cursos de Gradua\u00e7\u00e3o<\/a><\/li><li class=\"wp-block-pages-list__item\"><a class=\"wp-block-pages-list__item__link\" href=\"https:\/\/utfpr.curitiba.br\/ajudagestao\/?page_id=377\">Coordenadores de Cursos de Gradua\u00e7\u00e3o \/ Matr\u00edculas<\/a><\/li><li class=\"wp-block-pages-list__item\"><a class=\"wp-block-pages-list__item__link\" href=\"https:\/\/utfpr.curitiba.br\/ajudagestao\/?page_id=195\">Coordenadores de Cursos de Gradua\u00e7\u00e3o \/ Primeiras A\u00e7\u00f5es<\/a><\/li><li class=\"wp-block-pages-list__item\"><a class=\"wp-block-pages-list__item__link\" href=\"https:\/\/utfpr.curitiba.br\/ajudagestao\/?page_id=199\">Coordenadores de Cursos de Gradua\u00e7\u00e3o \/ Regulamentos<\/a><\/li><li class=\"wp-block-pages-list__item\"><a class=\"wp-block-pages-list__item__link\" href=\"https:\/\/utfpr.curitiba.br\/ajudagestao\/?page_id=497\">Coordenadores de Cursos de P\u00f3s-Gradua\u00e7\u00e3o<\/a><\/li><li class=\"wp-block-pages-list__item\"><a class=\"wp-block-pages-list__item__link\" href=\"https:\/\/utfpr.curitiba.br\/ajudagestao\/?page_id=1060\">Cursos do Campus Curitiba<\/a><\/li><li class=\"wp-block-pages-list__item\"><a class=\"wp-block-pages-list__item__link\" href=\"https:\/\/utfpr.curitiba.br\/ajudagestao\/?page_id=206\">Declara\u00e7\u00f5es<\/a><\/li><li class=\"wp-block-pages-list__item\"><a class=\"wp-block-pages-list__item__link\" href=\"https:\/\/utfpr.curitiba.br\/ajudagestao\/?page_id=392\">Di\u00e1rios de Classe<\/a><\/li><li class=\"wp-block-pages-list__item\"><a class=\"wp-block-pages-list__item__link\" href=\"https:\/\/utfpr.curitiba.br\/ajudagestao\/?page_id=753\">Discentes<\/a><\/li><li class=\"wp-block-pages-list__item\"><a class=\"wp-block-pages-list__item__link\" href=\"https:\/\/utfpr.curitiba.br\/ajudagestao\/?page_id=398\">Discentes \/ Requerimentos<\/a><\/li><li class=\"wp-block-pages-list__item\"><a class=\"wp-block-pages-list__item__link\" href=\"https:\/\/utfpr.curitiba.br\/ajudagestao\/?page_id=755\">Discentes de P\u00f3s-Gradua\u00e7\u00e3o<\/a><\/li><li class=\"wp-block-pages-list__item\"><a class=\"wp-block-pages-list__item__link\" href=\"https:\/\/utfpr.curitiba.br\/ajudagestao\/?page_id=505\">Docentes<\/a><\/li><li class=\"wp-block-pages-list__item\"><a class=\"wp-block-pages-list__item__link\" href=\"https:\/\/utfpr.curitiba.br\/ajudagestao\/?page_id=531\">Enade<\/a><\/li><li class=\"wp-block-pages-list__item\"><a class=\"wp-block-pages-list__item__link\" href=\"https:\/\/utfpr.curitiba.br\/ajudagestao\/?page_id=1026\">Est\u00e1gio \/ Discentes<\/a><\/li><li class=\"wp-block-pages-list__item\"><a class=\"wp-block-pages-list__item__link\" href=\"https:\/\/utfpr.curitiba.br\/ajudagestao\/?page_id=431\">Estrutura da Coordena\u00e7\u00e3o de Cursos de Gradua\u00e7\u00e3o<\/a><\/li><li class=\"wp-block-pages-list__item\"><a class=\"wp-block-pages-list__item__link\" href=\"https:\/\/utfpr.curitiba.br\/ajudagestao\/?page_id=1072\">Estrutura Organizacional UTFPR<\/a><\/li><li class=\"wp-block-pages-list__item\"><a class=\"wp-block-pages-list__item__link\" href=\"https:\/\/utfpr.curitiba.br\/ajudagestao\/?page_id=420\">Eventos \/ Produ\u00e7\u00e3o<\/a><\/li><li class=\"wp-block-pages-list__item\"><a class=\"wp-block-pages-list__item__link\" href=\"https:\/\/utfpr.curitiba.br\/ajudagestao\/?page_id=449\">Eventos \/ Registro como Atividade de Extens\u00e3o<\/a><\/li><li class=\"wp-block-pages-list__item\"><a class=\"wp-block-pages-list__item__link\" href=\"https:\/\/utfpr.curitiba.br\/ajudagestao\/?page_id=382\">Exame de Sufici\u00eancia<\/a><\/li><li class=\"wp-block-pages-list__item\"><a class=\"wp-block-pages-list__item__link\" href=\"https:\/\/utfpr.curitiba.br\/ajudagestao\/?page_id=1735\">Facilitadores do SEI e do Sistema Coorporativo<\/a><\/li><li class=\"wp-block-pages-list__item\"><a class=\"wp-block-pages-list__item__link\" href=\"https:\/\/utfpr.curitiba.br\/ajudagestao\/?page_id=1790\">Finaliza\u00e7\u00e3o de compra<\/a><\/li><li class=\"wp-block-pages-list__item\"><a class=\"wp-block-pages-list__item__link\" href=\"https:\/\/utfpr.curitiba.br\/ajudagestao\/?page_id=536\">Formandos \/ Confer\u00eancia<\/a><\/li><li class=\"wp-block-pages-list__item\"><a class=\"wp-block-pages-list__item__link\" href=\"https:\/\/utfpr.curitiba.br\/ajudagestao\/?page_id=425\">Gest\u00e3o de Processos no SEI<\/a><\/li><li class=\"wp-block-pages-list__item\"><a class=\"wp-block-pages-list__item__link\" href=\"https:\/\/utfpr.curitiba.br\/ajudagestao\/?page_id=466\">Gest\u00e3o de Reuni\u00f5es do Colegiado e do NDE<\/a><\/li><li class=\"wp-block-pages-list__item\"><a class=\"wp-block-pages-list__item__link\" href=\"https:\/\/utfpr.curitiba.br\/ajudagestao\/?page_id=757\">Grupos Institucionais<\/a><\/li><li class=\"wp-block-pages-list__item\"><a class=\"wp-block-pages-list__item__link\" href=\"https:\/\/utfpr.curitiba.br\/ajudagestao\/?page_id=538\">Inclus\u00e3o de Disciplinas Optativas<\/a><\/li><li class=\"wp-block-pages-list__item\"><a class=\"wp-block-pages-list__item__link\" href=\"https:\/\/utfpr.curitiba.br\/ajudagestao\/?page_id=396\">Jubilamento<\/a><\/li><li class=\"wp-block-pages-list__item\"><a class=\"wp-block-pages-list__item__link\" href=\"https:\/\/utfpr.curitiba.br\/ajudagestao\/?page_id=1788\">Loja<\/a><\/li><li class=\"wp-block-pages-list__item\"><a class=\"wp-block-pages-list__item__link\" href=\"https:\/\/utfpr.curitiba.br\/ajudagestao\/?page_id=1045\">Matr\u00edcula e Rematr\u00edcula<\/a><\/li><li class=\"wp-block-pages-list__item\"><a class=\"wp-block-pages-list__item__link\" href=\"https:\/\/utfpr.curitiba.br\/ajudagestao\/?page_id=1791\">Minha conta<\/a><\/li><li class=\"wp-block-pages-list__item\"><a class=\"wp-block-pages-list__item__link\" href=\"https:\/\/utfpr.curitiba.br\/ajudagestao\/?page_id=542\">Monitorias<\/a><\/li><li class=\"wp-block-pages-list__item\"><a class=\"wp-block-pages-list__item__link\" href=\"https:\/\/utfpr.curitiba.br\/ajudagestao\/?page_id=746\">Or\u00e7amento<\/a><\/li><li class=\"wp-block-pages-list__item\"><a class=\"wp-block-pages-list__item__link\" href=\"https:\/\/utfpr.curitiba.br\/ajudagestao\/?page_id=544\">Ouvidoria<\/a><\/li><li class=\"wp-block-pages-list__item menu-item-home\"><a class=\"wp-block-pages-list__item__link\" href=\"https:\/\/utfpr.curitiba.br\/ajudagestao\/\">P\u00e1gina inicial<\/a><\/li><li class=\"wp-block-pages-list__item\"><a class=\"wp-block-pages-list__item__link\" href=\"https:\/\/utfpr.curitiba.br\/ajudagestao\/?page_id=744\">Patrim\u00f4nio<\/a><\/li><li class=\"wp-block-pages-list__item\"><a class=\"wp-block-pages-list__item__link\" href=\"https:\/\/utfpr.curitiba.br\/ajudagestao\/?page_id=457\">Patroc\u00ednio para Eventos<\/a><\/li><li class=\"wp-block-pages-list__item\"><a class=\"wp-block-pages-list__item__link\" href=\"https:\/\/utfpr.curitiba.br\/ajudagestao\/?page_id=390\">Planejamento de Aulas<\/a><\/li><li class=\"wp-block-pages-list__item\"><a class=\"wp-block-pages-list__item__link\" href=\"https:\/\/utfpr.curitiba.br\/ajudagestao\/?page_id=1034\">Portal do Aluno<\/a><\/li><li class=\"wp-block-pages-list__item\"><a class=\"wp-block-pages-list__item__link\" href=\"https:\/\/utfpr.curitiba.br\/ajudagestao\/?page_id=203\">Portarias \/ Solicita\u00e7\u00f5es e Buscas<\/a><\/li><li class=\"wp-block-pages-list__item\"><a class=\"wp-block-pages-list__item__link\" href=\"https:\/\/utfpr.curitiba.br\/ajudagestao\/?page_id=282\">PRAC \/ Professor Respons\u00e1vel por Atividades Complementares<\/a><\/li><li class=\"wp-block-pages-list__item\"><a class=\"wp-block-pages-list__item__link\" href=\"https:\/\/utfpr.curitiba.br\/ajudagestao\/?page_id=284\">PRAE \/ Professor Respons\u00e1vel pelo Est\u00e1gio<\/a><\/li><li class=\"wp-block-pages-list__item\"><a class=\"wp-block-pages-list__item__link\" href=\"https:\/\/utfpr.curitiba.br\/ajudagestao\/?page_id=278\">PRAExt \/ Professor Respons\u00e1vel pela Extens\u00e3o<\/a><\/li><li class=\"wp-block-pages-list__item\"><a class=\"wp-block-pages-list__item__link\" href=\"https:\/\/utfpr.curitiba.br\/ajudagestao\/?page_id=280\">PRATCC \/ Professor Respons\u00e1vel pelo Trabalho de Conclus\u00e3o de Curso<\/a><\/li><li class=\"wp-block-pages-list__item\"><a class=\"wp-block-pages-list__item__link\" href=\"https:\/\/utfpr.curitiba.br\/ajudagestao\/?page_id=1226\">Processos<\/a><\/li><li class=\"wp-block-pages-list__item\"><a class=\"wp-block-pages-list__item__link\" href=\"https:\/\/utfpr.curitiba.br\/ajudagestao\/?page_id=349\">Processos com Discentes<\/a><\/li><li class=\"wp-block-pages-list__item\"><a class=\"wp-block-pages-list__item__link\" href=\"https:\/\/utfpr.curitiba.br\/ajudagestao\/?page_id=210\">Professores Respons\u00e1veis<\/a><\/li><li class=\"wp-block-pages-list__item\"><a class=\"wp-block-pages-list__item__link\" href=\"https:\/\/utfpr.curitiba.br\/ajudagestao\/?page_id=546\">Reconhecimento de Curso<\/a><\/li><li class=\"wp-block-pages-list__item\"><a class=\"wp-block-pages-list__item__link\" href=\"https:\/\/utfpr.curitiba.br\/ajudagestao\/?page_id=384\">Reingresso<\/a><\/li><li class=\"wp-block-pages-list__item\"><a class=\"wp-block-pages-list__item__link\" href=\"https:\/\/utfpr.curitiba.br\/ajudagestao\/?page_id=394\">Reop\u00e7\u00e3o, Transfer\u00eancia e Aproveitamento (RTA)<\/a><\/li><li class=\"wp-block-pages-list__item\"><a class=\"wp-block-pages-list__item__link\" href=\"https:\/\/utfpr.curitiba.br\/ajudagestao\/?page_id=1053\">Secretaria Acad\u00eamica<\/a><\/li><li class=\"wp-block-pages-list__item\"><a class=\"wp-block-pages-list__item__link\" href=\"https:\/\/utfpr.curitiba.br\/ajudagestao\/?page_id=386\">Segunda chamada de prova<\/a><\/li><li class=\"wp-block-pages-list__item\"><a class=\"wp-block-pages-list__item__link\" href=\"https:\/\/utfpr.curitiba.br\/ajudagestao\/?page_id=1032\">Servi\u00e7os de TI para Discentes<\/a><\/li><li class=\"wp-block-pages-list__item\"><a class=\"wp-block-pages-list__item__link\" href=\"https:\/\/utfpr.curitiba.br\/ajudagestao\/?page_id=759\">Setores \/ Sites<\/a><\/li><li class=\"wp-block-pages-list__item\"><a class=\"wp-block-pages-list__item__link\" href=\"https:\/\/utfpr.curitiba.br\/ajudagestao\/?page_id=1744\">Sistema de Reservas de Ambientes<\/a><\/li><li class=\"wp-block-pages-list__item\"><a class=\"wp-block-pages-list__item__link\" href=\"https:\/\/utfpr.curitiba.br\/ajudagestao\/?page_id=751\">T\u00e9cnicos-Administrativos<\/a><\/li><li class=\"wp-block-pages-list__item\"><a class=\"wp-block-pages-list__item__link\" href=\"https:\/\/utfpr.curitiba.br\/ajudagestao\/?page_id=388\">Troca de Professor da Disciplina<\/a><\/li><li class=\"wp-block-pages-list__item\"><a class=\"wp-block-pages-list__item__link\" href=\"https:\/\/utfpr.curitiba.br\/ajudagestao\/?page_id=741\">Viagens e Afastamentos<\/a><\/li><\/ul>","protected":false},"excerpt":{"rendered":"","protected":false},"author":270,"featured_media":0,"parent":0,"menu_order":0,"comment_status":"closed","ping_status":"closed","template":"","meta":{"neve_meta_sidebar":"","neve_meta_container":"","neve_meta_enable_content_width":"","neve_meta_content_width":0,"neve_meta_title_alignment":"","neve_meta_author_avatar":"","neve_post_elements_order":"","neve_meta_disable_header":"","neve_meta_disable_footer":"","neve_meta_disable_title":"","footnotes":""},"class_list":["post-1226","page","type-page","status-publish","hentry"],"_links":{"self":[{"href":"https:\/\/utfpr.curitiba.br\/ajudagestao\/index.php?rest_route=\/wp\/v2\/pages\/1226","targetHints":{"allow":["GET"]}}],"collection":[{"href":"https:\/\/utfpr.curitiba.br\/ajudagestao\/index.php?rest_route=\/wp\/v2\/pages"}],"about":[{"href":"https:\/\/utfpr.curitiba.br\/ajudagestao\/index.php?rest_route=\/wp\/v2\/types\/page"}],"author":[{"embeddable":true,"href":"https:\/\/utfpr.curitiba.br\/ajudagestao\/index.php?rest_route=\/wp\/v2\/users\/270"}],"replies":[{"embeddable":true,"href":"https:\/\/utfpr.curitiba.br\/ajudagestao\/index.php?rest_route=%2Fwp%2Fv2%2Fcomments&post=1226"}],"version-history":[{"count":2,"href":"https:\/\/utfpr.curitiba.br\/ajudagestao\/index.php?rest_route=\/wp\/v2\/pages\/1226\/revisions"}],"predecessor-version":[{"id":1304,"href":"https:\/\/utfpr.curitiba.br\/ajudagestao\/index.php?rest_route=\/wp\/v2\/pages\/1226\/revisions\/1304"}],"wp:attachment":[{"href":"https:\/\/utfpr.curitiba.br\/ajudagestao\/index.php?rest_route=%2Fwp%2Fv2%2Fmedia&parent=1226"}],"curies":[{"name":"wp","href":"https:\/\/api.w.org\/{rel}","templated":true}]}}