{"id":1072,"date":"2024-07-24T09:42:06","date_gmt":"2024-07-24T12:42:06","guid":{"rendered":"https:\/\/utfpr.curitiba.br\/ajudagestao\/?page_id=1072"},"modified":"2025-01-30T09:42:37","modified_gmt":"2025-01-30T12:42:37","slug":"contatos","status":"publish","type":"page","link":"https:\/\/utfpr.curitiba.br\/ajudagestao\/?page_id=1072","title":{"rendered":"Estrutura Organizacional UTFPR"},"content":{"rendered":"\n<p class=\"has-neve-text-color-color has-text-color has-link-color wp-elements-f00eb5bc684bc3b8ce4776c7fbc5f86d\">Para qualquer d\u00favida ou necessidade de contato espec\u00edfico com o setores abaixo, acesse a p\u00e1gina de estrutura universit\u00e1ria no <a href=\"https:\/\/www.utfpr.edu.br\/estrutura\" data-type=\"link\" data-id=\"https:\/\/www.utfpr.edu.br\/estrutura\">Portal da UTFPR<\/a>, e encontre o telefone e\/ou o e-mail da pessoa respons\u00e1vel.<\/p>\n\n\n\n<p class=\"has-nv-c-2-color has-text-color has-link-color has-medium-font-size wp-elements-48c76ea9d628573cb26686e73a17cfce\"><strong>Estrutura Organizacional da UTFPR<\/strong><\/p>\n\n\n\n<details class=\"wp-block-details is-layout-flow wp-block-details-is-layout-flow\"><summary><strong>Conselhos<\/strong><\/summary>\n<ul class=\"wp-block-list\">\n<li><strong>COUNI:<\/strong> Conselho Universit\u00e1rio<\/li>\n\n\n\n<li><strong>COGEP:<\/strong> Gradua\u00e7\u00e3o e Educa\u00e7\u00e3o Profissional<\/li>\n\n\n\n<li><strong>COPPG:<\/strong> Pesquisa e P\u00f3s-Gradua\u00e7\u00e3o<\/li>\n\n\n\n<li><strong>COEMP:<\/strong> Rela\u00e7\u00f5es Empresariais e Comunit\u00e1rias<\/li>\n\n\n\n<li><strong>COPLAD:<\/strong> Planejamento e Administra\u00e7\u00e3o<\/li>\n<\/ul>\n<\/details>\n\n\n\n<details class=\"wp-block-details is-layout-flow wp-block-details-is-layout-flow\"><summary><strong>Reitoria<\/strong><\/summary>\n<ul class=\"wp-block-list\">\n<li>Reitoria<\/li>\n\n\n\n<li>Vice-Reitoria<\/li>\n\n\n\n<li>Gabinete e Assessorias<\/li>\n<\/ul>\n<\/details>\n\n\n\n<details class=\"wp-block-details is-layout-flow wp-block-details-is-layout-flow\"><summary><strong>Pr\u00f3-Reitorias<\/strong><\/summary>\n<ul class=\"wp-block-list\">\n<li><strong>PROGRAD:<\/strong> Gradua\u00e7\u00e3o e Educa\u00e7\u00e3o Profissional<\/li>\n\n\n\n<li><strong>PROPPG:<\/strong> Pesquisa e P\u00f3s-Gradua\u00e7\u00e3o<\/li>\n\n\n\n<li><strong>PROREC:<\/strong> Rela\u00e7\u00f5es Empresariais e Comunit\u00e1rias<\/li>\n\n\n\n<li><strong>PROPLAD:<\/strong> Planejamento e Administra\u00e7\u00e3o<\/li>\n<\/ul>\n<\/details>\n\n\n\n<details class=\"wp-block-details is-layout-flow wp-block-details-is-layout-flow\"><summary><strong>Diretorias de Gest\u00e3o<\/strong><\/summary>\n<ul class=\"wp-block-list\">\n<li><strong>DIRCOM:<\/strong> Comunica\u00e7\u00e3o e Imprensa<\/li>\n\n\n\n<li><strong>DIRAV:<\/strong> Avalia\u00e7\u00e3o Institucional<\/li>\n\n\n\n<li><strong>DIRGEP:<\/strong> Gest\u00e3o de Pessoas<\/li>\n\n\n\n<li><strong>DIRGTI:<\/strong> Tecnologia da Informa\u00e7\u00e3o<\/li>\n\n\n\n<li><strong>DIRPRO:<\/strong> Projetos e Obras<\/li>\n<\/ul>\n<\/details>\n\n\n\n<details class=\"wp-block-details is-layout-flow wp-block-details-is-layout-flow\"><summary><strong>Campi<\/strong><\/summary>\n<p><strong>Dire\u00e7\u00e3o-Geral:<\/strong> Contatos e Diretores<\/p>\n<\/details>\n\n\n\n<details class=\"wp-block-details is-layout-flow wp-block-details-is-layout-flow\"><summary><strong>Diretorias<\/strong><\/summary>\n<ul class=\"wp-block-list\">\n<li><strong>DIRGRAD:<\/strong> Gradua\u00e7\u00e3o e Educa\u00e7\u00e3o Profissional<\/li>\n\n\n\n<li><strong>DIRPPG:<\/strong> Pesquisa e P\u00f3s-Gradua\u00e7\u00e3o<\/li>\n\n\n\n<li><strong>DIREC:<\/strong> Rela\u00e7\u00f5es Empresariais e Comunit\u00e1rias<\/li>\n\n\n\n<li><strong>DIRPLAD:<\/strong> Planejamento e Administra\u00e7\u00e3o<\/li>\n<\/ul>\n<\/details>\n\n\n\n<details class=\"wp-block-details is-layout-flow wp-block-details-is-layout-flow\"><summary><strong>Coordenadorias<\/strong><\/summary>\n<ul class=\"wp-block-list\">\n<li><strong>COGERH:<\/strong> Gest\u00e3o de Pessoas<\/li>\n\n\n\n<li><strong>COGETI:<\/strong> Tecnologia da Informa\u00e7\u00e3o<\/li>\n<\/ul>\n<\/details>\n\n\n\n<details class=\"wp-block-details is-layout-flow wp-block-details-is-layout-flow\"><summary><strong>Assessorias<\/strong><\/summary>\n<ul class=\"wp-block-list\">\n<li><strong>DIRCOM:<\/strong> Assessoria de Comunica\u00e7\u00e3o<\/li>\n\n\n\n<li><strong>ASAVI:<\/strong> Avalia\u00e7\u00e3o Institucional<\/li>\n\n\n\n<li><strong>ASSEC:<\/strong> Executiva<\/li>\n\n\n\n<li><strong>ASCEV:<\/strong> Cerimonial e Eventos<\/li>\n<\/ul>\n<\/details>\n\n\n\n<hr class=\"wp-block-separator has-text-color has-nv-light-bg-color has-alpha-channel-opacity has-nv-light-bg-background-color has-background\" \/>\n\n\n\n<hr class=\"wp-block-separator has-text-color has-nv-light-bg-color has-alpha-channel-opacity has-nv-light-bg-background-color has-background\" \/>\n\n\n\n<p class=\"has-nv-c-2-color has-text-color has-medium-font-size\"><strong>Paginas \u00fateis<\/strong><\/p>\n\n\n\n<p class=\"has-text-align-center has-nv-light-bg-background-color has-background\"><a href=\"https:\/\/drive.google.com\/drive\/folders\/1JBiuKSYqm-Yst8lWphZ8YlO6XyWTi78l\" data-type=\"link\" data-id=\"https:\/\/drive.google.com\/drive\/folders\/1JBiuKSYqm-Yst8lWphZ8YlO6XyWTi78l\">Organograma<\/a> | <a href=\"http:\/\/utfpr.edu.br\/estrutura\" data-type=\"link\" data-id=\"utfpr.edu.br\/estrutura\">Portal UTFPR<\/a><\/p>\n","protected":false},"excerpt":{"rendered":"<p>Para qualquer d\u00favida ou necessidade de contato espec\u00edfico com o setores abaixo, acesse a p\u00e1gina de estrutura universit\u00e1ria no Portal da UTFPR, e encontre o telefone e\/ou o e-mail da pessoa respons\u00e1vel. Estrutura Organizacional da UTFPR Paginas \u00fateis Organograma | Portal UTFPR<\/p>\n","protected":false},"author":270,"featured_media":0,"parent":0,"menu_order":0,"comment_status":"closed","ping_status":"closed","template":"","meta":{"neve_meta_sidebar":"","neve_meta_container":"","neve_meta_enable_content_width":"","neve_meta_content_width":0,"neve_meta_title_alignment":"","neve_meta_author_avatar":"","neve_post_elements_order":"","neve_meta_disable_header":"","neve_meta_disable_footer":"","neve_meta_disable_title":"","footnotes":""},"class_list":["post-1072","page","type-page","status-publish","hentry"],"_links":{"self":[{"href":"https:\/\/utfpr.curitiba.br\/ajudagestao\/index.php?rest_route=\/wp\/v2\/pages\/1072","targetHints":{"allow":["GET"]}}],"collection":[{"href":"https:\/\/utfpr.curitiba.br\/ajudagestao\/index.php?rest_route=\/wp\/v2\/pages"}],"about":[{"href":"https:\/\/utfpr.curitiba.br\/ajudagestao\/index.php?rest_route=\/wp\/v2\/types\/page"}],"author":[{"embeddable":true,"href":"https:\/\/utfpr.curitiba.br\/ajudagestao\/index.php?rest_route=\/wp\/v2\/users\/270"}],"replies":[{"embeddable":true,"href":"https:\/\/utfpr.curitiba.br\/ajudagestao\/index.php?rest_route=%2Fwp%2Fv2%2Fcomments&post=1072"}],"version-history":[{"count":10,"href":"https:\/\/utfpr.curitiba.br\/ajudagestao\/index.php?rest_route=\/wp\/v2\/pages\/1072\/revisions"}],"predecessor-version":[{"id":1605,"href":"https:\/\/utfpr.curitiba.br\/ajudagestao\/index.php?rest_route=\/wp\/v2\/pages\/1072\/revisions\/1605"}],"wp:attachment":[{"href":"https:\/\/utfpr.curitiba.br\/ajudagestao\/index.php?rest_route=%2Fwp%2Fv2%2Fmedia&parent=1072"}],"curies":[{"name":"wp","href":"https:\/\/api.w.org\/{rel}","templated":true}]}}