{"id":1060,"date":"2024-07-23T20:25:14","date_gmt":"2024-07-23T23:25:14","guid":{"rendered":"https:\/\/utfpr.curitiba.br\/ajudagestao\/?page_id=1060"},"modified":"2025-01-30T09:35:33","modified_gmt":"2025-01-30T12:35:33","slug":"cursos-e-matriz","status":"publish","type":"page","link":"https:\/\/utfpr.curitiba.br\/ajudagestao\/?page_id=1060","title":{"rendered":"Cursos do Campus Curitiba"},"content":{"rendered":"\n<p>A UTFPR-CT oferece gratuitamente uma ampla gama de cursos em seus tr\u00eas sedes, incluindo Gradua\u00e7\u00f5es, Mestrados Acad\u00eamicos, Mestrados Profissionais e Doutorados. Al\u00e9m disso, s\u00e3o disponibilizados cursos de especializa\u00e7\u00e3o com mensalidades acess\u00edveis, proporcionando oportunidades para diferentes perfis de estudantes.<\/p>\n\n\n\n<hr class=\"wp-block-separator has-text-color has-nv-light-bg-color has-alpha-channel-opacity has-nv-light-bg-background-color has-background\" \/>\n\n\n\n<h3 class=\"wp-block-heading has-nv-c-2-color has-text-color has-link-color has-medium-font-size wp-elements-dae2b2d85fcc28225112eeb26a020bdf\">Cursos de Gradua\u00e7\u00e3o<\/h3>\n\n\n\n<p>A UTFPR oferece diversos cursos de gradua\u00e7\u00e3o em tr\u00eas modalidades distintas: Tecnologia, Bacharelado e Licenciatura. Todas essas modalidades conferem o diploma de n\u00edvel superior, sendo que as principais diferen\u00e7as entre elas est\u00e3o no tempo de dura\u00e7\u00e3o e no objetivo de forma\u00e7\u00e3o. Confira as diferen\u00e7as:<\/p>\n\n\n\n<ul class=\"wp-block-list\">\n<li><strong>Tecnologia:<\/strong> cursos mais curtos, focados em \u00e1reas espec\u00edficas e pr\u00e1ticas, com dura\u00e7\u00e3o m\u00e9dia de 2 a 3 anos.<\/li>\n\n\n\n<li><strong>Bacharelado:<\/strong> cursos mais amplos e generalistas, com dura\u00e7\u00e3o m\u00e9dia de 4 a 5 anos, preparados para diversas \u00e1reas do mercado de trabalho.<\/li>\n\n\n\n<li><strong>Licenciatura:<\/strong> cursos voltados para a forma\u00e7\u00e3o de professores, com dura\u00e7\u00e3o m\u00e9dia de 4 anos, capacitando para atuar na educa\u00e7\u00e3o b\u00e1sica e ensino m\u00e9dio.<\/li>\n<\/ul>\n\n\n\n<div class=\"wp-block-buttons has-custom-font-size is-horizontal is-content-justification-center is-layout-flex wp-container-core-buttons-is-layout-769315fb wp-block-buttons-is-layout-flex\" style=\"font-size:16px\">\n<div class=\"wp-block-button has-custom-width wp-block-button__width-75 has-custom-font-size is-style-default\" style=\"font-size:16px\"><a class=\"wp-block-button__link has-neve-link-color-background-color has-background wp-element-button\" href=\"https:\/\/www.utfpr.edu.br\/cursos\/graduacao#b_start=0\" style=\"border-radius:11px;padding-top:var(--wp--preset--spacing--40);padding-bottom:var(--wp--preset--spacing--40)\">Gradua\u00e7\u00e3o<\/a><\/div>\n<\/div>\n\n\n\n<hr class=\"wp-block-separator has-text-color has-nv-light-bg-color has-alpha-channel-opacity has-nv-light-bg-background-color has-background\" \/>\n\n\n\n<h3 class=\"wp-block-heading has-nv-c-2-color has-text-color has-link-color has-medium-font-size wp-elements-df0f7adbd7c0a6de4ca7c5d6de7c94aa\">Cursos de P\u00f3s-Gradua\u00e7\u00e3o<\/h3>\n\n\n\n<p>Os cursos de p\u00f3s-gradua\u00e7\u00e3o na UTFPR s\u00e3o uma excelente oportunidade para continuar os estudos ap\u00f3s a conclus\u00e3o da gradua\u00e7\u00e3o. A institui\u00e7\u00e3o oferece programas de Mestrado Acad\u00eamico, Mestrado Profissional e Doutorado, permitindo aprofundamento e especializa\u00e7\u00e3o em diversas \u00e1reas do conhecimento.<\/p>\n\n\n\n<div class=\"wp-block-buttons has-custom-font-size is-horizontal is-content-justification-center is-layout-flex wp-container-core-buttons-is-layout-769315fb wp-block-buttons-is-layout-flex\" style=\"font-size:16px\">\n<div class=\"wp-block-button has-custom-width wp-block-button__width-75 has-custom-font-size is-style-default\" style=\"font-size:16px\"><a class=\"wp-block-button__link has-neve-link-color-background-color has-background wp-element-button\" href=\"https:\/\/www.utfpr.edu.br\/pesquisa-e-pos-graduacao\/cursos\" style=\"border-radius:11px;padding-top:var(--wp--preset--spacing--40);padding-bottom:var(--wp--preset--spacing--40)\">Especializa\u00e7\u00e3o \/ Mestrado e Doutorado<\/a><\/div>\n<\/div>\n\n\n\n<hr class=\"wp-block-separator has-text-color has-nv-light-bg-color has-alpha-channel-opacity has-nv-light-bg-background-color has-background\" \/>\n\n\n\n<p>Para mais informa\u00e7\u00f5es sobre os cursos e modalidades oferecidos, visite o <a href=\"https:\/\/www.utfpr.edu.br\/cursos\/estudenautfpr\" data-type=\"link\" data-id=\"https:\/\/www.utfpr.edu.br\/cursos\/estudenautfpr\">site da UTFPR<\/a> e descubra as op\u00e7\u00f5es que melhor atendem aos seus objetivos acad\u00eamicos e profissionais.<\/p>\n\n\n\n<hr class=\"wp-block-separator has-text-color has-nv-light-bg-color has-alpha-channel-opacity has-nv-light-bg-background-color has-background\" \/>\n\n\n\n<p class=\"has-nv-c-2-color has-text-color has-medium-font-size\"><strong>Paginas \u00fateis<\/strong><\/p>\n\n\n\n<p class=\"has-text-align-center has-nv-light-bg-background-color has-background\"><a href=\"https:\/\/www.utfpr.edu.br\/cursos\/estudenautfpr\" data-type=\"link\" data-id=\"https:\/\/www.utfpr.edu.br\/cursos\/estudenautfpr\">Portal UTFPR<\/a><\/p>\n","protected":false},"excerpt":{"rendered":"<p>A UTFPR-CT oferece gratuitamente uma ampla gama de cursos em seus tr\u00eas sedes, incluindo Gradua\u00e7\u00f5es, Mestrados Acad\u00eamicos, Mestrados Profissionais e Doutorados. Al\u00e9m disso, s\u00e3o disponibilizados cursos de especializa\u00e7\u00e3o com mensalidades acess\u00edveis, proporcionando oportunidades para diferentes perfis de estudantes. Cursos de Gradua\u00e7\u00e3o A UTFPR oferece diversos cursos de gradua\u00e7\u00e3o em tr\u00eas modalidades distintas: Tecnologia, Bacharelado e&hellip;&nbsp;<a href=\"https:\/\/utfpr.curitiba.br\/ajudagestao\/?page_id=1060\" rel=\"bookmark\">Continue a ler &raquo;<span class=\"screen-reader-text\">Cursos do Campus Curitiba<\/span><\/a><\/p>\n","protected":false},"author":270,"featured_media":0,"parent":0,"menu_order":0,"comment_status":"closed","ping_status":"closed","template":"","meta":{"neve_meta_sidebar":"","neve_meta_container":"","neve_meta_enable_content_width":"","neve_meta_content_width":0,"neve_meta_title_alignment":"","neve_meta_author_avatar":"","neve_post_elements_order":"","neve_meta_disable_header":"","neve_meta_disable_footer":"","neve_meta_disable_title":"","footnotes":""},"class_list":["post-1060","page","type-page","status-publish","hentry"],"_links":{"self":[{"href":"https:\/\/utfpr.curitiba.br\/ajudagestao\/index.php?rest_route=\/wp\/v2\/pages\/1060","targetHints":{"allow":["GET"]}}],"collection":[{"href":"https:\/\/utfpr.curitiba.br\/ajudagestao\/index.php?rest_route=\/wp\/v2\/pages"}],"about":[{"href":"https:\/\/utfpr.curitiba.br\/ajudagestao\/index.php?rest_route=\/wp\/v2\/types\/page"}],"author":[{"embeddable":true,"href":"https:\/\/utfpr.curitiba.br\/ajudagestao\/index.php?rest_route=\/wp\/v2\/users\/270"}],"replies":[{"embeddable":true,"href":"https:\/\/utfpr.curitiba.br\/ajudagestao\/index.php?rest_route=%2Fwp%2Fv2%2Fcomments&post=1060"}],"version-history":[{"count":5,"href":"https:\/\/utfpr.curitiba.br\/ajudagestao\/index.php?rest_route=\/wp\/v2\/pages\/1060\/revisions"}],"predecessor-version":[{"id":1601,"href":"https:\/\/utfpr.curitiba.br\/ajudagestao\/index.php?rest_route=\/wp\/v2\/pages\/1060\/revisions\/1601"}],"wp:attachment":[{"href":"https:\/\/utfpr.curitiba.br\/ajudagestao\/index.php?rest_route=%2Fwp%2Fv2%2Fmedia&parent=1060"}],"curies":[{"name":"wp","href":"https:\/\/api.w.org\/{rel}","templated":true}]}}