{"id":1053,"date":"2024-07-23T18:31:53","date_gmt":"2024-07-23T21:31:53","guid":{"rendered":"https:\/\/utfpr.curitiba.br\/ajudagestao\/?page_id=1053"},"modified":"2025-01-30T12:05:24","modified_gmt":"2025-01-30T15:05:24","slug":"secretaria-academica-2","status":"publish","type":"page","link":"https:\/\/utfpr.curitiba.br\/ajudagestao\/?page_id=1053","title":{"rendered":"Secretaria Acad\u00eamica"},"content":{"rendered":"\n<p>A Secretaria Acad\u00eamica \u00e9 o departamento respons\u00e1vel pelo controle acad\u00eamico dos cursos de gradua\u00e7\u00e3o e t\u00e9cnicos na UTFPR. Ela desempenha um papel crucial na gest\u00e3o e organiza\u00e7\u00e3o de diversas atividades e processos acad\u00eamicos, garantindo o bom funcionamento e a qualidade dos servi\u00e7os oferecidos aos estudantes, sendo assim, respons\u00e1veis por:<\/p>\n\n\n\n<ul class=\"wp-block-list\">\n<li><strong>Atendimento ao Estudante:<\/strong> fornecimento de informa\u00e7\u00f5es e orienta\u00e7\u00f5es sobre procedimentos acad\u00eamicos.<\/li>\n\n\n\n<li><strong>Administra\u00e7\u00e3o de Requerimentos:<\/strong> tratamento de quest\u00f5es relacionadas a ingresso, desligamento, disciplinas, certificados e solicita\u00e7\u00e3o de documentos.<\/li>\n\n\n\n<li><strong>Controle Acad\u00eamico:<\/strong> gerenciamento dos registros acad\u00eamicos dos alunos, desde a matr\u00edcula at\u00e9 a emiss\u00e3o de diplomas.<\/li>\n<\/ul>\n\n\n\n<hr class=\"wp-block-separator has-text-color has-nv-light-bg-color has-alpha-channel-opacity has-nv-light-bg-background-color has-background\" \/>\n\n\n\n<h3 class=\"wp-block-heading has-nv-c-2-color has-text-color has-link-color has-medium-font-size wp-elements-0aaed58b3e471a48dc49a1c9a43e83a5\">Servi\u00e7os Dispon\u00edveis<\/h3>\n\n\n\n<ul class=\"wp-block-list\">\n<li><strong>Contato:<\/strong> disponibiliza\u00e7\u00e3o dos contatos das Secretarias Acad\u00eamicas (Deracs) de cada campus para facilitar a comunica\u00e7\u00e3o entre alunos e o departamento.<\/li>\n\n\n\n<li><strong>Requerimentos:<\/strong> processamento de solicita\u00e7\u00f5es ligadas a ingresso, desligamento, mudan\u00e7a de disciplinas, emiss\u00e3o de certificados e outros documentos acad\u00eamicos.<\/li>\n\n\n\n<li><strong>Documentos:<\/strong> emiss\u00e3o de declara\u00e7\u00f5es, grades hor\u00e1rias, boletins, hist\u00f3ricos simples e certid\u00f5es.<\/li>\n\n\n\n<li><strong>Calend\u00e1rio Acad\u00eamico:<\/strong> publica\u00e7\u00e3o e atualiza\u00e7\u00e3o do calend\u00e1rio acad\u00eamico dos cursos de cada campus.<\/li>\n\n\n\n<li><strong>Crach\u00e1:<\/strong> informa\u00e7\u00f5es e procedimentos sobre a confec\u00e7\u00e3o e uso do crach\u00e1 estudantil.<\/li>\n\n\n\n<li><strong>Gerar GRU:<\/strong> gera\u00e7\u00e3o da Guia de Recolhimento da Uni\u00e3o (GRU) para pagamento de taxas associadas a requerimentos.<\/li>\n\n\n\n<li><strong>Matr\u00edcula:<\/strong> procedimentos e orienta\u00e7\u00f5es para matr\u00edcula de calouros e veteranos, incluindo ajustes e confirma\u00e7\u00f5es.<\/li>\n\n\n\n<li><strong>Legisla\u00e7\u00f5es e Normas:<\/strong> disponibiliza\u00e7\u00e3o de leis e normas que regem a \u00e1rea acad\u00eamica da UTFPR.<\/li>\n\n\n\n<li><strong>FAQ:<\/strong> se\u00e7\u00e3o de perguntas frequentes para auxiliar na resolu\u00e7\u00e3o de d\u00favidas comuns entre os estudantes.<\/li>\n<\/ul>\n\n\n\n<p class=\"has-neve-text-color-color has-text-color has-link-color wp-elements-3aef9c59d75c7ff2230904b253391ec4\">Para mais informa\u00e7\u00f5es, entre em contato com a Secretaria Acad\u00eamica do seu campus, ou acesse no <a href=\"https:\/\/www.utfpr.edu.br\/secretaria\" data-type=\"link\" data-id=\"https:\/\/www.utfpr.edu.br\/secretaria\">Portal UTFPR<\/a>.<\/p>\n\n\n\n<hr class=\"wp-block-separator has-text-color has-nv-light-bg-color has-alpha-channel-opacity has-nv-light-bg-background-color has-background\" \/>\n\n\n\n<p class=\"has-nv-c-2-color has-text-color has-medium-font-size\"><strong>Paginas \u00fateis<\/strong><\/p>\n\n\n\n<p class=\"has-text-align-center has-nv-light-bg-background-color has-background\"><a href=\"https:\/\/www.utfpr.edu.br\/secretaria\/requerimentos\" data-type=\"link\" data-id=\"https:\/\/www.utfpr.edu.br\/secretaria\/requerimentos\">Secretaria Acad\u00eamica<\/a> | <a href=\"https:\/\/www.utfpr.edu.br\/secretaria\/contatos\" data-type=\"link\" data-id=\"https:\/\/www.utfpr.edu.br\/secretaria\/contatos\">Contato<\/a><\/p>\n","protected":false},"excerpt":{"rendered":"<p>A Secretaria Acad\u00eamica \u00e9 o departamento respons\u00e1vel pelo controle acad\u00eamico dos cursos de gradua\u00e7\u00e3o e t\u00e9cnicos na UTFPR. Ela desempenha um papel crucial na gest\u00e3o e organiza\u00e7\u00e3o de diversas atividades e processos acad\u00eamicos, garantindo o bom funcionamento e a qualidade dos servi\u00e7os oferecidos aos estudantes, sendo assim, respons\u00e1veis por: Servi\u00e7os Dispon\u00edveis Para mais informa\u00e7\u00f5es, entre&hellip;&nbsp;<a href=\"https:\/\/utfpr.curitiba.br\/ajudagestao\/?page_id=1053\" rel=\"bookmark\">Continue a ler &raquo;<span class=\"screen-reader-text\">Secretaria Acad\u00eamica<\/span><\/a><\/p>\n","protected":false},"author":270,"featured_media":0,"parent":0,"menu_order":0,"comment_status":"closed","ping_status":"closed","template":"","meta":{"neve_meta_sidebar":"","neve_meta_container":"","neve_meta_enable_content_width":"","neve_meta_content_width":0,"neve_meta_title_alignment":"","neve_meta_author_avatar":"","neve_post_elements_order":"","neve_meta_disable_header":"","neve_meta_disable_footer":"","neve_meta_disable_title":"","footnotes":""},"class_list":["post-1053","page","type-page","status-publish","hentry"],"_links":{"self":[{"href":"https:\/\/utfpr.curitiba.br\/ajudagestao\/index.php?rest_route=\/wp\/v2\/pages\/1053","targetHints":{"allow":["GET"]}}],"collection":[{"href":"https:\/\/utfpr.curitiba.br\/ajudagestao\/index.php?rest_route=\/wp\/v2\/pages"}],"about":[{"href":"https:\/\/utfpr.curitiba.br\/ajudagestao\/index.php?rest_route=\/wp\/v2\/types\/page"}],"author":[{"embeddable":true,"href":"https:\/\/utfpr.curitiba.br\/ajudagestao\/index.php?rest_route=\/wp\/v2\/users\/270"}],"replies":[{"embeddable":true,"href":"https:\/\/utfpr.curitiba.br\/ajudagestao\/index.php?rest_route=%2Fwp%2Fv2%2Fcomments&post=1053"}],"version-history":[{"count":2,"href":"https:\/\/utfpr.curitiba.br\/ajudagestao\/index.php?rest_route=\/wp\/v2\/pages\/1053\/revisions"}],"predecessor-version":[{"id":1678,"href":"https:\/\/utfpr.curitiba.br\/ajudagestao\/index.php?rest_route=\/wp\/v2\/pages\/1053\/revisions\/1678"}],"wp:attachment":[{"href":"https:\/\/utfpr.curitiba.br\/ajudagestao\/index.php?rest_route=%2Fwp%2Fv2%2Fmedia&parent=1053"}],"curies":[{"name":"wp","href":"https:\/\/api.w.org\/{rel}","templated":true}]}}