{"id":1049,"date":"2024-07-23T17:06:15","date_gmt":"2024-07-23T20:06:15","guid":{"rendered":"https:\/\/utfpr.curitiba.br\/ajudagestao\/?page_id=1049"},"modified":"2025-01-29T10:09:02","modified_gmt":"2025-01-29T13:09:02","slug":"auxilio-estudantil","status":"publish","type":"page","link":"https:\/\/utfpr.curitiba.br\/ajudagestao\/?page_id=1049","title":{"rendered":"Aux\u00edlio Estudantil"},"content":{"rendered":"\n<p>O Programa de Aux\u00edlio Estudantil (PAE) \u00e9 destinado aos estudantes regularmente matriculados nos cursos de Gradua\u00e7\u00e3o, Educa\u00e7\u00e3o Profissional T\u00e9cnica de N\u00edvel M\u00e9dio e Stricto Sensu da UTFPR. Ele atende prioritariamente os estudantes que comprovam renda familiar mensal per capita de at\u00e9 um sal\u00e1rio m\u00ednimo e meio nacional vigente \u00e0 \u00e9poca do processo de sele\u00e7\u00e3o. O PAE-UTFPR concede os seguintes benef\u00edcios, conforme edital anual espec\u00edfico:<\/p>\n\n\n\n<ul class=\"wp-block-list\">\n<li><strong>Aux\u00edlio-alimenta\u00e7\u00e3o<\/strong><\/li>\n\n\n\n<li><strong>Aux\u00edlio-moradia<\/strong><\/li>\n\n\n\n<li><strong>Aux\u00edlio-b\u00e1sico<\/strong><\/li>\n\n\n\n<li><strong>Aux\u00edlio-inf\u00e2ncia<\/strong><\/li>\n<\/ul>\n\n\n\n<h3 class=\"wp-block-heading has-nv-c-2-color has-text-color has-link-color has-medium-font-size wp-elements-cea047f651c13abf090b7958b2791ada\">Informa\u00e7\u00f5es Adicionais<\/h3>\n\n\n\n<p>Dentro da p\u00e1gina do aux\u00edlio, voc\u00ea pode encontrar informa\u00e7\u00f5es sobre o Edital do Aux\u00edlio Estudantil, Participa\u00e7\u00e3o em Eventos, Protagonismo Estudantil, Promisaes, Or\u00e7amento do PNAES, Legisla\u00e7\u00e3o, Manual do Aluno, Atendimento no Campus, Apoio ao Aluno e Seguro contra Acidentes.<\/p>\n\n\n\n<p>Para mais informa\u00e7\u00f5es, consulte a p\u00e1gina do<mark class=\"has-inline-color has-neve-link-hover-color-color\"> <\/mark><a href=\"https:\/\/www.utfpr.edu.br\/alunos\/bolsas\/auxilio-estudantil\" data-type=\"link\" data-id=\"https:\/\/www.utfpr.edu.br\/alunos\/bolsas\/auxilio-estudantil\"><mark style=\"background-color:var(--nv-site-bg)\" class=\"has-inline-color has-neve-link-hover-color-color\">Aux\u00edlio Estudantil<\/mark><\/a> no portal da UTFPR.<\/p>\n\n\n\n<p><\/p>\n\n\n\n<hr class=\"wp-block-separator has-text-color has-nv-light-bg-color has-alpha-channel-opacity has-nv-light-bg-background-color has-background\" \/>\n\n\n\n<p class=\"has-text-align-left has-nv-c-2-color has-text-color has-medium-font-size\"><strong>Paginas \u00fateis<\/strong><\/p>\n\n\n\n<p class=\"has-text-align-center has-neve-link-color-color has-nv-light-bg-background-color has-text-color has-background has-link-color has-medium-font-size wp-elements-3a232a4136a6ed06dbec300e12c6ef49\"><a href=\"https:\/\/www.utfpr.edu.br\/alunos\/bolsas\/auxilio-estudantil\" data-type=\"link\" data-id=\"https:\/\/www.utfpr.edu.br\/alunos\/bolsas\/auxilio-estudantil\">Aux\u00edlio Estudantil<\/a> | <a href=\"https:\/\/www.utfpr.edu.br\/alunos\" data-type=\"link\" data-id=\"https:\/\/www.utfpr.edu.br\/alunos\">Portal UTFPR<\/a><\/p>\n","protected":false},"excerpt":{"rendered":"<p>O Programa de Aux\u00edlio Estudantil (PAE) \u00e9 destinado aos estudantes regularmente matriculados nos cursos de Gradua\u00e7\u00e3o, Educa\u00e7\u00e3o Profissional T\u00e9cnica de N\u00edvel M\u00e9dio e Stricto Sensu da UTFPR. Ele atende prioritariamente os estudantes que comprovam renda familiar mensal per capita de at\u00e9 um sal\u00e1rio m\u00ednimo e meio nacional vigente \u00e0 \u00e9poca do processo de sele\u00e7\u00e3o. O&hellip;&nbsp;<a href=\"https:\/\/utfpr.curitiba.br\/ajudagestao\/?page_id=1049\" rel=\"bookmark\">Continue a ler &raquo;<span class=\"screen-reader-text\">Aux\u00edlio Estudantil<\/span><\/a><\/p>\n","protected":false},"author":270,"featured_media":0,"parent":0,"menu_order":0,"comment_status":"closed","ping_status":"closed","template":"","meta":{"neve_meta_sidebar":"","neve_meta_container":"default","neve_meta_enable_content_width":"","neve_meta_content_width":0,"neve_meta_title_alignment":"","neve_meta_author_avatar":"","neve_post_elements_order":"","neve_meta_disable_header":"","neve_meta_disable_footer":"off","neve_meta_disable_title":"","footnotes":""},"class_list":["post-1049","page","type-page","status-publish","hentry"],"_links":{"self":[{"href":"https:\/\/utfpr.curitiba.br\/ajudagestao\/index.php?rest_route=\/wp\/v2\/pages\/1049","targetHints":{"allow":["GET"]}}],"collection":[{"href":"https:\/\/utfpr.curitiba.br\/ajudagestao\/index.php?rest_route=\/wp\/v2\/pages"}],"about":[{"href":"https:\/\/utfpr.curitiba.br\/ajudagestao\/index.php?rest_route=\/wp\/v2\/types\/page"}],"author":[{"embeddable":true,"href":"https:\/\/utfpr.curitiba.br\/ajudagestao\/index.php?rest_route=\/wp\/v2\/users\/270"}],"replies":[{"embeddable":true,"href":"https:\/\/utfpr.curitiba.br\/ajudagestao\/index.php?rest_route=%2Fwp%2Fv2%2Fcomments&post=1049"}],"version-history":[{"count":10,"href":"https:\/\/utfpr.curitiba.br\/ajudagestao\/index.php?rest_route=\/wp\/v2\/pages\/1049\/revisions"}],"predecessor-version":[{"id":1490,"href":"https:\/\/utfpr.curitiba.br\/ajudagestao\/index.php?rest_route=\/wp\/v2\/pages\/1049\/revisions\/1490"}],"wp:attachment":[{"href":"https:\/\/utfpr.curitiba.br\/ajudagestao\/index.php?rest_route=%2Fwp%2Fv2%2Fmedia&parent=1049"}],"curies":[{"name":"wp","href":"https:\/\/api.w.org\/{rel}","templated":true}]}}