{"id":1045,"date":"2024-07-23T14:29:40","date_gmt":"2024-07-23T17:29:40","guid":{"rendered":"https:\/\/utfpr.curitiba.br\/ajudagestao\/?page_id=1045"},"modified":"2025-01-30T11:55:14","modified_gmt":"2025-01-30T14:55:14","slug":"rematricula","status":"publish","type":"page","link":"https:\/\/utfpr.curitiba.br\/ajudagestao\/?page_id=1045","title":{"rendered":"Matr\u00edcula e Rematr\u00edcula"},"content":{"rendered":"\n<p class=\"has-neve-text-color-color has-text-color has-link-color wp-elements-605321650cf23c7ccf283faf999e6d69\">Antes do in\u00edcio do per\u00edodo letivo, os alunos podem montar sua grade de hor\u00e1rios antecipadamente atrav\u00e9s do site <a href=\"https:\/\/gradenahora.com.br\/utfpr\/grade_na_hora.html\" data-type=\"link\" data-id=\"https:\/\/gradenahora.com.br\/utfpr\/grade_na_hora.html\">Grade na Hora<\/a>.<\/p>\n\n\n\n<p class=\"has-neve-text-color-color has-text-color has-link-color wp-elements-9ff673b7f79fac849eb0590cac26e910\"><strong>Importante:<\/strong> Acompanhe as datas de rematr\u00edcula publicadas nos perfis da UTFPR no <a href=\"https:\/\/www.utfpr.edu.br\/alunos\" data-type=\"link\" data-id=\"https:\/\/www.utfpr.edu.br\/alunos\">portal<\/a> e no <a href=\"https:\/\/www.instagram.com\/utfpr_\/\" data-type=\"link\" data-id=\"https:\/\/www.instagram.com\/utfpr_\/\">Instagram<\/a>.<\/p>\n\n\n\n<hr class=\"wp-block-separator has-text-color has-nv-light-bg-color has-alpha-channel-opacity has-nv-light-bg-background-color has-background\" \/>\n\n\n\n<h3 class=\"wp-block-heading has-nv-c-2-color has-text-color has-link-color has-medium-font-size wp-elements-dc3676a8594836c4957235dd5b182b53\">Processo<\/h3>\n\n\n\n<ol class=\"wp-block-list\">\n<li><strong>Acesse o Portal do Aluno:<\/strong>\n<ul class=\"wp-block-list\">\n<li>V\u00e1 para a aba &#8220;Matr\u00edcula&#8221;.<\/li>\n\n\n\n<li>Selecione a grade sugerida pelo sistema ou insira manualmente as disciplinas desejadas.<\/li>\n<\/ul>\n<\/li>\n\n\n\n<li><strong>Turmas Abertas:<\/strong>\n<ul class=\"wp-block-list\">\n<li>Na aba ao lado de &#8220;Matr\u00edcula&#8221;, clique em &#8220;Turmas Abertas&#8221;.<\/li>\n\n\n\n<li>Visualize as turmas dispon\u00edveis no semestre vigente, seus hor\u00e1rios e c\u00f3digos.<\/li>\n<\/ul>\n<\/li>\n\n\n\n<li><strong>Aguarde as Pr\u00f3ximas Etapas:<\/strong>\n<ul class=\"wp-block-list\">\n<li>Ap\u00f3s as etapas de ajuste, confirma\u00e7\u00e3o e inclus\u00e3o, voc\u00ea poder\u00e1 alternar e\/ou inserir disciplinas.<\/li>\n\n\n\n<li>Se as disciplinas solicitadas estiverem com status de &#8220;Matr\u00edcula Aceita&#8221;, aguarde o in\u00edcio das aulas.<\/li>\n<\/ul>\n<\/li>\n<\/ol>\n\n\n\n<hr class=\"wp-block-separator has-text-color has-nv-light-bg-color has-alpha-channel-opacity has-nv-light-bg-background-color has-background\" \/>\n\n\n\n<h3 class=\"wp-block-heading has-nv-c-2-color has-text-color has-link-color has-medium-font-size wp-elements-cf61dc6076ac5e964d4bf1fc87f1bdbf\">Observa\u00e7\u00f5es<\/h3>\n\n\n\n<ul class=\"wp-block-list\">\n<li>Todos os alunos a partir do segundo per\u00edodo devem realizar a rematr\u00edcula.<\/li>\n\n\n\n<li>Alunos com matr\u00edcula trancada que desejarem retornar devem entrar em contato com a coordena\u00e7\u00e3o do curso.<\/li>\n\n\n\n<li>Alunos com matr\u00edcula trancada que desejam manter a situa\u00e7\u00e3o, n\u00e3o precisam realizar nenhuma a\u00e7\u00e3o no per\u00edodo de matr\u00edculas.<\/li>\n<\/ul>\n\n\n\n<p>Para mais informa\u00e7\u00f5es ou em caso de d\u00favidas, entre em contato com os centros acad\u00eamicos ou com a coordena\u00e7\u00e3o do curso.<\/p>\n\n\n\n<hr class=\"wp-block-separator has-text-color has-nv-light-bg-color has-alpha-channel-opacity has-nv-light-bg-background-color has-background\" \/>\n\n\n\n<p class=\"has-nv-c-2-color has-text-color has-medium-font-size\"><strong>Paginas \u00fateis<\/strong><\/p>\n\n\n\n<p class=\"has-text-align-center has-nv-light-bg-background-color has-background\"><a href=\"https:\/\/www.utfpr.edu.br\/alunos\" data-type=\"link\" data-id=\"https:\/\/www.utfpr.edu.br\/alunos\">Portal UTFPR<\/a> | <a href=\"https:\/\/www.utfpr.edu.br\/alunos\/portal-do-aluno\" data-type=\"link\" data-id=\"https:\/\/www.utfpr.edu.br\/alunos\/portal-do-aluno\">Portal do Aluno<\/a> | <a href=\"https:\/\/www.instagram.com\/utfpr_\/\" data-type=\"link\" data-id=\"https:\/\/www.instagram.com\/utfpr_\/\">Instagram UTFPR<\/a> | <a href=\"https:\/\/gradenahora.com.br\/utfpr\/grade_na_hora.html\" data-type=\"link\" data-id=\"https:\/\/gradenahora.com.br\/utfpr\/grade_na_hora.html\">Grade na hora<\/a><\/p>\n","protected":false},"excerpt":{"rendered":"<p>Antes do in\u00edcio do per\u00edodo letivo, os alunos podem montar sua grade de hor\u00e1rios antecipadamente atrav\u00e9s do site Grade na Hora. Importante: Acompanhe as datas de rematr\u00edcula publicadas nos perfis da UTFPR no portal e no Instagram. Processo Observa\u00e7\u00f5es Para mais informa\u00e7\u00f5es ou em caso de d\u00favidas, entre em contato com os centros acad\u00eamicos ou&hellip;&nbsp;<a href=\"https:\/\/utfpr.curitiba.br\/ajudagestao\/?page_id=1045\" rel=\"bookmark\">Continue a ler &raquo;<span class=\"screen-reader-text\">Matr\u00edcula e Rematr\u00edcula<\/span><\/a><\/p>\n","protected":false},"author":270,"featured_media":0,"parent":0,"menu_order":0,"comment_status":"closed","ping_status":"closed","template":"","meta":{"neve_meta_sidebar":"","neve_meta_container":"","neve_meta_enable_content_width":"","neve_meta_content_width":0,"neve_meta_title_alignment":"","neve_meta_author_avatar":"","neve_post_elements_order":"","neve_meta_disable_header":"","neve_meta_disable_footer":"","neve_meta_disable_title":"","footnotes":""},"class_list":["post-1045","page","type-page","status-publish","hentry"],"_links":{"self":[{"href":"https:\/\/utfpr.curitiba.br\/ajudagestao\/index.php?rest_route=\/wp\/v2\/pages\/1045","targetHints":{"allow":["GET"]}}],"collection":[{"href":"https:\/\/utfpr.curitiba.br\/ajudagestao\/index.php?rest_route=\/wp\/v2\/pages"}],"about":[{"href":"https:\/\/utfpr.curitiba.br\/ajudagestao\/index.php?rest_route=\/wp\/v2\/types\/page"}],"author":[{"embeddable":true,"href":"https:\/\/utfpr.curitiba.br\/ajudagestao\/index.php?rest_route=\/wp\/v2\/users\/270"}],"replies":[{"embeddable":true,"href":"https:\/\/utfpr.curitiba.br\/ajudagestao\/index.php?rest_route=%2Fwp%2Fv2%2Fcomments&post=1045"}],"version-history":[{"count":2,"href":"https:\/\/utfpr.curitiba.br\/ajudagestao\/index.php?rest_route=\/wp\/v2\/pages\/1045\/revisions"}],"predecessor-version":[{"id":1671,"href":"https:\/\/utfpr.curitiba.br\/ajudagestao\/index.php?rest_route=\/wp\/v2\/pages\/1045\/revisions\/1671"}],"wp:attachment":[{"href":"https:\/\/utfpr.curitiba.br\/ajudagestao\/index.php?rest_route=%2Fwp%2Fv2%2Fmedia&parent=1045"}],"curies":[{"name":"wp","href":"https:\/\/api.w.org\/{rel}","templated":true}]}}