{"id":1034,"date":"2024-07-10T16:04:29","date_gmt":"2024-07-10T19:04:29","guid":{"rendered":"https:\/\/utfpr.curitiba.br\/ajudagestao\/?page_id=1034"},"modified":"2025-01-30T10:22:55","modified_gmt":"2025-01-30T13:22:55","slug":"portal-do-aluno","status":"publish","type":"page","link":"https:\/\/utfpr.curitiba.br\/ajudagestao\/?page_id=1034","title":{"rendered":"Portal do Aluno"},"content":{"rendered":"\n<p>O Portal do Aluno \u00e9 uma interface do Sistema Acad\u00eamico desenvolvida para que os alunos tenham acesso a v\u00e1rias funcionalidades que permitem a visualiza\u00e7\u00e3o do andamento de sua vida acad\u00eamica e participa\u00e7\u00e3o em diversos processos, como matr\u00edcula e avalia\u00e7\u00e3o de docentes.<\/p>\n\n\n\n<h3 class=\"wp-block-heading has-nv-c-2-color has-text-color has-link-color has-medium-font-size wp-elements-ee0a4cc49589959a7763c3e1cecfadb9\">Acesso ao Portal do Aluno<\/h3>\n\n\n\n<p>Para acessar sua \u00e1rea no Portal do Aluno, siga os passos abaixo:<\/p>\n\n\n\n<ol class=\"wp-block-list\">\n<li class=\"has-neve-text-color-color has-text-color has-link-color wp-elements-46bb1d20b80ef352023a2c7ff6b65551\">Acesse o <a href=\"https:\/\/www.utfpr.edu.br\/alunos\/portal-do-aluno\" data-type=\"link\" data-id=\"https:\/\/www.utfpr.edu.br\/alunos\/portal-do-aluno\">Portal do Aluno<\/a>.<\/li>\n\n\n\n<li>Clique no nome do seu campus.<\/li>\n\n\n\n<li>Digite seu login e senha.<\/li>\n<\/ol>\n\n\n\n<h3 class=\"wp-block-heading has-nv-c-2-color has-text-color has-link-color has-medium-font-size wp-elements-9e0b8f452747f1f4fe72b41e948b934f\">Funcionalidades do Portal<\/h3>\n\n\n\n<p>Atrav\u00e9s do Portal do Aluno, voc\u00ea pode acessar os seguintes servi\u00e7os:<\/p>\n\n\n\n<ul class=\"wp-block-list\">\n<li><strong>Documentos:<\/strong> declara\u00e7\u00f5es e certid\u00f5es acad\u00eamicas.<\/li>\n\n\n\n<li><strong>Matr\u00edcula:<\/strong> procedimentos para matr\u00edcula de calouros e veteranos.<\/li>\n\n\n\n<li><strong>Turmas Abertas:<\/strong> informa\u00e7\u00f5es sobre turmas dispon\u00edveis e hor\u00e1rios.<\/li>\n\n\n\n<li><strong>Matr\u00edcula Calem:<\/strong> procedimentos espec\u00edficos para matr\u00edcula de calouros.<\/li>\n\n\n\n<li><strong>Disciplinas Matriculadas:<\/strong> consulta e gerenciamento das disciplinas em que est\u00e1 matriculado.<\/li>\n\n\n\n<li><strong>Cancelamento de Disciplina:<\/strong> solicita\u00e7\u00e3o para cancelamento de disciplinas.<\/li>\n\n\n\n<li><strong>Atualiza\u00e7\u00e3o Cadastral:<\/strong> atualiza\u00e7\u00e3o de dados pessoais e acad\u00eamicos.<\/li>\n\n\n\n<li><strong>Inscri\u00e7\u00e3o &#8211; Aux\u00edlio Estudantil:<\/strong> procedimentos para solicitar aux\u00edlio estudantil.<\/li>\n\n\n\n<li><strong>Monitoria:<\/strong> informa\u00e7\u00f5es e inscri\u00e7\u00f5es para atividades de monitoria.<\/li>\n\n\n\n<li><strong>Pasta do Aluno:<\/strong> acesso \u00e0 pasta acad\u00eamica com documentos e informa\u00e7\u00f5es.<\/li>\n\n\n\n<li><strong>Requerimento Online:<\/strong> solicita\u00e7\u00e3o de diversos requerimentos acad\u00eamicos.<\/li>\n\n\n\n<li><strong>Boletim:<\/strong> acesso ao boletim acad\u00eamico.<\/li>\n\n\n\n<li><strong>Matrizes Curriculares:<\/strong> consulta \u00e0s matrizes curriculares dos cursos.<\/li>\n\n\n\n<li><strong>Hist\u00f3rico Completo:<\/strong> emiss\u00e3o do hist\u00f3rico escolar completo.<\/li>\n\n\n\n<li><strong>Avalia\u00e7\u00e3o do Professor:<\/strong> avalia\u00e7\u00e3o do desempenho dos docentes.<\/li>\n\n\n\n<li><strong>Rel. Aval. Docente:<\/strong> eelat\u00f3rio de avalia\u00e7\u00e3o dos professores.<\/li>\n\n\n\n<li><strong>Avalia\u00e7\u00e3o dos Setores:<\/strong> avalia\u00e7\u00e3o dos setores administrativos e acad\u00eamicos.<\/li>\n\n\n\n<li><strong>Documentos Disponibilizados:<\/strong> acesso aos documentos dispon\u00edveis para download.<\/li>\n\n\n\n<li><strong>Mapa de Professores:<\/strong> localiza\u00e7\u00e3o e informa\u00e7\u00f5es dos professores.<\/li>\n\n\n\n<li><strong>E-Mail Institucional:<\/strong> acesso ao e-mail institucional.<\/li>\n\n\n\n<li><strong>Formul\u00e1rio:<\/strong> formul\u00e1rios diversos para solicita\u00e7\u00f5es e processos acad\u00eamicos.<\/li>\n\n\n\n<li><strong>Relat\u00f3rio Refei\u00e7\u00f5es RU:<\/strong> relat\u00f3rio de refei\u00e7\u00f5es no Restaurante Universit\u00e1rio.<\/li>\n\n\n\n<li><strong>Foto do Crach\u00e1:<\/strong> atualiza\u00e7\u00e3o e consulta da foto do crach\u00e1 estudantil.<\/li>\n\n\n\n<li><strong>Minha Biblioteca:<\/strong> acesso aos recursos da biblioteca acad\u00eamica.<\/li>\n<\/ul>\n\n\n\n<hr class=\"wp-block-separator has-text-color has-nv-light-bg-color has-alpha-channel-opacity has-nv-light-bg-background-color has-background\" \/>\n\n\n\n<p class=\"has-nv-c-2-color has-text-color has-medium-font-size\"><strong>Paginas \u00fateis<\/strong><\/p>\n\n\n\n<p class=\"has-text-align-center has-nv-light-bg-background-color has-background\"><a href=\"https:\/\/www.utfpr.edu.br\/alunos\/portal-do-aluno\" data-type=\"link\" data-id=\"https:\/\/www.utfpr.edu.br\/alunos\/portal-do-aluno\">Portal do Aluno<\/a><\/p>\n","protected":false},"excerpt":{"rendered":"<p>O Portal do Aluno \u00e9 uma interface do Sistema Acad\u00eamico desenvolvida para que os alunos tenham acesso a v\u00e1rias funcionalidades que permitem a visualiza\u00e7\u00e3o do andamento de sua vida acad\u00eamica e participa\u00e7\u00e3o em diversos processos, como matr\u00edcula e avalia\u00e7\u00e3o de docentes. Acesso ao Portal do Aluno Para acessar sua \u00e1rea no Portal do Aluno, siga&hellip;&nbsp;<a href=\"https:\/\/utfpr.curitiba.br\/ajudagestao\/?page_id=1034\" rel=\"bookmark\">Continue a ler &raquo;<span class=\"screen-reader-text\">Portal do Aluno<\/span><\/a><\/p>\n","protected":false},"author":270,"featured_media":0,"parent":0,"menu_order":0,"comment_status":"closed","ping_status":"closed","template":"","meta":{"neve_meta_sidebar":"","neve_meta_container":"","neve_meta_enable_content_width":"","neve_meta_content_width":0,"neve_meta_title_alignment":"","neve_meta_author_avatar":"","neve_post_elements_order":"","neve_meta_disable_header":"","neve_meta_disable_footer":"","neve_meta_disable_title":"","footnotes":""},"class_list":["post-1034","page","type-page","status-publish","hentry"],"_links":{"self":[{"href":"https:\/\/utfpr.curitiba.br\/ajudagestao\/index.php?rest_route=\/wp\/v2\/pages\/1034","targetHints":{"allow":["GET"]}}],"collection":[{"href":"https:\/\/utfpr.curitiba.br\/ajudagestao\/index.php?rest_route=\/wp\/v2\/pages"}],"about":[{"href":"https:\/\/utfpr.curitiba.br\/ajudagestao\/index.php?rest_route=\/wp\/v2\/types\/page"}],"author":[{"embeddable":true,"href":"https:\/\/utfpr.curitiba.br\/ajudagestao\/index.php?rest_route=\/wp\/v2\/users\/270"}],"replies":[{"embeddable":true,"href":"https:\/\/utfpr.curitiba.br\/ajudagestao\/index.php?rest_route=%2Fwp%2Fv2%2Fcomments&post=1034"}],"version-history":[{"count":4,"href":"https:\/\/utfpr.curitiba.br\/ajudagestao\/index.php?rest_route=\/wp\/v2\/pages\/1034\/revisions"}],"predecessor-version":[{"id":1633,"href":"https:\/\/utfpr.curitiba.br\/ajudagestao\/index.php?rest_route=\/wp\/v2\/pages\/1034\/revisions\/1633"}],"wp:attachment":[{"href":"https:\/\/utfpr.curitiba.br\/ajudagestao\/index.php?rest_route=%2Fwp%2Fv2%2Fmedia&parent=1034"}],"curies":[{"name":"wp","href":"https:\/\/api.w.org\/{rel}","templated":true}]}}