{"id":1032,"date":"2024-07-10T16:03:53","date_gmt":"2024-07-10T19:03:53","guid":{"rendered":"https:\/\/utfpr.curitiba.br\/ajudagestao\/?page_id=1032"},"modified":"2025-02-03T10:56:16","modified_gmt":"2025-02-03T13:56:16","slug":"servicos-ti-discente","status":"publish","type":"page","link":"https:\/\/utfpr.curitiba.br\/ajudagestao\/?page_id=1032","title":{"rendered":"Servi\u00e7os de TI para Discentes"},"content":{"rendered":"\n<p>A UTFPR oferece alguns servi\u00e7os de Tecnologia da Informa\u00e7\u00e3o aos seus alunos, visando suporte e facilidades no ambiente acad\u00eamico. Esses servi\u00e7os visam proporcionar um ambiente acad\u00eamico mais integrado e tecnologicamente avan\u00e7ado, contribuindo para a experi\u00eancia dos estudantes na universidade.<\/p>\n\n\n\n<p>Entre os servi\u00e7os institucionais destacam-se:<\/p>\n\n\n\n<ul class=\"wp-block-list\">\n<li>Certificado pessoal<\/li>\n\n\n\n<li>Portal do aluno<\/li>\n\n\n\n<li>Rede sem fio<\/li>\n\n\n\n<li>Armazenamento de arquivos<\/li>\n\n\n\n<li>Email institucional<\/li>\n\n\n\n<li>P\u00e1ginas pessoais<\/li>\n\n\n\n<li>Moodle Institucional<\/li>\n<\/ul>\n\n\n\n<p class=\"has-neve-text-color-color has-text-color has-link-color wp-elements-cee12a9dc2191bc0696155302b118af7\">Al\u00e9m de outros servi\u00e7os como reposit\u00f3rios institucionais, comunidade acad\u00eamica federada, entre outros. Para acessar cada m\u00f3dulo desses servi\u00e7os ofertados, acesse a p\u00e1gina de <a href=\"https:\/\/www.utfpr.edu.br\/alunos\/servicos\/TI\" data-type=\"link\" data-id=\"https:\/\/www.utfpr.edu.br\/alunos\/servicos\/TI\">Servi\u00e7os de Tecnologia da Informa\u00e7\u00e3o &#8211; Alunos<\/a>.<\/p>\n\n\n\n<p>Para suporte e assist\u00eancia t\u00e9cnica, os alunos podem abrir chamados para as Coordena\u00e7\u00f5es de Gest\u00e3o em Tecnologia da Informa\u00e7\u00e3o (COGETIs), dispon\u00edveis nos diferentes campi da UTFPR. <\/p>\n\n\n\n<hr class=\"wp-block-separator has-text-color has-nv-light-bg-color has-alpha-channel-opacity has-nv-light-bg-background-color has-background\" \/>\n\n\n\n<div class=\"wp-block-buttons has-custom-font-size is-content-justification-center is-layout-flex wp-container-core-buttons-is-layout-16018d1d wp-block-buttons-is-layout-flex\" style=\"font-size:16px\">\n<div class=\"wp-block-button\"><a class=\"wp-block-button__link has-nv-dark-bg-background-color has-background wp-element-button\" href=\"https:\/\/ajuda.utfpr.edu.br\/campus\/publico\/campus-ct\/chamado\" style=\"border-radius:11px\">Site de abertura de chamados<\/a><\/div>\n\n\n\n<div class=\"wp-block-button\"><a class=\"wp-block-button__link has-nv-dark-bg-background-color has-background wp-element-button\" href=\"https:\/\/atendimento.cogeti.ct.utfpr.edu.br\/\" style=\"border-radius:11px\">Atendimento COGETI<\/a><\/div>\n<\/div>\n\n\n\n<hr class=\"wp-block-separator has-text-color has-nv-light-bg-color has-alpha-channel-opacity has-nv-light-bg-background-color has-background\" \/>\n\n\n\n<p class=\"has-nv-c-2-color has-text-color has-medium-font-size\"><strong>Paginas \u00fateis<\/strong><\/p>\n\n\n\n<p class=\"has-text-align-center has-nv-light-bg-background-color has-background\"><a href=\"https:\/\/www.utfpr.edu.br\/alunos\/servicos\/TI\" data-type=\"link\" data-id=\"https:\/\/www.utfpr.edu.br\/alunos\/servicos\/TI\">Servi\u00e7os TI<\/a> | <a href=\"https:\/\/atendimento.cogeti.ct.utfpr.edu.br\/\" data-type=\"link\" data-id=\"https:\/\/atendimento.cogeti.ct.utfpr.edu.br\/\">COGETI<\/a><\/p>\n","protected":false},"excerpt":{"rendered":"<p>A UTFPR oferece alguns servi\u00e7os de Tecnologia da Informa\u00e7\u00e3o aos seus alunos, visando suporte e facilidades no ambiente acad\u00eamico. Esses servi\u00e7os visam proporcionar um ambiente acad\u00eamico mais integrado e tecnologicamente avan\u00e7ado, contribuindo para a experi\u00eancia dos estudantes na universidade. Entre os servi\u00e7os institucionais destacam-se: Al\u00e9m de outros servi\u00e7os como reposit\u00f3rios institucionais, comunidade acad\u00eamica federada, entre&hellip;&nbsp;<a href=\"https:\/\/utfpr.curitiba.br\/ajudagestao\/?page_id=1032\" rel=\"bookmark\">Continue a ler &raquo;<span class=\"screen-reader-text\">Servi\u00e7os de TI para Discentes<\/span><\/a><\/p>\n","protected":false},"author":270,"featured_media":0,"parent":0,"menu_order":0,"comment_status":"closed","ping_status":"closed","template":"","meta":{"neve_meta_sidebar":"","neve_meta_container":"","neve_meta_enable_content_width":"","neve_meta_content_width":0,"neve_meta_title_alignment":"","neve_meta_author_avatar":"","neve_post_elements_order":"","neve_meta_disable_header":"","neve_meta_disable_footer":"","neve_meta_disable_title":"","footnotes":""},"class_list":["post-1032","page","type-page","status-publish","hentry"],"_links":{"self":[{"href":"https:\/\/utfpr.curitiba.br\/ajudagestao\/index.php?rest_route=\/wp\/v2\/pages\/1032","targetHints":{"allow":["GET"]}}],"collection":[{"href":"https:\/\/utfpr.curitiba.br\/ajudagestao\/index.php?rest_route=\/wp\/v2\/pages"}],"about":[{"href":"https:\/\/utfpr.curitiba.br\/ajudagestao\/index.php?rest_route=\/wp\/v2\/types\/page"}],"author":[{"embeddable":true,"href":"https:\/\/utfpr.curitiba.br\/ajudagestao\/index.php?rest_route=\/wp\/v2\/users\/270"}],"replies":[{"embeddable":true,"href":"https:\/\/utfpr.curitiba.br\/ajudagestao\/index.php?rest_route=%2Fwp%2Fv2%2Fcomments&post=1032"}],"version-history":[{"count":8,"href":"https:\/\/utfpr.curitiba.br\/ajudagestao\/index.php?rest_route=\/wp\/v2\/pages\/1032\/revisions"}],"predecessor-version":[{"id":1761,"href":"https:\/\/utfpr.curitiba.br\/ajudagestao\/index.php?rest_route=\/wp\/v2\/pages\/1032\/revisions\/1761"}],"wp:attachment":[{"href":"https:\/\/utfpr.curitiba.br\/ajudagestao\/index.php?rest_route=%2Fwp%2Fv2%2Fmedia&parent=1032"}],"curies":[{"name":"wp","href":"https:\/\/api.w.org\/{rel}","templated":true}]}}