{"id":1026,"date":"2024-07-03T15:31:31","date_gmt":"2024-07-03T18:31:31","guid":{"rendered":"https:\/\/utfpr.curitiba.br\/ajudagestao\/?page_id=1026"},"modified":"2025-01-29T14:52:38","modified_gmt":"2025-01-29T17:52:38","slug":"estagio-discentes","status":"publish","type":"page","link":"https:\/\/utfpr.curitiba.br\/ajudagestao\/?page_id=1026","title":{"rendered":"Est\u00e1gio \/ Discentes"},"content":{"rendered":"\n<p>Os est\u00e1gios na UTFPR s\u00e3o pr\u00e1ticas profissionais supervisionadas que preparam os estudantes para o mercado de trabalho, oferecendo conhecimento, experi\u00eancia e desenvolvimento de compet\u00eancias essenciais. Existem dois tipos de est\u00e1gio:<\/p>\n\n\n\n<ul class=\"wp-block-list\">\n<li><strong>Est\u00e1gio N\u00e3o-Obrigat\u00f3rio:<\/strong> realizado a partir do 1\u00ba per\u00edodo do curso (conferir libera\u00e7\u00e3o com a coordena\u00e7\u00e3o de est\u00e1gio).<\/li>\n\n\n\n<li><strong>Est\u00e1gio Obrigat\u00f3rio:<\/strong> disciplina obrigat\u00f3ria do curso, realizada a partir do per\u00edodo previsto na matriz curricular, complementando o processo ensino-aprendizagem.<\/li>\n<\/ul>\n\n\n\n<p class=\"has-neve-text-color-color has-text-color has-link-color wp-elements-e2db7b7942a9967edd8b048290d8b65a\">O Est\u00e1gio Obrigat\u00f3rio segue a legisla\u00e7\u00e3o nacional, o <a href=\"https:\/\/sei.utfpr.edu.br\/sei\/publicacoes\/controlador_publicacoes.php?acao=publicacao_visualizar&amp;id_documento=1608522&amp;id_orgao_publicacao=0\" data-type=\"link\" data-id=\"https:\/\/sei.utfpr.edu.br\/sei\/publicacoes\/controlador_publicacoes.php?acao=publicacao_visualizar&amp;id_documento=1608522&amp;id_orgao_publicacao=0\">Regulamento dos Est\u00e1gios Curriculares Supervisionados da UTFPR<\/a> e as exig\u00eancias complementares do curso.<\/p>\n\n\n\n<hr class=\"wp-block-separator has-text-color has-nv-light-bg-color has-alpha-channel-opacity has-nv-light-bg-background-color has-background\" \/>\n\n\n\n<h3 class=\"wp-block-heading has-nv-c-2-color has-text-color has-link-color has-medium-font-size wp-elements-2c2f3dddf5cea4551d5f72f8e816dfbd\">Procedimentos para iniciar o est\u00e1gio<\/h3>\n\n\n\n<ol class=\"wp-block-list\">\n<li class=\"has-neve-text-color-color has-text-color has-link-color wp-elements-15555831ab157f77a63b71dbd9288887\"><strong>Cadastro:<\/strong> acesse <a href=\"http:\/\/estagio.utfpr.edu.br\">estagio.utfpr.edu.br<\/a> para se cadastrar.<\/li>\n\n\n\n<li><strong>Verifica\u00e7\u00e3o:<\/strong> confira se a empresa est\u00e1 cadastrada no sistema.<\/li>\n\n\n\n<li><strong>Documenta\u00e7\u00e3o:<\/strong> providencie o Termo de Compromisso e o Plano de Est\u00e1gio, ambos assinados e carimbados pela Unidade Concedente e o discente. Envie para o PRAE respons\u00e1vel do seu curso que seguir\u00e1 com a solicita\u00e7\u00e3o de assinatura do professor orientador, e posteriormente enviar\u00e1 para a DIEEM.<\/li>\n\n\n\n<li><strong>Entrega:<\/strong> toda a documenta\u00e7\u00e3o deve ser entregue \u00e0 DIEEM at\u00e9 10 dias antes do in\u00edcio do est\u00e1gio.<\/li>\n<\/ol>\n\n\n\n<hr class=\"wp-block-separator has-text-color has-nv-light-bg-color has-alpha-channel-opacity has-nv-light-bg-background-color has-background\" \/>\n\n\n\n<h3 class=\"wp-block-heading has-nv-c-2-color has-text-color has-link-color has-medium-font-size wp-elements-82ff5424690f567d0590dd4dd47895b8\">Documentos necess\u00e1rios<\/h3>\n\n\n\n<ul class=\"wp-block-list\">\n<li><strong>Termo de Compromisso de Est\u00e1gio (TCE)<\/strong><\/li>\n\n\n\n<li><strong>Plano de Est\u00e1gio (PE)<\/strong><\/li>\n\n\n\n<li><strong>Termo Aditivo (TA):<\/strong> emitido para altera\u00e7\u00f5es no TCE original<\/li>\n<\/ul>\n\n\n\n<hr class=\"wp-block-separator has-text-color has-nv-light-bg-color has-alpha-channel-opacity has-nv-light-bg-background-color has-background\" \/>\n\n\n\n<h3 class=\"wp-block-heading has-nv-c-2-color has-text-color has-link-color has-medium-font-size wp-elements-da41e481d5f29829caed0abd80109350\">Regras e orienta\u00e7\u00f5es<\/h3>\n\n\n\n<ul class=\"wp-block-list\">\n<li><strong>Carga Hor\u00e1ria:<\/strong> limite de 30 horas semanais e no m\u00e1ximo 6 horas di\u00e1rias<\/li>\n\n\n\n<li><strong>Carimbos:<\/strong> supervisores e professores devem usar carimbos pessoais ou do departamento<\/li>\n\n\n\n<li><strong>Assinaturas:<\/strong> devem ser coletadas do representante legal da empresa e do professor orientador na UTFPR<\/li>\n<\/ul>\n\n\n\n<hr class=\"wp-block-separator has-text-color has-nv-light-bg-color has-alpha-channel-opacity has-nv-light-bg-background-color has-background\" \/>\n\n\n\n<h3 class=\"wp-block-heading has-nv-c-2-color has-text-color has-link-color has-medium-font-size wp-elements-4bad4e7ca6e23ed2f26d8def1f064db0\">Contatos e suporte<\/h3>\n\n\n\n<ul class=\"wp-block-list\">\n<li><strong>Alunos:<\/strong> enviar e-mail para <a>dieem-ct@utfpr.edu.br<\/a><\/li>\n\n\n\n<li><strong>Empresas:<\/strong> enviar e-mail para <a>egresso-ct@utfpr.edu.br<\/a><\/li>\n<\/ul>\n\n\n\n<p class=\"has-link-color wp-elements-1aa91ea7b09980ebcfb9f3a079796373\">Para mais detalhes e acesso \u00e0s vagas, visite <a href=\"https:\/\/estagio.utfpr.edu.br\/\" data-type=\"link\" data-id=\"https:\/\/estagio.utfpr.edu.br\/\">estagio.utfpr.edu.br<\/a>.<\/p>\n\n\n\n<hr class=\"wp-block-separator has-text-color has-nv-light-bg-color has-alpha-channel-opacity has-nv-light-bg-background-color has-background\" \/>\n\n\n\n<p class=\"has-nv-c-2-color has-text-color has-medium-font-size\"><strong>P\u00e1ginas \u00fateis<\/strong><\/p>\n\n\n\n<p class=\"has-text-align-center has-nv-light-bg-background-color has-background\"><a href=\"https:\/\/www.utfpr.edu.br\/cursos\/coordenacoes\/graduacao\/curitiba\/ct-engenharia-ambiental-e-sanitaria\/area-academica\/estagio-curricular\" data-type=\"link\" data-id=\"https:\/\/www.utfpr.edu.br\/cursos\/coordenacoes\/graduacao\/curitiba\/ct-engenharia-ambiental-e-sanitaria\/area-academica\/estagio-curricular\">Portal UTFPR &#8211; Est\u00e1gio<\/a> | <a href=\"https:\/\/utfpr.curitiba.br\/direc\/divisao-de-estagio-e-empregos\/\" data-type=\"link\" data-id=\"https:\/\/utfpr.curitiba.br\/direc\/divisao-de-estagio-e-empregos\/\">DIEEM<\/a> | <a href=\"https:\/\/estagio.utfpr.edu.br\/\" data-type=\"link\" data-id=\"https:\/\/estagio.utfpr.edu.br\/\">SIE<\/a><\/p>\n","protected":false},"excerpt":{"rendered":"<p>Os est\u00e1gios na UTFPR s\u00e3o pr\u00e1ticas profissionais supervisionadas que preparam os estudantes para o mercado de trabalho, oferecendo conhecimento, experi\u00eancia e desenvolvimento de compet\u00eancias essenciais. Existem dois tipos de est\u00e1gio: O Est\u00e1gio Obrigat\u00f3rio segue a legisla\u00e7\u00e3o nacional, o Regulamento dos Est\u00e1gios Curriculares Supervisionados da UTFPR e as exig\u00eancias complementares do curso. Procedimentos para iniciar o&hellip;&nbsp;<a href=\"https:\/\/utfpr.curitiba.br\/ajudagestao\/?page_id=1026\" rel=\"bookmark\">Continue a ler &raquo;<span class=\"screen-reader-text\">Est\u00e1gio \/ Discentes<\/span><\/a><\/p>\n","protected":false},"author":270,"featured_media":0,"parent":0,"menu_order":0,"comment_status":"closed","ping_status":"closed","template":"","meta":{"neve_meta_sidebar":"","neve_meta_container":"","neve_meta_enable_content_width":"","neve_meta_content_width":0,"neve_meta_title_alignment":"","neve_meta_author_avatar":"","neve_post_elements_order":"","neve_meta_disable_header":"","neve_meta_disable_footer":"","neve_meta_disable_title":"","footnotes":""},"class_list":["post-1026","page","type-page","status-publish","hentry"],"_links":{"self":[{"href":"https:\/\/utfpr.curitiba.br\/ajudagestao\/index.php?rest_route=\/wp\/v2\/pages\/1026","targetHints":{"allow":["GET"]}}],"collection":[{"href":"https:\/\/utfpr.curitiba.br\/ajudagestao\/index.php?rest_route=\/wp\/v2\/pages"}],"about":[{"href":"https:\/\/utfpr.curitiba.br\/ajudagestao\/index.php?rest_route=\/wp\/v2\/types\/page"}],"author":[{"embeddable":true,"href":"https:\/\/utfpr.curitiba.br\/ajudagestao\/index.php?rest_route=\/wp\/v2\/users\/270"}],"replies":[{"embeddable":true,"href":"https:\/\/utfpr.curitiba.br\/ajudagestao\/index.php?rest_route=%2Fwp%2Fv2%2Fcomments&post=1026"}],"version-history":[{"count":5,"href":"https:\/\/utfpr.curitiba.br\/ajudagestao\/index.php?rest_route=\/wp\/v2\/pages\/1026\/revisions"}],"predecessor-version":[{"id":1564,"href":"https:\/\/utfpr.curitiba.br\/ajudagestao\/index.php?rest_route=\/wp\/v2\/pages\/1026\/revisions\/1564"}],"wp:attachment":[{"href":"https:\/\/utfpr.curitiba.br\/ajudagestao\/index.php?rest_route=%2Fwp%2Fv2%2Fmedia&parent=1026"}],"curies":[{"name":"wp","href":"https:\/\/api.w.org\/{rel}","templated":true}]}}