{"id":14,"date":"2021-10-20T13:42:38","date_gmt":"2021-10-20T16:42:38","guid":{"rendered":"https:\/\/utfpr.curitiba.br\/acervosonoro\/?page_id=14"},"modified":"2026-04-01T19:46:41","modified_gmt":"2026-04-01T22:46:41","slug":"ola","status":"publish","type":"page","link":"https:\/\/utfpr.curitiba.br\/acervosonoro\/","title":{"rendered":"Boas vindas"},"content":{"rendered":"\n<p>Seja bem vindo ao projeto de extens\u00e3o Acervo Sonoro de Obras Liter\u00e1rias.<\/p>\n\n\n\n<p>O projeto, coordenado pelo professor <a href=\"http:\/\/gustavonishida.com\">Gustavo Nishida<\/a>, tem por objetivo produzir material liter\u00e1rio em \u00e1udio para auxiliar os estudos de estudantes cegos ou com baixa vis\u00e3o na Universidade Tecnol\u00f3gica Federal do Paran\u00e1.<\/p>\n\n\n\n<p>Atualmente, o projeto conta com a ajuda da comunidade acad\u00eamica da UTFPR para realiza\u00e7\u00e3o das grava\u00e7\u00f5es de forma volunt\u00e1ria. Esse trabalho \u00e9 fundamental e agradecemos imensamente a todos que colaboram conosco!<\/p>\n\n\n\n<p>Outro parceiro important\u00edssimo \u00e9 o N\u00facleo de Pesquisas em Inform\u00e1tica, Literatura e Lingu\u00edstica (NUPPIL). As obras gravadas tamb\u00e9m est\u00e3o dispon\u00edveis no acervo deles. Acesse: <a href=\"https:\/\/nupill.ufsc.br\/\" data-type=\"URL\" data-id=\"https:\/\/nupill.ufsc.br\/\">https:\/\/nupill.ufsc.br\/<\/a> . <\/p>\n\n\n\n<p>Se voc\u00ea se interessou pelo projeto e quer ser um volunt\u00e1rio, basta entrar em contato atrav\u00e9s do e-mail <a href=\"mailto:acervosonoro-ct@utfpr.edu.br\">acervosonoro-ct@utfpr.edu.br<\/a> .<\/p>\n\n\n\n<p>Acompanhe-nos tamb\u00e9m no Instagram: <a href=\"http:\/\/@acervo.sonoro\" data-type=\"URL\" data-id=\"@acervo.sonoro\">@acervo.sonoro<\/a> .<\/p>\n\n\n\n<p><\/p>\n\n\n\n<figure class=\"wp-block-image size-full\"><img fetchpriority=\"high\" decoding=\"async\" width=\"500\" height=\"500\" src=\"https:\/\/utfpr-ct-static-content.s3.amazonaws.com\/utfpr.curitiba.br\/wp-content\/uploads\/sites\/30\/2024\/05\/1.png\" alt=\"\" class=\"wp-image-121\" srcset=\"https:\/\/utfpr-ct-static-content.s3.amazonaws.com\/utfpr.curitiba.br\/wp-content\/uploads\/sites\/30\/2024\/05\/1.png 500w, https:\/\/utfpr-ct-static-content.s3.amazonaws.com\/utfpr.curitiba.br\/wp-content\/uploads\/sites\/30\/2024\/05\/1-300x300.png 300w, https:\/\/utfpr-ct-static-content.s3.amazonaws.com\/utfpr.curitiba.br\/wp-content\/uploads\/sites\/30\/2024\/05\/1-150x150.png 150w\" sizes=\"(max-width: 500px) 100vw, 500px\" \/><\/figure>\n","protected":false},"excerpt":{"rendered":"<p>Seja bem vindo ao projeto de extens\u00e3o Acervo Sonoro de Obras Liter\u00e1rias. O projeto, coordenado pelo professor Gustavo Nishida, tem por objetivo produzir material liter\u00e1rio em \u00e1udio para auxiliar os estudos de estudantes cegos ou com baixa vis\u00e3o na Universidade &hellip; <a href=\"https:\/\/utfpr.curitiba.br\/acervosonoro\/\">Continue lendo <span class=\"meta-nav\">&rarr;<\/span><\/a><\/p>\n","protected":false},"author":12,"featured_media":0,"parent":0,"menu_order":0,"comment_status":"closed","ping_status":"closed","template":"","meta":{"footnotes":""},"class_list":["post-14","page","type-page","status-publish","hentry"],"_links":{"self":[{"href":"https:\/\/utfpr.curitiba.br\/acervosonoro\/wp-json\/wp\/v2\/pages\/14","targetHints":{"allow":["GET"]}}],"collection":[{"href":"https:\/\/utfpr.curitiba.br\/acervosonoro\/wp-json\/wp\/v2\/pages"}],"about":[{"href":"https:\/\/utfpr.curitiba.br\/acervosonoro\/wp-json\/wp\/v2\/types\/page"}],"author":[{"embeddable":true,"href":"https:\/\/utfpr.curitiba.br\/acervosonoro\/wp-json\/wp\/v2\/users\/12"}],"replies":[{"embeddable":true,"href":"https:\/\/utfpr.curitiba.br\/acervosonoro\/wp-json\/wp\/v2\/comments?post=14"}],"version-history":[{"count":8,"href":"https:\/\/utfpr.curitiba.br\/acervosonoro\/wp-json\/wp\/v2\/pages\/14\/revisions"}],"predecessor-version":[{"id":159,"href":"https:\/\/utfpr.curitiba.br\/acervosonoro\/wp-json\/wp\/v2\/pages\/14\/revisions\/159"}],"wp:attachment":[{"href":"https:\/\/utfpr.curitiba.br\/acervosonoro\/wp-json\/wp\/v2\/media?parent=14"}],"curies":[{"name":"wp","href":"https:\/\/api.w.org\/{rel}","templated":true}]}}